{"id":9989,"date":"2026-04-06T08:01:13","date_gmt":"2026-04-06T08:01:13","guid":{"rendered":"https:\/\/bridal-diamonds.com\/?post_type=product&#038;p=9989"},"modified":"2026-04-17T16:23:57","modified_gmt":"2026-04-17T16:23:57","slug":"1-carat-lab-grown-diamond-princess-cut-solitaire-engagement-ring-in-18k-gold-platinum","status":"publish","type":"product","link":"https:\/\/bridal-diamonds.com\/da\/vare\/1-carat-lab-grown-diamond-princess-cut-solitaire-engagement-ring-in-18k-gold-platinum\/","title":{"rendered":"1 Carat Lab-Vokset Diamond Princess Cut Kabale Engagement Ring i 18K Gul\/Hvid\/Rose Guld &amp; Platin"},"content":{"rendered":"<p>Fejre din k\u00e6rlighed med denne elegante <strong>1 carat prinsesse cut lab-vokset diamant solitaire engagement ring<\/strong>, designet til at vise enest\u00e5ende glans og moderne elegance. Prinsesse cut diamant har rene linjer og skarpe facetter, at skabe et moderne look med fremragende gnistre.<\/p>\n<p>Mesterligt udformet i <strong>18K gul guld, hvid guld, rose gold eller platin<\/strong>dette engagement ring kombinerer h\u00f8j-kvalitets materialer og med raffinerede h\u00e5ndv\u00e6rk. Den varme gl\u00f8d af guld, den lyse finish af hvide guld, den romantiske tone rosa guld, og holdbarheden af platinum giver dig mulighed for at v\u00e6lge den perfekte metal til din personlige stil.<\/p>\n<p>Den <strong>solitaire indstilling<\/strong> fremh\u00e6ver sk\u00f8nheden i center diamant, der giver maksimalt lys refleksion og glans. Hver lab-vokset diamant tilbyder de samme fysiske, kemiske og optiske egenskaber som en naturlig diamant, og samtidig sikrer en mere etisk og b\u00e6redygtigt alternativ.<\/p>\n<p>Perfekt til forslag og meningsfuld milep\u00e6le, dette <strong>prinsesse cut kabale engagement ring<\/strong> par smukt med bryllup bands og stacking ringe. Dens tidl\u00f8se design sikrer varig elegance og den daglige komfort.<\/p>","protected":false},"excerpt":{"rendered":"<p>Fejre din k\u00e6rlighed med denne elegante <strong>1 carat prinsesse cut lab-vokset diamant solitaire engagement ring<\/strong>, designet til at vise enest\u00e5ende glans og moderne elegance. Prinsesse cut diamant har rene linjer og skarpe facetter, at skabe et moderne look med fremragende gnistre.<\/p>","protected":false},"featured_media":9984,"comment_status":"open","ping_status":"closed","template":"","meta":[],"product_brand":[],"product_cat":[59],"product_tag":[],"class_list":{"0":"post-9989","1":"product","2":"type-product","3":"status-publish","4":"has-post-thumbnail","6":"product_cat-diamond-engagement-rings","8":"first","9":"instock","10":"shipping-taxable","11":"purchasable","12":"product-type-variable"},"aioseo_notices":[],"_links":{"self":[{"href":"https:\/\/bridal-diamonds.com\/da\/wp-json\/wp\/v2\/product\/9989","targetHints":{"allow":["GET"]}}],"collection":[{"href":"https:\/\/bridal-diamonds.com\/da\/wp-json\/wp\/v2\/product"}],"about":[{"href":"https:\/\/bridal-diamonds.com\/da\/wp-json\/wp\/v2\/types\/product"}],"replies":[{"embeddable":true,"href":"https:\/\/bridal-diamonds.com\/da\/wp-json\/wp\/v2\/comments?post=9989"}],"version-history":[{"count":3,"href":"https:\/\/bridal-diamonds.com\/da\/wp-json\/wp\/v2\/product\/9989\/revisions"}],"predecessor-version":[{"id":11236,"href":"https:\/\/bridal-diamonds.com\/da\/wp-json\/wp\/v2\/product\/9989\/revisions\/11236"}],"wp:featuredmedia":[{"embeddable":true,"href":"https:\/\/bridal-diamonds.com\/da\/wp-json\/wp\/v2\/media\/9984"}],"wp:attachment":[{"href":"https:\/\/bridal-diamonds.com\/da\/wp-json\/wp\/v2\/media?parent=9989"}],"wp:term":[{"taxonomy":"product_brand","embeddable":true,"href":"https:\/\/bridal-diamonds.com\/da\/wp-json\/wp\/v2\/product_brand?post=9989"},{"taxonomy":"product_cat","embeddable":true,"href":"https:\/\/bridal-diamonds.com\/da\/wp-json\/wp\/v2\/product_cat?post=9989"},{"taxonomy":"product_tag","embeddable":true,"href":"https:\/\/bridal-diamonds.com\/da\/wp-json\/wp\/v2\/product_tag?post=9989"}],"curies":[{"name":"wp","href":"https:\/\/api.w.org\/{rel}","templated":true}]}}