{"id":9959,"date":"2026-04-06T07:29:28","date_gmt":"2026-04-06T07:29:28","guid":{"rendered":"https:\/\/bridal-diamonds.com\/?post_type=product&#038;p=9959"},"modified":"2026-04-07T08:17:56","modified_gmt":"2026-04-07T08:17:56","slug":"1-48-carat-17-lab-grown-diamond-princess-cut-engagement-ring-in-18k-gold-platinum","status":"publish","type":"product","link":"https:\/\/bridal-diamonds.com\/da\/vare\/1-48-carat-17-lab-grown-diamond-princess-cut-engagement-ring-in-18k-gold-platinum\/","title":{"rendered":"1.48 Carat 17 Lab-Vokset Prinsesse Cut Diamant Engagement Ring i 18K Gul\/Hvid\/Rose Guld &amp; Platin"},"content":{"rendered":"<p>Fejre din k\u00e6rlighed med denne fantastiske <strong>1.48 carat prinsesse cut lab-vokset diamant engagement ring med 17 funklende diamanter<\/strong>, designet til at levere exceptionel glans og moderne elegance. Prinsesse cut center diamant giver et rent, moderne look med skarpe linjer og fremragende lys refleksion.<\/p>\n<p>Mesterligt udformet i <strong>18K gul guld, hvid guld, rose gold eller platin<\/strong>dette engagement ring kombinerer f\u00f8rsteklasses materialer og med raffinerede h\u00e5ndv\u00e6rk. Den varme tone af guld, den slanke lysstyrken i hvide guld, den romantiske blush rose guld, og holdbarheden af platinum giver dig mulighed for at v\u00e6lge den perfekte metal til din personlige stil.<\/p>\n<p>Hver <strong>lab-vokset diamant<\/strong> har samme fysiske, kemiske og optiske egenskaber som en naturlig diamant, der tilbyder identiske glans samtidig skabe en mere etisk og b\u00e6redygtigt alternativ. Den omhyggeligt indstillet side diamanter \u00f8ge den samlede gnistre, at skabe et luksuri\u00f8st og i\u00f8jnefaldende design.<\/p>\n<p>Perfekt til forslag, jubil\u00e6er, eller betydningsfulde milep\u00e6le, dette <strong>prinsesse cut engagement ring<\/strong> par smukt med bryllup bands og andre fine smykker. Dens tidl\u00f8se, men alligevel moderne design sikrer varig sk\u00f8nhed og elegance.<\/p>","protected":false},"excerpt":{"rendered":"<p>Fejre din k\u00e6rlighed med denne fantastiske <strong>1.48 carat prinsesse cut lab-vokset diamant engagement ring med 17 funklende diamanter<\/strong>, designet til at levere exceptionel glans og moderne elegance. Prinsesse cut center diamant giver et rent, moderne look med skarpe linjer og fremragende lys refleksion.<\/p>\n<p>BEM\u00c6RK: Samlede st\u00f8rrelse af alle Diamanter = 1.48 carat<\/p>","protected":false},"featured_media":9950,"comment_status":"open","ping_status":"closed","template":"","meta":[],"product_brand":[],"product_cat":[59],"product_tag":[],"class_list":{"0":"post-9959","1":"product","2":"type-product","3":"status-publish","4":"has-post-thumbnail","6":"product_cat-diamond-engagement-rings","8":"first","9":"instock","10":"shipping-taxable","11":"purchasable","12":"product-type-variable"},"aioseo_notices":[],"_links":{"self":[{"href":"https:\/\/bridal-diamonds.com\/da\/wp-json\/wp\/v2\/product\/9959","targetHints":{"allow":["GET"]}}],"collection":[{"href":"https:\/\/bridal-diamonds.com\/da\/wp-json\/wp\/v2\/product"}],"about":[{"href":"https:\/\/bridal-diamonds.com\/da\/wp-json\/wp\/v2\/types\/product"}],"replies":[{"embeddable":true,"href":"https:\/\/bridal-diamonds.com\/da\/wp-json\/wp\/v2\/comments?post=9959"}],"version-history":[{"count":1,"href":"https:\/\/bridal-diamonds.com\/da\/wp-json\/wp\/v2\/product\/9959\/revisions"}],"predecessor-version":[{"id":9964,"href":"https:\/\/bridal-diamonds.com\/da\/wp-json\/wp\/v2\/product\/9959\/revisions\/9964"}],"wp:featuredmedia":[{"embeddable":true,"href":"https:\/\/bridal-diamonds.com\/da\/wp-json\/wp\/v2\/media\/9950"}],"wp:attachment":[{"href":"https:\/\/bridal-diamonds.com\/da\/wp-json\/wp\/v2\/media?parent=9959"}],"wp:term":[{"taxonomy":"product_brand","embeddable":true,"href":"https:\/\/bridal-diamonds.com\/da\/wp-json\/wp\/v2\/product_brand?post=9959"},{"taxonomy":"product_cat","embeddable":true,"href":"https:\/\/bridal-diamonds.com\/da\/wp-json\/wp\/v2\/product_cat?post=9959"},{"taxonomy":"product_tag","embeddable":true,"href":"https:\/\/bridal-diamonds.com\/da\/wp-json\/wp\/v2\/product_tag?post=9959"}],"curies":[{"name":"wp","href":"https:\/\/api.w.org\/{rel}","templated":true}]}}