{"id":9929,"date":"2026-04-06T06:40:00","date_gmt":"2026-04-06T06:40:00","guid":{"rendered":"https:\/\/bridal-diamonds.com\/?post_type=product&#038;p=9929"},"modified":"2026-04-07T08:18:13","modified_gmt":"2026-04-07T08:18:13","slug":"1-72-carat-25-lab-grown-diamond-halo-engagement-ring-in-18k-gold-platinum","status":"publish","type":"product","link":"https:\/\/bridal-diamonds.com\/da\/vare\/1-72-carat-25-lab-grown-diamond-halo-engagement-ring-in-18k-gold-platinum\/","title":{"rendered":"1.72 Karat 25 Lab-Vokset Diamant Halo Engagement Ring i 18K Gul\/Hvid\/Rose Guld &amp; Platin"},"content":{"rendered":"<p>Fejre din k\u00e6rlighed med denne betagende <strong>1.72 karat lab-vokset diamant halo engagement ring med 25 funklende diamanter<\/strong>, designet til at levere exceptionel glans og luksuri\u00f8s elegance. Halo indstilling \u00f8ger den midterste sten, at skabe en st\u00f8rre, mere str\u00e5lende udseende med maksimal lysrefleksion.<\/p>\n<p>Mesterligt udformet i <strong>18K gul guld, hvid guld, rose gold eller platin<\/strong>dette engagement ring kombinerer f\u00f8rsteklasses materialer og med raffinerede h\u00e5ndv\u00e6rk. Den varme gl\u00f8d af guld, den slanke lysstyrken i hvide guld, den romantiske tone rosa guld, og holdbarheden af platinum giver dig mulighed for at v\u00e6lge den perfekte metal til din personlige stil.<\/p>\n<p>Hver <strong>lab-vokset diamant<\/strong> har samme fysiske, kemiske og optiske egenskaber som en naturlig diamant, og samtidig sikrer en mere etisk og b\u00e6redygtigt alternativ. Den omhyggeligt s\u00e6t diamanter maksimere gnistre, der producerer enest\u00e5ende glans og ilden fra enhver vinkel.<\/p>\n<p>Perfekt til forslag, m\u00e6rkedage eller s\u00e6rlige milep\u00e6le, dette <strong>halo diamant engagement ring<\/strong> par smukt med bryllup bands og andre fine smykker. Dens tidl\u00f8se, men alligevel moderne design sikrer varig sk\u00f8nhed, komfort og raffinement.<\/p>","protected":false},"excerpt":{"rendered":"<p>Fejre din k\u00e6rlighed med denne betagende <strong>1.72 karat lab-vokset diamant halo engagement ring med 25 funklende diamanter<\/strong>, designet til at levere exceptionel glans og luksuri\u00f8s elegance. Halo indstilling \u00f8ger den midterste sten, at skabe en st\u00f8rre, mere str\u00e5lende udseende med maksimal lysrefleksion.<\/p>\n<p>BEM\u00c6RK: Samlede st\u00f8rrelse af alle Diamanter = 1.72 karat<\/p>","protected":false},"featured_media":9914,"comment_status":"open","ping_status":"closed","template":"","meta":[],"product_brand":[],"product_cat":[59],"product_tag":[],"class_list":{"0":"post-9929","1":"product","2":"type-product","3":"status-publish","4":"has-post-thumbnail","6":"product_cat-diamond-engagement-rings","8":"first","9":"instock","10":"shipping-taxable","11":"purchasable","12":"product-type-variable"},"aioseo_notices":[],"_links":{"self":[{"href":"https:\/\/bridal-diamonds.com\/da\/wp-json\/wp\/v2\/product\/9929","targetHints":{"allow":["GET"]}}],"collection":[{"href":"https:\/\/bridal-diamonds.com\/da\/wp-json\/wp\/v2\/product"}],"about":[{"href":"https:\/\/bridal-diamonds.com\/da\/wp-json\/wp\/v2\/types\/product"}],"replies":[{"embeddable":true,"href":"https:\/\/bridal-diamonds.com\/da\/wp-json\/wp\/v2\/comments?post=9929"}],"version-history":[{"count":1,"href":"https:\/\/bridal-diamonds.com\/da\/wp-json\/wp\/v2\/product\/9929\/revisions"}],"predecessor-version":[{"id":9934,"href":"https:\/\/bridal-diamonds.com\/da\/wp-json\/wp\/v2\/product\/9929\/revisions\/9934"}],"wp:featuredmedia":[{"embeddable":true,"href":"https:\/\/bridal-diamonds.com\/da\/wp-json\/wp\/v2\/media\/9914"}],"wp:attachment":[{"href":"https:\/\/bridal-diamonds.com\/da\/wp-json\/wp\/v2\/media?parent=9929"}],"wp:term":[{"taxonomy":"product_brand","embeddable":true,"href":"https:\/\/bridal-diamonds.com\/da\/wp-json\/wp\/v2\/product_brand?post=9929"},{"taxonomy":"product_cat","embeddable":true,"href":"https:\/\/bridal-diamonds.com\/da\/wp-json\/wp\/v2\/product_cat?post=9929"},{"taxonomy":"product_tag","embeddable":true,"href":"https:\/\/bridal-diamonds.com\/da\/wp-json\/wp\/v2\/product_tag?post=9929"}],"curies":[{"name":"wp","href":"https:\/\/api.w.org\/{rel}","templated":true}]}}