{"id":9800,"date":"2026-03-13T04:01:03","date_gmt":"2026-03-13T04:01:03","guid":{"rendered":"https:\/\/bridal-diamonds.com\/?post_type=product&#038;p=9800"},"modified":"2026-04-01T18:01:44","modified_gmt":"2026-04-01T18:01:44","slug":"0-25-carat-lab-grown-diamond-wedding-ring-in-18k-gold","status":"publish","type":"product","link":"https:\/\/bridal-diamonds.com\/da\/vare\/0-25-carat-lab-grown-diamond-wedding-ring-in-18k-gold\/","title":{"rendered":"0.25 Carat Lab-Vokset Diamant Ring i 18K Gul\/Hvid\/Rose Guld &amp; Platin"},"content":{"rendered":"<p>Fejre tidl\u00f8s elegance med denne smukke <strong>0.25 carat lab-vokset diamant ring<\/strong>, designet til at levere raffineret gnistre og sofistikeret stil. Den omhyggeligt s\u00e6t diamanter skabe en delikat r\u00e6kke af genialitet p\u00e5 tv\u00e6rs af bandet, der tilbyder en perfekt balance mellem elegance og den daglige komfort.<\/p>\n<p>Mesterligt udformet i <strong>18K gul guld, hvid guld, rose gold eller platin<\/strong>dette vielsesring kombinerer luksuri\u00f8se materialer med s\u00e6rlige h\u00e5ndv\u00e6rk. De rige farver af 18K guld giver en pr\u00e6mie finish, mens platinum giver enest\u00e5ende holdbarhed og et naturligt lyse, hvide udseende.<\/p>\n<p>Hver <strong>lab-vokset diamant<\/strong> har samme fysiske, kemiske og optiske egenskaber som en naturlig diamant, samtidig med at tilbyde en mere b\u00e6redygtig og etisk alternativ. Den netop sat diamanter maksimere lys refleksion, der producerer smukke glans og brand.<\/p>\n<p>Perfekt som en <strong>bryllup band, stabling ring, eller jubil\u00e6um ring<\/strong>dette elegante diamant band par smukt med forlovelsesringe og andre fine smykker stykker. Dens tidl\u00f8se design g\u00f8r det til et ideelt symbol p\u00e5 varig k\u00e6rlighed og engagement.<\/p>\n<p>Dette <strong>0.25 carat diamant ring<\/strong> kombinerer moderne b\u00e6redygtighed, ekstraordin\u00e6re h\u00e5ndv\u00e6rk og klassisk sk\u00f8nhed for en virkelig elegant stykke af smykker.<\/p>","protected":false},"excerpt":{"rendered":"<p>Fejre tidl\u00f8s elegance med denne smukke <strong>0.25 carat lab-vokset diamant ring<\/strong>, designet til at levere raffineret gnistre og sofistikeret stil. Den omhyggeligt s\u00e6t diamanter skabe en delikat r\u00e6kke af genialitet p\u00e5 tv\u00e6rs af bandet, der tilbyder en perfekt balance mellem elegance og den daglige komfort.<\/p>","protected":false},"featured_media":9805,"comment_status":"open","ping_status":"closed","template":"","meta":[],"product_brand":[],"product_cat":[46],"product_tag":[],"class_list":{"0":"post-9800","1":"product","2":"type-product","3":"status-publish","4":"has-post-thumbnail","6":"product_cat-diamond-wedding-rings","8":"first","9":"instock","10":"shipping-taxable","11":"purchasable","12":"product-type-variable"},"aioseo_notices":[],"_links":{"self":[{"href":"https:\/\/bridal-diamonds.com\/da\/wp-json\/wp\/v2\/product\/9800","targetHints":{"allow":["GET"]}}],"collection":[{"href":"https:\/\/bridal-diamonds.com\/da\/wp-json\/wp\/v2\/product"}],"about":[{"href":"https:\/\/bridal-diamonds.com\/da\/wp-json\/wp\/v2\/types\/product"}],"replies":[{"embeddable":true,"href":"https:\/\/bridal-diamonds.com\/da\/wp-json\/wp\/v2\/comments?post=9800"}],"version-history":[{"count":2,"href":"https:\/\/bridal-diamonds.com\/da\/wp-json\/wp\/v2\/product\/9800\/revisions"}],"predecessor-version":[{"id":9864,"href":"https:\/\/bridal-diamonds.com\/da\/wp-json\/wp\/v2\/product\/9800\/revisions\/9864"}],"wp:featuredmedia":[{"embeddable":true,"href":"https:\/\/bridal-diamonds.com\/da\/wp-json\/wp\/v2\/media\/9805"}],"wp:attachment":[{"href":"https:\/\/bridal-diamonds.com\/da\/wp-json\/wp\/v2\/media?parent=9800"}],"wp:term":[{"taxonomy":"product_brand","embeddable":true,"href":"https:\/\/bridal-diamonds.com\/da\/wp-json\/wp\/v2\/product_brand?post=9800"},{"taxonomy":"product_cat","embeddable":true,"href":"https:\/\/bridal-diamonds.com\/da\/wp-json\/wp\/v2\/product_cat?post=9800"},{"taxonomy":"product_tag","embeddable":true,"href":"https:\/\/bridal-diamonds.com\/da\/wp-json\/wp\/v2\/product_tag?post=9800"}],"curies":[{"name":"wp","href":"https:\/\/api.w.org\/{rel}","templated":true}]}}