{"id":9595,"date":"2026-03-06T02:55:41","date_gmt":"2026-03-06T02:55:41","guid":{"rendered":"https:\/\/bridal-diamonds.com\/?post_type=product&#038;p=9595"},"modified":"2026-04-01T17:29:23","modified_gmt":"2026-04-01T17:29:23","slug":"0-50-carat-lab-grown-diamond-solitaire-wedding-ring-in-14k-gold","status":"publish","type":"product","link":"https:\/\/bridal-diamonds.com\/da\/vare\/0-50-carat-lab-grown-diamond-solitaire-wedding-ring-in-14k-gold\/","title":{"rendered":"0.50 Carat Lab-Vokset Diamant Solitaire Ring i 14K Gul\/Hvid\/Rose Guld &amp; Platin"},"content":{"rendered":"<p>Fejre tidl\u00f8s elegance med denne smukke 0.50 carat lab-vokset diamant solitaire ring. Designet til at fremh\u00e6ve den glans af en enkelt funklende diamant solitaire indstilling tilbyder en ren og sofistikeret look, der aldrig g\u00e5r ud af stil.<\/p>\n<p>Mesterligt udformet i dit valg af 14K gul guld, hvid guld, rose gold eller platin, denne diamant ring kombinerer klassisk design med holdbarhed. Den varme gl\u00f8d af guld, den moderne glans af hvide guld, den romantiske tone rosa guld, og den pr\u00e6mie, styrken af platinum giver dig mulighed for at v\u00e6lge den perfekte metal til din personlige stil.<\/p>\n<p>Center lab-vokset diamant tilbyder de samme fysiske, kemiske og optiske egenskaber som udvindes diamant, og samtidig sikrer en mere etisk og milj\u00f8m\u00e6ssigt ansvarligt alternativ. Dens str\u00e5lende cut maksimerer lys refleksion, at levere enest\u00e5ende gnistre og brand.<\/p>\n<p>Perfekt som en vielsesring, jubil\u00e6um ring, eller elegant stabling ring, denne 0.50 carat kabale diamant ring par smukt med forlovelsesringe og andre bands. Dens tidl\u00f8se design sikrer varig sk\u00f8nhed og den daglige komfort.<\/p>\n<p>Uanset om du s\u00f8ger efter en lab-vokset diamant ring, en kabale diamant band, eller en klassisk guld eller platin diamond ring, denne elegante stykke tilbyder enest\u00e5ende glans og raffineret h\u00e5ndv\u00e6rk.<\/p>","protected":false},"excerpt":{"rendered":"<p>Fejre tidl\u00f8s elegance med denne smukke 0.50 carat lab-vokset diamant solitaire ring. Designet til at fremh\u00e6ve den glans af en enkelt funklende diamant solitaire indstilling tilbyder en ren og sofistikeret look, der aldrig g\u00e5r ud af stil.<\/p>","protected":false},"featured_media":9598,"comment_status":"open","ping_status":"closed","template":"","meta":[],"product_brand":[],"product_cat":[46],"product_tag":[],"class_list":{"0":"post-9595","1":"product","2":"type-product","3":"status-publish","4":"has-post-thumbnail","6":"product_cat-diamond-wedding-rings","8":"first","9":"instock","10":"shipping-taxable","11":"purchasable","12":"product-type-variable"},"aioseo_notices":[],"_links":{"self":[{"href":"https:\/\/bridal-diamonds.com\/da\/wp-json\/wp\/v2\/product\/9595","targetHints":{"allow":["GET"]}}],"collection":[{"href":"https:\/\/bridal-diamonds.com\/da\/wp-json\/wp\/v2\/product"}],"about":[{"href":"https:\/\/bridal-diamonds.com\/da\/wp-json\/wp\/v2\/types\/product"}],"replies":[{"embeddable":true,"href":"https:\/\/bridal-diamonds.com\/da\/wp-json\/wp\/v2\/comments?post=9595"}],"version-history":[{"count":1,"href":"https:\/\/bridal-diamonds.com\/da\/wp-json\/wp\/v2\/product\/9595\/revisions"}],"predecessor-version":[{"id":9618,"href":"https:\/\/bridal-diamonds.com\/da\/wp-json\/wp\/v2\/product\/9595\/revisions\/9618"}],"wp:featuredmedia":[{"embeddable":true,"href":"https:\/\/bridal-diamonds.com\/da\/wp-json\/wp\/v2\/media\/9598"}],"wp:attachment":[{"href":"https:\/\/bridal-diamonds.com\/da\/wp-json\/wp\/v2\/media?parent=9595"}],"wp:term":[{"taxonomy":"product_brand","embeddable":true,"href":"https:\/\/bridal-diamonds.com\/da\/wp-json\/wp\/v2\/product_brand?post=9595"},{"taxonomy":"product_cat","embeddable":true,"href":"https:\/\/bridal-diamonds.com\/da\/wp-json\/wp\/v2\/product_cat?post=9595"},{"taxonomy":"product_tag","embeddable":true,"href":"https:\/\/bridal-diamonds.com\/da\/wp-json\/wp\/v2\/product_tag?post=9595"}],"curies":[{"name":"wp","href":"https:\/\/api.w.org\/{rel}","templated":true}]}}