{"id":9589,"date":"2026-03-06T02:28:04","date_gmt":"2026-03-06T02:28:04","guid":{"rendered":"https:\/\/bridal-diamonds.com\/?post_type=product&#038;p=9589"},"modified":"2026-04-01T16:48:13","modified_gmt":"2026-04-01T16:48:13","slug":"0-50-carat-5-stone-lab-grown-diamond-wedding-ring-in-18k-gold","status":"publish","type":"product","link":"https:\/\/bridal-diamonds.com\/da\/vare\/0-50-carat-5-stone-lab-grown-diamond-wedding-ring-in-18k-gold\/","title":{"rendered":"0.50 Carat 5 Sten Lab-Vokset Diamant Ring i 18K Gul\/Hvid\/Rose Guld &amp; Platin"},"content":{"rendered":"<p>Fejre tidl\u00f8s elegance med denne raffinerede <strong>0.50 carat 5 sten lab-vokset diamant ring<\/strong>smukt udformet til at symbolisere varig k\u00e6rlighed og engagement. Med <strong>fem fremragende runde lab-vokset diamanter p\u00e5 i alt 0.50 carat<\/strong>dette elegante bryllup band leverer exceptionel gnist og en afbalanceret, klassisk design, der aldrig g\u00e5r ud af stil.<\/p>\n<p>Hver diamant er n\u00f8je udvalgt for sin glans og klarhed, skaber en fantastisk r\u00e6kke af perfekt afstemt sten, der reflekterer lys fra alle vinkler. Den <strong>fem sten diamant design<\/strong> er rig p\u00e5 betydning, ofte repr\u00e6senterer fortiden, nutiden, og fremtiden for dit forhold, der g\u00f8r denne ring til et meningsfuldt valg, til bryllupper, m\u00e6rkedage eller s\u00e6rlige milep\u00e6le.<\/p>\n<p>Mesterligt udformet i <strong>luksuri\u00f8se 18K guld<\/strong>denne ring er til r\u00e5dighed i <strong>18K Gul Guld, Hvid Guld, Rose Gold eller Platin<\/strong>, s\u00e5 du kan v\u00e6lge det perfekte metal til at matche dit engagement ring eller personlige stil. Den glat, poleret band sikrer en komfortabel pasform til hverdagsbrug, mens de sikkert for indstilling holder hver diamant smukt placeret for maksimal glans.<\/p>\n<p><strong>Lab-vokset diamanter<\/strong> tilbyde den samme sk\u00f8nhed, h\u00e5rdhed, og gnist, som minerede diamanter og samtidig v\u00e6re en mere b\u00e6redygtige og etiske valg. De er kemisk, fysisk og optisk der er identiske med naturlige diamanter, hvilket g\u00f8r dem til en stadig mere popul\u00e6rt valg for moderne par.<\/p>\n<p>Dette <strong>fem sten lab-vokset diamant bryllup band<\/strong> er perfekt som en <strong>ring, jubil\u00e6um ring, stabling ring, eller elegant hverdagen diamant band<\/strong>. Dens tidl\u00f8se stil par smukt med kabale engagement ringe, eller kan b\u00e6res alene som et sofistikeret statement piece.<\/p>\n<p>Designet til varig sk\u00f8nhed og glans, dette <strong>0.50 carat diamant ring i 18K guld eller platin<\/strong> er et tidl\u00f8st symbol p\u00e5 k\u00e6rlighed, der vil skinne i generationer.<\/p>","protected":false},"excerpt":{"rendered":"<p>Fejre tidl\u00f8s elegance med denne raffinerede <strong>0.50 carat 5 sten lab-vokset diamant ring<\/strong>smukt udformet til at symbolisere varig k\u00e6rlighed og engagement. Med <strong>fem fremragende runde lab-vokset diamanter p\u00e5 i alt 0.50 carat<\/strong>dette elegante bryllup band leverer exceptionel gnist og en afbalanceret, klassisk design, der aldrig g\u00e5r ud af stil.<\/p>\n<p>BEM\u00c6RK: Samlede st\u00f8rrelse af alle 5 Diamanter = 0.50 carat<\/p>","protected":false},"featured_media":9577,"comment_status":"open","ping_status":"closed","template":"","meta":[],"product_brand":[],"product_cat":[46],"product_tag":[],"class_list":{"0":"post-9589","1":"product","2":"type-product","3":"status-publish","4":"has-post-thumbnail","6":"product_cat-diamond-wedding-rings","8":"first","9":"instock","10":"shipping-taxable","11":"purchasable","12":"product-type-variable"},"aioseo_notices":[],"_links":{"self":[{"href":"https:\/\/bridal-diamonds.com\/da\/wp-json\/wp\/v2\/product\/9589","targetHints":{"allow":["GET"]}}],"collection":[{"href":"https:\/\/bridal-diamonds.com\/da\/wp-json\/wp\/v2\/product"}],"about":[{"href":"https:\/\/bridal-diamonds.com\/da\/wp-json\/wp\/v2\/types\/product"}],"replies":[{"embeddable":true,"href":"https:\/\/bridal-diamonds.com\/da\/wp-json\/wp\/v2\/comments?post=9589"}],"version-history":[{"count":2,"href":"https:\/\/bridal-diamonds.com\/da\/wp-json\/wp\/v2\/product\/9589\/revisions"}],"predecessor-version":[{"id":10050,"href":"https:\/\/bridal-diamonds.com\/da\/wp-json\/wp\/v2\/product\/9589\/revisions\/10050"}],"wp:featuredmedia":[{"embeddable":true,"href":"https:\/\/bridal-diamonds.com\/da\/wp-json\/wp\/v2\/media\/9577"}],"wp:attachment":[{"href":"https:\/\/bridal-diamonds.com\/da\/wp-json\/wp\/v2\/media?parent=9589"}],"wp:term":[{"taxonomy":"product_brand","embeddable":true,"href":"https:\/\/bridal-diamonds.com\/da\/wp-json\/wp\/v2\/product_brand?post=9589"},{"taxonomy":"product_cat","embeddable":true,"href":"https:\/\/bridal-diamonds.com\/da\/wp-json\/wp\/v2\/product_cat?post=9589"},{"taxonomy":"product_tag","embeddable":true,"href":"https:\/\/bridal-diamonds.com\/da\/wp-json\/wp\/v2\/product_tag?post=9589"}],"curies":[{"name":"wp","href":"https:\/\/api.w.org\/{rel}","templated":true}]}}