{"id":9559,"date":"2026-03-04T18:25:47","date_gmt":"2026-03-04T18:25:47","guid":{"rendered":"https:\/\/bridal-diamonds.com\/?post_type=product&#038;p=9559"},"modified":"2026-04-01T15:21:26","modified_gmt":"2026-04-01T15:21:26","slug":"9-stone-lab-grown-diamond-wedding-ring-in-14k-gold","status":"publish","type":"product","link":"https:\/\/bridal-diamonds.com\/da\/vare\/9-stone-lab-grown-diamond-wedding-ring-in-14k-gold\/","title":{"rendered":"9 Sten Lab-Vokset Diamant Ring i 14K Gul\/Hvid\/Rose Guld &amp; Platin"},"content":{"rendered":"<p>Fejre din k\u00e6rlighed med denne elegante 9 sten diamant 14K Guld platin vielsesring, designet til at levere tidl\u00f8s elegance og sofistikeret stil. Med ni n\u00f8je udvalgte funklende diamanter, denne smukke bryllup band skaber en afbalanceret r\u00e6kke af genialitet, der symboliserer varigt engagement og f\u00e6lles minder.<\/p>\n<p>Mesterligt udformet i dit valg af 14K gul guld, hvid guld, rose gold eller platin, denne ring har b\u00e5de alsidighed og varig kvalitet. Den varme rigdom af guld, den slanke, moderne udseende af hvide guld, den romantiske blush rose guld, og holdbarheden af platinum giver dig mulighed for at v\u00e6lge den perfekte metal til at matche din personlige stil.<\/p>\n<p>Den ni-sten-design er et popul\u00e6rt valg for vielsesringe, fordi det giver kontinuerlig gnistre og samtidig opretholde en elegant og raffineret udseende. Hver diamant er korrekt indstillet til at maksimere lys refleksion, der skaber enest\u00e5ende glans fra alle vinkler.<\/p>\n<p>Perfekt som et bryllup band, jubil\u00e6um ring, eller stabling ring, denne 9 diamant ring smukt par med forlovelsesringe og andre bands. Dens tidl\u00f8se design sikrer, at det fortsat vil v\u00e6re elegant og meningsfuld for de kommende \u00e5r.<\/p>\n<p>Uanset om du s\u00f8ger efter en diamant bryllup band, en multi-sten diamant ring, eller en 14K guld eller platin vielsesring dette elegante stykke tilbyder varig sk\u00f8nhed, raffineret h\u00e5ndv\u00e6rk, og fantastiske piger.<\/p>","protected":false},"excerpt":{"rendered":"<p>Fejre din k\u00e6rlighed med denne elegante 9 sten diamant 14K Guld platin vielsesring, designet til at levere tidl\u00f8s elegance og sofistikeret stil. Med ni n\u00f8je udvalgte funklende diamanter, denne smukke bryllup band skaber en afbalanceret r\u00e6kke af genialitet, der symboliserer varigt engagement og f\u00e6lles minder.<\/p>\n<p><strong>BEM\u00c6RK:<\/strong> Samlet st\u00f8rrelse p\u00e5 9 Diamanter = 1 carat<\/p>","protected":false},"featured_media":9546,"comment_status":"open","ping_status":"closed","template":"","meta":[],"product_brand":[],"product_cat":[46],"product_tag":[],"class_list":{"0":"post-9559","1":"product","2":"type-product","3":"status-publish","4":"has-post-thumbnail","6":"product_cat-diamond-wedding-rings","8":"first","9":"instock","10":"shipping-taxable","11":"purchasable","12":"product-type-variable"},"aioseo_notices":[],"_links":{"self":[{"href":"https:\/\/bridal-diamonds.com\/da\/wp-json\/wp\/v2\/product\/9559","targetHints":{"allow":["GET"]}}],"collection":[{"href":"https:\/\/bridal-diamonds.com\/da\/wp-json\/wp\/v2\/product"}],"about":[{"href":"https:\/\/bridal-diamonds.com\/da\/wp-json\/wp\/v2\/types\/product"}],"replies":[{"embeddable":true,"href":"https:\/\/bridal-diamonds.com\/da\/wp-json\/wp\/v2\/comments?post=9559"}],"version-history":[{"count":2,"href":"https:\/\/bridal-diamonds.com\/da\/wp-json\/wp\/v2\/product\/9559\/revisions"}],"predecessor-version":[{"id":10155,"href":"https:\/\/bridal-diamonds.com\/da\/wp-json\/wp\/v2\/product\/9559\/revisions\/10155"}],"wp:featuredmedia":[{"embeddable":true,"href":"https:\/\/bridal-diamonds.com\/da\/wp-json\/wp\/v2\/media\/9546"}],"wp:attachment":[{"href":"https:\/\/bridal-diamonds.com\/da\/wp-json\/wp\/v2\/media?parent=9559"}],"wp:term":[{"taxonomy":"product_brand","embeddable":true,"href":"https:\/\/bridal-diamonds.com\/da\/wp-json\/wp\/v2\/product_brand?post=9559"},{"taxonomy":"product_cat","embeddable":true,"href":"https:\/\/bridal-diamonds.com\/da\/wp-json\/wp\/v2\/product_cat?post=9559"},{"taxonomy":"product_tag","embeddable":true,"href":"https:\/\/bridal-diamonds.com\/da\/wp-json\/wp\/v2\/product_tag?post=9559"}],"curies":[{"name":"wp","href":"https:\/\/api.w.org\/{rel}","templated":true}]}}