{"id":9529,"date":"2026-03-04T01:37:59","date_gmt":"2026-03-04T01:37:59","guid":{"rendered":"https:\/\/bridal-diamonds.com\/?post_type=product&#038;p=9529"},"modified":"2026-04-01T08:11:08","modified_gmt":"2026-04-01T08:11:08","slug":"full-eternity-1-carat-lab-grown-diamond-wedding-ring-in-18k-gold-platinum","status":"publish","type":"product","link":"https:\/\/bridal-diamonds.com\/da\/vare\/full-eternity-1-carat-lab-grown-diamond-wedding-ring-in-18k-gold-platinum\/","title":{"rendered":"Fuld Evighed 1 Carat Lab-vokset Diamant Ring i 18K Gul\/Hvid\/Rose Guld &amp; Platin"},"content":{"rendered":"<p>Fejre evig k\u00e6rlighed med denne elegante fuld evighed lab-vokset diamant ring, med en total p\u00e5 1 carat i str\u00e5lende diamanter sat l\u00f8bende omkring bandet. Designet til at symbolisere uendelig engagement, fuld evighed stil leverer uafbrudt gnistre fra alle vinkler.<\/p>\n<p>Mesterligt udformet i dit valg af premium-18K gul guld, hvid guld, rose gold eller platin, denne diamant bryllup band kombinerer tidl\u00f8s sk\u00f8nhed med hverdagens holdbarhed. Den omhyggeligt matchet diamanter er indstillet til at maksimere lys refleksion, der skaber en raffineret og luksuri\u00f8se look, der kl\u00e6der ethvert engagement ring.<\/p>\n<p>Den fulde evighed design er et af de mest eftertragtede vielsesring stilarter, elsket for sin komplet cirkel af diamanter, der repr\u00e6senterer det evige k\u00e6rlighed. Hvorvidt slidt alene, parret med en forlovelsesring, eller stables med andre bands, denne ring har et enest\u00e5ende alsidighed og elegance.<\/p>\n<p>Perfekt til bryllupper, jubil\u00e6er, eller milep\u00e6l fester, denne 1 carat lab-vokset diamant eternity ring giver et sofistikeret balance af glans og komfort. Den klassiske, men alligevel moderne appel g\u00f8r det til et ideelt valg for brides, der s\u00f8ger varig gnistre og meningsfuld symbolik.<\/p>\n<p>Uanset om du s\u00f8ger efter en fuld evighed bryllup band, en 18K guld lab-vokset diamant ring, eller en platin eternity ring, dette stykke leverer ekstraordin\u00e6re h\u00e5ndv\u00e6rk, kontinuerlig glans, og tidl\u00f8s luksus.<\/p>","protected":false},"excerpt":{"rendered":"<p>Fejre evig k\u00e6rlighed med denne elegante fuld evighed lab-vokset diamant ring, med en total p\u00e5 1 carat i str\u00e5lende lab-vokset diamanter sat l\u00f8bende omkring bandet. Designet til at symbolisere uendelig engagement, fuld evighed stil leverer uafbrudt gnistre fra alle vinkler.<\/p>\n<p><strong>BEM\u00c6RK:<\/strong> Samlet st\u00f8rrelse af alle Diamanter = 1 carat<\/p>","protected":false},"featured_media":9516,"comment_status":"open","ping_status":"closed","template":"","meta":[],"product_brand":[],"product_cat":[46],"product_tag":[],"class_list":{"0":"post-9529","1":"product","2":"type-product","3":"status-publish","4":"has-post-thumbnail","6":"product_cat-diamond-wedding-rings","8":"first","9":"instock","10":"shipping-taxable","11":"purchasable","12":"product-type-variable"},"aioseo_notices":[],"_links":{"self":[{"href":"https:\/\/bridal-diamonds.com\/da\/wp-json\/wp\/v2\/product\/9529","targetHints":{"allow":["GET"]}}],"collection":[{"href":"https:\/\/bridal-diamonds.com\/da\/wp-json\/wp\/v2\/product"}],"about":[{"href":"https:\/\/bridal-diamonds.com\/da\/wp-json\/wp\/v2\/types\/product"}],"replies":[{"embeddable":true,"href":"https:\/\/bridal-diamonds.com\/da\/wp-json\/wp\/v2\/comments?post=9529"}],"version-history":[{"count":3,"href":"https:\/\/bridal-diamonds.com\/da\/wp-json\/wp\/v2\/product\/9529\/revisions"}],"predecessor-version":[{"id":10455,"href":"https:\/\/bridal-diamonds.com\/da\/wp-json\/wp\/v2\/product\/9529\/revisions\/10455"}],"wp:featuredmedia":[{"embeddable":true,"href":"https:\/\/bridal-diamonds.com\/da\/wp-json\/wp\/v2\/media\/9516"}],"wp:attachment":[{"href":"https:\/\/bridal-diamonds.com\/da\/wp-json\/wp\/v2\/media?parent=9529"}],"wp:term":[{"taxonomy":"product_brand","embeddable":true,"href":"https:\/\/bridal-diamonds.com\/da\/wp-json\/wp\/v2\/product_brand?post=9529"},{"taxonomy":"product_cat","embeddable":true,"href":"https:\/\/bridal-diamonds.com\/da\/wp-json\/wp\/v2\/product_cat?post=9529"},{"taxonomy":"product_tag","embeddable":true,"href":"https:\/\/bridal-diamonds.com\/da\/wp-json\/wp\/v2\/product_tag?post=9529"}],"curies":[{"name":"wp","href":"https:\/\/api.w.org\/{rel}","templated":true}]}}