{"id":9475,"date":"2026-04-06T01:06:14","date_gmt":"2026-04-06T01:06:14","guid":{"rendered":"https:\/\/bridal-diamonds.com\/?post_type=product&#038;p=9475"},"modified":"2026-04-07T08:18:59","modified_gmt":"2026-04-07T08:18:59","slug":"solitaire-0-50-carat-diamond-engagement-ring-in-18k-gold","status":"publish","type":"product","link":"https:\/\/bridal-diamonds.com\/da\/vare\/solitaire-0-50-carat-diamond-engagement-ring-in-18k-gold\/","title":{"rendered":"Solitaire 0.50 Carat Lab-Vokset Diamant Engagement Ring i 18K Gul\/Hvid\/Rose Guld &amp; Platin"},"content":{"rendered":"<p>Fejre tidl\u00f8s elegance med denne klassiske 0.50 carat solitaire diamant engagement ring i 18K Guld og Platin, der er designet til at fremvise ren genialitet og forfinede enkelhed. Med en smukt udsk\u00e5ret center diamant, denne ring fremh\u00e6ver stenens naturlige brand og gnistre i en ren, sofistikerede omgivelser.<\/p>\n<p>Mesterligt udformet i dit valg af 18K gul guld, hvid guld, rose gold eller platin, denne kabale forlovelsesring tilbyder enest\u00e5ende alsidighed og varig kvalitet. Den varme gl\u00f8d af guld, den moderne lysstyrken i hvide guld, den romantiske tone rosa guld, og den pr\u00e6mie, holdbarhed af platin giver dig mulighed for at v\u00e6lge den perfekte metal til at matche din personlige stil.<\/p>\n<p>Solitaire indstilling forbliver en af de mest popul\u00e6re engagement ring stilarter, elsket for sin tidl\u00f8se appel og evne til at maksimere center diamantens glans. Designet til b\u00e5de hverdag komfort og livslang b\u00e6re denne ring par ubesv\u00e6ret med bryllup bands og stacking ringe.<\/p>\n<p>Perfekt til forslag, jubil\u00e6er, eller betydningsfulde milep\u00e6le, denne halv karat diamant engagement ring leverer underspillet luksus og varig sk\u00f8nhed. Uanset om du s\u00f8ger efter en klassisk kabale forlovelsesring eller en raffineret diamant ring i guld eller platin, dette stykke tilbyder s\u00e6rlige gnist og tidl\u00f8s elegance<\/p>","protected":false},"excerpt":{"rendered":"<p>Fejre tidl\u00f8s elegance med denne klassiske 0.50 carat solitaire diamant engagement ring i 18K Guld og Platin, der er designet til at fremvise ren genialitet og forfinede enkelhed. Med en smukt udsk\u00e5ret center diamant, denne ring fremh\u00e6ver stenens naturlige brand og gnistre i en ren, sofistikerede omgivelser.<\/p>","protected":false},"featured_media":9482,"comment_status":"open","ping_status":"closed","template":"","meta":[],"product_brand":[],"product_cat":[59],"product_tag":[],"class_list":{"0":"post-9475","1":"product","2":"type-product","3":"status-publish","4":"has-post-thumbnail","6":"product_cat-diamond-engagement-rings","8":"first","9":"instock","10":"shipping-taxable","11":"purchasable","12":"product-type-variable"},"aioseo_notices":[],"_links":{"self":[{"href":"https:\/\/bridal-diamonds.com\/da\/wp-json\/wp\/v2\/product\/9475","targetHints":{"allow":["GET"]}}],"collection":[{"href":"https:\/\/bridal-diamonds.com\/da\/wp-json\/wp\/v2\/product"}],"about":[{"href":"https:\/\/bridal-diamonds.com\/da\/wp-json\/wp\/v2\/types\/product"}],"replies":[{"embeddable":true,"href":"https:\/\/bridal-diamonds.com\/da\/wp-json\/wp\/v2\/comments?post=9475"}],"version-history":[{"count":3,"href":"https:\/\/bridal-diamonds.com\/da\/wp-json\/wp\/v2\/product\/9475\/revisions"}],"predecessor-version":[{"id":10440,"href":"https:\/\/bridal-diamonds.com\/da\/wp-json\/wp\/v2\/product\/9475\/revisions\/10440"}],"wp:featuredmedia":[{"embeddable":true,"href":"https:\/\/bridal-diamonds.com\/da\/wp-json\/wp\/v2\/media\/9482"}],"wp:attachment":[{"href":"https:\/\/bridal-diamonds.com\/da\/wp-json\/wp\/v2\/media?parent=9475"}],"wp:term":[{"taxonomy":"product_brand","embeddable":true,"href":"https:\/\/bridal-diamonds.com\/da\/wp-json\/wp\/v2\/product_brand?post=9475"},{"taxonomy":"product_cat","embeddable":true,"href":"https:\/\/bridal-diamonds.com\/da\/wp-json\/wp\/v2\/product_cat?post=9475"},{"taxonomy":"product_tag","embeddable":true,"href":"https:\/\/bridal-diamonds.com\/da\/wp-json\/wp\/v2\/product_tag?post=9475"}],"curies":[{"name":"wp","href":"https:\/\/api.w.org\/{rel}","templated":true}]}}