{"id":9434,"date":"2026-04-06T09:40:12","date_gmt":"2026-04-06T09:40:12","guid":{"rendered":"https:\/\/bridal-diamonds.com\/?post_type=product&#038;p=9434"},"modified":"2026-04-07T08:19:51","modified_gmt":"2026-04-07T08:19:51","slug":"6-stone-lab-grown-diamond-engagement-ring-in-14k-gold","status":"publish","type":"product","link":"https:\/\/bridal-diamonds.com\/da\/vare\/6-stone-lab-grown-diamond-engagement-ring-in-14k-gold\/","title":{"rendered":"6 Sten Lab-Vokset Diamant Engagement Ring i 14K Gul\/Hvid\/Rose Gold eller Platinum"},"content":{"rendered":"<p>Fejre din k\u00e6rlighedshistorie med dette elegante 6 sten lab-vokset diamant engagement ring, der er designet til at levere fremragende glitrer og tidl\u00f8s elegance. Med seks omhyggeligt matchet lab-oprettet diamanter, denne ring skaber konstant lys ydeevne p\u00e5 tv\u00e6rs af bandet, og samtidig opretholde en raffineret og afbalanceret udseende.<\/p>\n<p>Mesterligt udformet i dit valg af 14K gul guld, hvid guld, rose gold eller platin, at dette engagement ring byder p\u00e5 b\u00e5de sk\u00f8nhed og holdbarhed til hverdagsbrug. Den 14K guld sammens\u00e6tning giver fremragende styrke og varig glans, mens platin har en naturlig hvid, premium f\u00e6rdig.<\/p>\n<p>Hver lab-vokset diamond har de samme fysiske, kemiske og optiske egenskaber som minerede diamanter, hvilket g\u00f8r denne ring har et etisk og milj\u00f8m\u00e6ssigt ansvarligt valg. De seks sten design symboliserer harmoni og varigt engagement, hvilket g\u00f8r det perfekt til forslag, m\u00e6rkedage eller s\u00e6rlige milep\u00e6le.<\/p>\n<p>Behageligt for daglige slid og er designet for maksimal glans, dette multi-sten engagement ring par ubesv\u00e6ret med bryllup bands og stacking ringe. Den klassiske, men alligevel moderne stil g\u00f8r det til et ideelt valg for dagens brud.<\/p>\n<p>Uanset om du s\u00f8ger efter en 6 sten engagement ring, et laboratorium, som er vokset diamant ring, eller en 14K guld engagement ring, dette stykke leverer exceptionel gnistre, der er ansvarlig luksus, og tidl\u00f8se elegance.<\/p>","protected":false},"excerpt":{"rendered":"<p>Fejre din k\u00e6rlighed med denne elegante 6 sten lab-vokset diamant engagement ring, mesterligt udformet til at levere exceptionel glans og tidl\u00f8s elegance. Med seks omhyggeligt matchet lab-oprettet diamanter, denne ring har l\u00f8bende gnistre p\u00e5 tv\u00e6rs af bandet, og samtidig opretholde en ren, afbalanceret, og luksuri\u00f8st udseende.<\/p>\n<p><strong>BEM\u00c6RK:<\/strong> Samlede st\u00f8rrelse af 6 Diamanter = 1 carat<\/p>","protected":false},"featured_media":9421,"comment_status":"open","ping_status":"closed","template":"","meta":[],"product_brand":[],"product_cat":[59],"product_tag":[],"class_list":{"0":"post-9434","1":"product","2":"type-product","3":"status-publish","4":"has-post-thumbnail","6":"product_cat-diamond-engagement-rings","8":"first","9":"instock","10":"shipping-taxable","11":"purchasable","12":"product-type-variable"},"aioseo_notices":[],"_links":{"self":[{"href":"https:\/\/bridal-diamonds.com\/da\/wp-json\/wp\/v2\/product\/9434","targetHints":{"allow":["GET"]}}],"collection":[{"href":"https:\/\/bridal-diamonds.com\/da\/wp-json\/wp\/v2\/product"}],"about":[{"href":"https:\/\/bridal-diamonds.com\/da\/wp-json\/wp\/v2\/types\/product"}],"replies":[{"embeddable":true,"href":"https:\/\/bridal-diamonds.com\/da\/wp-json\/wp\/v2\/comments?post=9434"}],"version-history":[{"count":1,"href":"https:\/\/bridal-diamonds.com\/da\/wp-json\/wp\/v2\/product\/9434\/revisions"}],"predecessor-version":[{"id":9439,"href":"https:\/\/bridal-diamonds.com\/da\/wp-json\/wp\/v2\/product\/9434\/revisions\/9439"}],"wp:featuredmedia":[{"embeddable":true,"href":"https:\/\/bridal-diamonds.com\/da\/wp-json\/wp\/v2\/media\/9421"}],"wp:attachment":[{"href":"https:\/\/bridal-diamonds.com\/da\/wp-json\/wp\/v2\/media?parent=9434"}],"wp:term":[{"taxonomy":"product_brand","embeddable":true,"href":"https:\/\/bridal-diamonds.com\/da\/wp-json\/wp\/v2\/product_brand?post=9434"},{"taxonomy":"product_cat","embeddable":true,"href":"https:\/\/bridal-diamonds.com\/da\/wp-json\/wp\/v2\/product_cat?post=9434"},{"taxonomy":"product_tag","embeddable":true,"href":"https:\/\/bridal-diamonds.com\/da\/wp-json\/wp\/v2\/product_tag?post=9434"}],"curies":[{"name":"wp","href":"https:\/\/api.w.org\/{rel}","templated":true}]}}