{"id":9288,"date":"2026-04-06T07:39:55","date_gmt":"2026-04-06T07:39:55","guid":{"rendered":"https:\/\/bridal-diamonds.com\/?post_type=product&#038;p=9288"},"modified":"2026-04-07T08:21:21","modified_gmt":"2026-04-07T08:21:21","slug":"three-stone-1-carat-total-lab-grown-diamond-engagement-ring-in-14k-gold","status":"publish","type":"product","link":"https:\/\/bridal-diamonds.com\/da\/vare\/three-stone-1-carat-total-lab-grown-diamond-engagement-ring-in-14k-gold\/","title":{"rendered":"Tre-Sten 1 Carat Samlede Lab-Vokset Diamant Engagement Ring i 14K Hvid\/Gul\/Rosa Guld og Platin"},"content":{"rendered":"<p>Fejre din k\u00e6rlighedshistorie med dette elegante tre-sten 1 carat samlede lab-vokset diamant engagement ring i 14K white gold. Designet til at symbolisere din fortid, nutid og fremtid sammen, denne tidl\u00f8se engagement ring har tre geniale lab-oprettet diamanter, der leverer fremragende glitrer og brand. Den klassiske tre-sten indstilling \u00f8ger center diamant, mens den side, sten tilf\u00f8je ekstra glans til en afbalanceret, luksuri\u00f8s look.<\/p>\n<p>Fremstillet i h\u00f8j kvalitet 14K white gold, dette lab-vokset diamant ring byder p\u00e5 b\u00e5de holdbarhed og en lys, moderne finish, der supplerer de diamanter smukt. Lab-vokset diamanter er etisk skabt og milj\u00f8m\u00e6ssigt ansvarlige, som giver dig den samme fantastiske sk\u00f8nhed og h\u00e5rdhed som minerede diamanter p\u00e5 en bedre v\u00e6rdi.<\/p>\n<p>Perfekt til forslag, jubil\u00e6er, eller betydningsfulde milep\u00e6le, denne tre-sten engagement ring blander klassisk elegance med moderne b\u00e6redygtighed. Dens raffinerede design g\u00f8r den ideel til hverdagsbrug, mens de resterende sofistikeret nok til s\u00e6rlige lejligheder.<\/p>\n<p>Uanset om du s\u00f8ger efter en klassisk tre-sten engagement ring, et laboratorium, som er vokset diamant ring, eller en 14K hvid guld engagement ring, dette stykke er designet til at imponere. G\u00f8re dit forslag uforglemmelig med en ring, der repr\u00e6senterer varig k\u00e6rlighed og fremragende h\u00e5ndv\u00e6rk.<\/p>","protected":false},"excerpt":{"rendered":"<p><strong>N\u00f8gle Funktioner<\/strong><\/p>\n<ul>\n<li>1 Carat-Certificeret Laboratorium, Som Er Vokset Diamant<\/li>\n<li>Klassisk Fire-Bens-eller Seks-Bens-Kabale Indstilling<\/li>\n<li>Tilg\u00e6ngelig i 14K Gul Guld, Hvid Guld, Rosa Guld og Platin<\/li>\n<li>H\u00f8j-polske comfort-fit-band<\/li>\n<li>Etiske og b\u00e6redygtige valg diamant<\/li>\n<li>Perfekt engagement ring for moderne par<\/li>\n<li>Sikker indstilling designet til hverdagsbrug<\/li>\n<li>Meget god til fremragende snit<\/li>\n<\/ul>\n<p><strong>BEM\u00c6RK:<\/strong> Samlet St\u00f8rrelse p\u00e5 3 Diamanter = 1 carat<\/p>","protected":false},"featured_media":9280,"comment_status":"open","ping_status":"closed","template":"","meta":[],"product_brand":[],"product_cat":[59],"product_tag":[],"class_list":{"0":"post-9288","1":"product","2":"type-product","3":"status-publish","4":"has-post-thumbnail","6":"product_cat-diamond-engagement-rings","8":"first","9":"instock","10":"shipping-taxable","11":"purchasable","12":"product-type-variable"},"aioseo_notices":[],"_links":{"self":[{"href":"https:\/\/bridal-diamonds.com\/da\/wp-json\/wp\/v2\/product\/9288","targetHints":{"allow":["GET"]}}],"collection":[{"href":"https:\/\/bridal-diamonds.com\/da\/wp-json\/wp\/v2\/product"}],"about":[{"href":"https:\/\/bridal-diamonds.com\/da\/wp-json\/wp\/v2\/types\/product"}],"replies":[{"embeddable":true,"href":"https:\/\/bridal-diamonds.com\/da\/wp-json\/wp\/v2\/comments?post=9288"}],"version-history":[{"count":3,"href":"https:\/\/bridal-diamonds.com\/da\/wp-json\/wp\/v2\/product\/9288\/revisions"}],"predecessor-version":[{"id":9316,"href":"https:\/\/bridal-diamonds.com\/da\/wp-json\/wp\/v2\/product\/9288\/revisions\/9316"}],"wp:featuredmedia":[{"embeddable":true,"href":"https:\/\/bridal-diamonds.com\/da\/wp-json\/wp\/v2\/media\/9280"}],"wp:attachment":[{"href":"https:\/\/bridal-diamonds.com\/da\/wp-json\/wp\/v2\/media?parent=9288"}],"wp:term":[{"taxonomy":"product_brand","embeddable":true,"href":"https:\/\/bridal-diamonds.com\/da\/wp-json\/wp\/v2\/product_brand?post=9288"},{"taxonomy":"product_cat","embeddable":true,"href":"https:\/\/bridal-diamonds.com\/da\/wp-json\/wp\/v2\/product_cat?post=9288"},{"taxonomy":"product_tag","embeddable":true,"href":"https:\/\/bridal-diamonds.com\/da\/wp-json\/wp\/v2\/product_tag?post=9288"}],"curies":[{"name":"wp","href":"https:\/\/api.w.org\/{rel}","templated":true}]}}