{"id":9088,"date":"2026-04-06T18:14:32","date_gmt":"2026-04-06T18:14:32","guid":{"rendered":"https:\/\/bridal-diamonds.com\/?post_type=product&#038;p=9088"},"modified":"2026-04-07T08:21:30","modified_gmt":"2026-04-07T08:21:30","slug":"classic-1-carat-lab-diamond-solitaire-engagement-ring-in-18k","status":"publish","type":"product","link":"https:\/\/bridal-diamonds.com\/da\/vare\/classic-1-carat-lab-diamond-solitaire-engagement-ring-in-18k\/","title":{"rendered":"Classic-Fire\/Seks-Bens-1 carat Lab Diamant Solitaire Engagement Ring i 18k Gul\/Hvid\/Rosa Guld og Platin"},"content":{"rendered":"<p>Elegant Fire\/Seks-Bens-1 Carat Lab Diamant Engagement Ring i 18K Gul, Hvid, RoseGold &amp; Platinum<br \/>\nDette smukt afbalanceret klassiske kabale engagement ringe er udstyret med en genial 1 carat lab-oprettet diamant i en sikker fire eller seks-bens indstilling. Den h\u00e6vede design giver maksimal lysrefleksion for imponerende glans.<br \/>\nMesterligt udformet i 18K guld eller platin, slim band \u00f8ger diamantens tilstedev\u00e6relse uden at blive distraheret. Det er den perfekte ring for dem, der s\u00f8ger tidl\u00f8s elegance.<br \/>\nLab-vokset diamanter er en milj\u00f8m\u00e6ssigt ansvarligt valg uden at g\u00e5 p\u00e5 kompromis gnistre. Denne 18K guld lab diamant solitaire ring er lavet for at fejre \u00f8jeblikke for evigt.<\/p>\n<p><strong>N\u00f8gle Funktioner<\/strong><\/p>\n<ul>\n<li>1 Carat-Certificeret Laboratorium, Som Er Vokset Diamant<\/li>\n<li>Klassisk Fire-Bens-eller Seks-Bens-Kabale Indstilling<\/li>\n<li>Tilg\u00e6ngelig i 18K Gul Guld, Hvid Guld, Rosa Guld og Platin<\/li>\n<li>H\u00f8j-polske comfort-fit-band<\/li>\n<li>Etiske og b\u00e6redygtige valg diamant<\/li>\n<li>Perfekt engagement ring for moderne par<\/li>\n<li>Sikker indstilling designet til hverdagsbrug<\/li>\n<li>Meget god til Fremragende snit<\/li>\n<\/ul>\n<p><strong>K\u00f8be med tillid<\/strong> og fejre din k\u00e6rlighed med en <strong>Classic-Fire\/Seks-Bens-1 Carat Lab Diamant Solitaire Engagement Ring<\/strong> der kombinerer tidl\u00f8s sk\u00f8nhed, gedigent h\u00e5ndv\u00e6rk, og er ansvarlig luksus.<\/p>","protected":false},"excerpt":{"rendered":"<p><strong>N\u00f8gle Funktioner<\/strong><\/p>\n<ul>\n<li>1 Carat-Certificeret Laboratorium, Som Er Vokset Diamant<\/li>\n<li>Klassisk Fire-Bens-eller Seks-Bens-Kabale Indstilling<\/li>\n<li>Tilg\u00e6ngelig i 18K Gul Guld, Hvid Guld, Rosa Guld og Platin<\/li>\n<li>H\u00f8j-polske comfort-fit-band<\/li>\n<li>Etiske og b\u00e6redygtige valg diamant<\/li>\n<li>Perfekt engagement ring for moderne par<\/li>\n<li>Sikker indstilling designet til hverdagsbrug<\/li>\n<li>Meget god til fremragende snit<\/li>\n<\/ul>","protected":false},"featured_media":9085,"comment_status":"open","ping_status":"closed","template":"","meta":[],"product_brand":[],"product_cat":[59],"product_tag":[],"class_list":{"0":"post-9088","1":"product","2":"type-product","3":"status-publish","4":"has-post-thumbnail","6":"product_cat-diamond-engagement-rings","8":"first","9":"instock","10":"shipping-taxable","11":"purchasable","12":"product-type-variable"},"aioseo_notices":[],"_links":{"self":[{"href":"https:\/\/bridal-diamonds.com\/da\/wp-json\/wp\/v2\/product\/9088","targetHints":{"allow":["GET"]}}],"collection":[{"href":"https:\/\/bridal-diamonds.com\/da\/wp-json\/wp\/v2\/product"}],"about":[{"href":"https:\/\/bridal-diamonds.com\/da\/wp-json\/wp\/v2\/types\/product"}],"replies":[{"embeddable":true,"href":"https:\/\/bridal-diamonds.com\/da\/wp-json\/wp\/v2\/comments?post=9088"}],"version-history":[{"count":5,"href":"https:\/\/bridal-diamonds.com\/da\/wp-json\/wp\/v2\/product\/9088\/revisions"}],"predecessor-version":[{"id":9317,"href":"https:\/\/bridal-diamonds.com\/da\/wp-json\/wp\/v2\/product\/9088\/revisions\/9317"}],"wp:featuredmedia":[{"embeddable":true,"href":"https:\/\/bridal-diamonds.com\/da\/wp-json\/wp\/v2\/media\/9085"}],"wp:attachment":[{"href":"https:\/\/bridal-diamonds.com\/da\/wp-json\/wp\/v2\/media?parent=9088"}],"wp:term":[{"taxonomy":"product_brand","embeddable":true,"href":"https:\/\/bridal-diamonds.com\/da\/wp-json\/wp\/v2\/product_brand?post=9088"},{"taxonomy":"product_cat","embeddable":true,"href":"https:\/\/bridal-diamonds.com\/da\/wp-json\/wp\/v2\/product_cat?post=9088"},{"taxonomy":"product_tag","embeddable":true,"href":"https:\/\/bridal-diamonds.com\/da\/wp-json\/wp\/v2\/product_tag?post=9088"}],"curies":[{"name":"wp","href":"https:\/\/api.w.org\/{rel}","templated":true}]}}