{"id":9060,"date":"2026-04-06T17:06:41","date_gmt":"2026-04-06T17:06:41","guid":{"rendered":"https:\/\/bridal-diamonds.com\/?post_type=product&#038;p=9060"},"modified":"2026-04-07T08:21:42","modified_gmt":"2026-04-07T08:21:42","slug":"classic-1ct-lab-diamond-solitaire-engagement-ring-in-14k","status":"publish","type":"product","link":"https:\/\/bridal-diamonds.com\/da\/vare\/classic-1ct-lab-diamond-solitaire-engagement-ring-in-14k\/","title":{"rendered":"Classic-Fire\/Seks-Bens-1 carat Lab Diamant Solitaire Engagement Ring i 14k Gul\/Hvid\/Rosa Guld og Platin"},"content":{"rendered":"<p><strong>Classic-Fire\/Seks-Bens-1 Carat Lab Diamant Solitaire Engagement Ring<\/strong><\/p>\n<p>Oplev tidl\u00f8se elegance med vores <strong>Classic-Fire\/Seks-Bens-1 Carat Lab Diamant Solitaire Engagement Ring<\/strong>, der er designet til dem, der \u00f8nsker maksimal glans med en ren, sofistikeret look. Dette best-selling kabale forlovelsesring, har en fantastisk <strong>1 carat lab-vokset diamant<\/strong> sikkert sat i dit valg af fire eller seks grene, der giver optimale lys og gnistre.<\/p>\n<p>Mesterligt udformet i pr\u00e6mie <strong>14K Gul Guld, 14K gul Guld, 14K Guld eller Platin<\/strong>denne ring kan tilbyde luksuri\u00f8se alsidighed til enhver stil. Den slanke, h\u00f8je-polske band \u00f8ger den midterste sten, hvilket g\u00f8r dette til det perfekte valg, hvis du vil <strong>k\u00f8b et klassisk lab diamant engagement ring online<\/strong> der vil aldrig g\u00e5 ud af mode.<\/p>\n<p>Vores lab-oprettet diamanter har de samme fysiske, kemiske og optiske egenskaber som minerede diamanter, levere enest\u00e5ende brand og glans og samtidig v\u00e6re en mere etisk og b\u00e6redygtigt valg. Den <strong>fire-bens indstilling solitaire<\/strong> byder p\u00e5 en delikat, minimal look, mens den <strong>seks-bens indstilling<\/strong> giver ekstra sikkerhed og et mere traditionelt udseende.<\/p>\n<p>Uanset om du planl\u00e6gger det perfekte forslag eller s\u00f8ge efter en meningsfuld gave, denne <strong>1 carat lab diamant solitaire engagement ring i 14K guld eller platin<\/strong> er designet til at symbolisere varig k\u00e6rlighed.<\/p>\n<p><strong>N\u00f8gle Funktioner<\/strong><\/p>\n<ul>\n<li>1 Carat-Certificeret Laboratorium, Som Er Vokset Diamant<\/li>\n<li>Klassisk Fire-Bens-eller Seks-Bens-Kabale Indstilling<\/li>\n<li>Tilg\u00e6ngelig i 14K Gul Guld, Hvid Guld, Rosa Guld og Platin<\/li>\n<li>H\u00f8j-polske comfort-fit-band<\/li>\n<li>Etiske og b\u00e6redygtige valg diamant<\/li>\n<li>Perfekt engagement ring for moderne par<\/li>\n<li>Sikker indstilling designet til hverdagsbrug<\/li>\n<li>Meget god til Fremragende snit<\/li>\n<\/ul>\n<p><strong>K\u00f8be med tillid<\/strong> og fejre din k\u00e6rlighed med en <strong>Classic-Fire\/Seks-Bens-1 Carat Lab Diamant Solitaire Engagement Ring<\/strong> der kombinerer tidl\u00f8s sk\u00f8nhed, gedigent h\u00e5ndv\u00e6rk, og er ansvarlig luksus.<\/p>","protected":false},"excerpt":{"rendered":"<p><strong>N\u00f8gle Funktioner<\/strong><\/p>\n<ul>\n<li>1 Carat-Certificeret Laboratorium, Som Er Vokset Diamant<\/li>\n<li>Klassisk Fire-Bens-eller Seks-Bens-Kabale Indstilling<\/li>\n<li>Tilg\u00e6ngelig i 14K Gul Guld, Hvid Guld, Rosa Guld og Platin<\/li>\n<li>H\u00f8j-polske comfort-fit-band<\/li>\n<li>Etiske og b\u00e6redygtige valg diamant<\/li>\n<li>Perfekt engagement ring for moderne par<\/li>\n<li>Sikker indstilling designet til hverdagsbrug<\/li>\n<li>Meget god til fremragende snit<\/li>\n<\/ul>","protected":false},"featured_media":9085,"comment_status":"open","ping_status":"closed","template":"","meta":[],"product_brand":[],"product_cat":[59],"product_tag":[],"class_list":{"0":"post-9060","1":"product","2":"type-product","3":"status-publish","4":"has-post-thumbnail","6":"product_cat-diamond-engagement-rings","8":"first","9":"instock","10":"shipping-taxable","11":"purchasable","12":"product-type-variable"},"aioseo_notices":[],"_links":{"self":[{"href":"https:\/\/bridal-diamonds.com\/da\/wp-json\/wp\/v2\/product\/9060","targetHints":{"allow":["GET"]}}],"collection":[{"href":"https:\/\/bridal-diamonds.com\/da\/wp-json\/wp\/v2\/product"}],"about":[{"href":"https:\/\/bridal-diamonds.com\/da\/wp-json\/wp\/v2\/types\/product"}],"replies":[{"embeddable":true,"href":"https:\/\/bridal-diamonds.com\/da\/wp-json\/wp\/v2\/comments?post=9060"}],"version-history":[{"count":4,"href":"https:\/\/bridal-diamonds.com\/da\/wp-json\/wp\/v2\/product\/9060\/revisions"}],"predecessor-version":[{"id":9318,"href":"https:\/\/bridal-diamonds.com\/da\/wp-json\/wp\/v2\/product\/9060\/revisions\/9318"}],"wp:featuredmedia":[{"embeddable":true,"href":"https:\/\/bridal-diamonds.com\/da\/wp-json\/wp\/v2\/media\/9085"}],"wp:attachment":[{"href":"https:\/\/bridal-diamonds.com\/da\/wp-json\/wp\/v2\/media?parent=9060"}],"wp:term":[{"taxonomy":"product_brand","embeddable":true,"href":"https:\/\/bridal-diamonds.com\/da\/wp-json\/wp\/v2\/product_brand?post=9060"},{"taxonomy":"product_cat","embeddable":true,"href":"https:\/\/bridal-diamonds.com\/da\/wp-json\/wp\/v2\/product_cat?post=9060"},{"taxonomy":"product_tag","embeddable":true,"href":"https:\/\/bridal-diamonds.com\/da\/wp-json\/wp\/v2\/product_tag?post=9060"}],"curies":[{"name":"wp","href":"https:\/\/api.w.org\/{rel}","templated":true}]}}