{"id":10866,"date":"2026-04-06T09:16:30","date_gmt":"2026-04-06T09:16:30","guid":{"rendered":"https:\/\/bridal-diamonds.com\/?post_type=product&#038;p=10866"},"modified":"2026-04-07T08:08:57","modified_gmt":"2026-04-07T08:08:57","slug":"1-25-carat-10-lab-grown-diamond-round-cut-bridal-set-in-18k-gold-platinum","status":"publish","type":"product","link":"https:\/\/bridal-diamonds.com\/da\/vare\/1-25-carat-10-lab-grown-diamond-round-cut-bridal-set-in-18k-gold-platinum\/","title":{"rendered":"1.25 Carat 10 Lab-Vokset Runde Cut Diamant Brude-S\u00e6t \u2013 Engagement Ring &amp; Bryllup Band i 18K Gul\/Hvid\/Rose Guld &amp; Platin"},"content":{"rendered":"<p>Fejre din k\u00e6rlighed med denne elegante <strong>1.25 carat runde cut lab-vokset diamond brude-s\u00e6t med 10 funklende diamanter<\/strong>, designet til at levere tidl\u00f8s sk\u00f8nhed og enest\u00e5ende glans. Denne perfekt matchede s\u00e6t indeholder en str\u00e5lende engagement ring, og en supplerende bryllup band, at skabe et komplet og sofistikeret look.<\/p>\n<p>Den <strong>runde cut diamanter<\/strong> er kendt for deres enest\u00e5ende glans og brand, for at maksimere lys refleksion for en straalende og i\u00f8jnefaldende gnistre. Den 10-diamant-design \u00f8ger den samlede glans og samtidig opretholde en raffineret og elegant udseende.<\/p>\n<p>Mesterligt udformet i <strong>18K gul guld, hvid guld, rose gold eller platin<\/strong>dette brude s\u00e6t kombinerer holdbarhed med raffineret h\u00e5ndv\u00e6rk. Den varme tone af guld, den slanke lysstyrken i hvide guld, den romantiske blush rose guld, og styrken af platin giver dig mulighed for at v\u00e6lge den perfekte metal til din personlige stil.<\/p>\n<p>Hver <strong>lab-vokset diamant<\/strong> har samme fysiske, kemiske og optiske egenskaber som en naturlig diamant, og samtidig sikrer en mere etisk og b\u00e6redygtigt alternativ.<\/p>\n<p>Perfekt til forslag og bryllupper, dette <strong>runde cut brude-s\u00e6t<\/strong> giver tidl\u00f8s elegance, raffineret gnistre, og varig sk\u00f8nhed.<\/p>","protected":false},"excerpt":{"rendered":"<p>Fejre din k\u00e6rlighed med denne elegante <strong>1.25 carat runde cut lab-vokset diamond brude-s\u00e6t med 10 funklende diamanter<\/strong>, designet til at levere tidl\u00f8s sk\u00f8nhed og enest\u00e5ende glans. Denne perfekt matchede s\u00e6t indeholder en str\u00e5lende engagement ring, og en supplerende bryllup band, at skabe et komplet og sofistikeret look.<\/p>\n<p><strong>BEM\u00c6RK:<\/strong> Samlet st\u00f8rrelse af alle diamanter = 1.25 karat<\/p>","protected":false},"featured_media":10849,"comment_status":"open","ping_status":"closed","template":"","meta":[],"product_brand":[],"product_cat":[197],"product_tag":[],"class_list":{"0":"post-10866","1":"product","2":"type-product","3":"status-publish","4":"has-post-thumbnail","6":"product_cat-diamond-bridal-set","8":"first","9":"instock","10":"shipping-taxable","11":"purchasable","12":"product-type-variable"},"aioseo_notices":[],"_links":{"self":[{"href":"https:\/\/bridal-diamonds.com\/da\/wp-json\/wp\/v2\/product\/10866","targetHints":{"allow":["GET"]}}],"collection":[{"href":"https:\/\/bridal-diamonds.com\/da\/wp-json\/wp\/v2\/product"}],"about":[{"href":"https:\/\/bridal-diamonds.com\/da\/wp-json\/wp\/v2\/types\/product"}],"replies":[{"embeddable":true,"href":"https:\/\/bridal-diamonds.com\/da\/wp-json\/wp\/v2\/comments?post=10866"}],"version-history":[{"count":1,"href":"https:\/\/bridal-diamonds.com\/da\/wp-json\/wp\/v2\/product\/10866\/revisions"}],"predecessor-version":[{"id":10871,"href":"https:\/\/bridal-diamonds.com\/da\/wp-json\/wp\/v2\/product\/10866\/revisions\/10871"}],"wp:featuredmedia":[{"embeddable":true,"href":"https:\/\/bridal-diamonds.com\/da\/wp-json\/wp\/v2\/media\/10849"}],"wp:attachment":[{"href":"https:\/\/bridal-diamonds.com\/da\/wp-json\/wp\/v2\/media?parent=10866"}],"wp:term":[{"taxonomy":"product_brand","embeddable":true,"href":"https:\/\/bridal-diamonds.com\/da\/wp-json\/wp\/v2\/product_brand?post=10866"},{"taxonomy":"product_cat","embeddable":true,"href":"https:\/\/bridal-diamonds.com\/da\/wp-json\/wp\/v2\/product_cat?post=10866"},{"taxonomy":"product_tag","embeddable":true,"href":"https:\/\/bridal-diamonds.com\/da\/wp-json\/wp\/v2\/product_tag?post=10866"}],"curies":[{"name":"wp","href":"https:\/\/api.w.org\/{rel}","templated":true}]}}