{"id":10836,"date":"2026-02-04T08:34:14","date_gmt":"2026-02-04T08:34:14","guid":{"rendered":"https:\/\/bridal-diamonds.com\/?post_type=product&#038;p=10836"},"modified":"2026-04-07T08:00:19","modified_gmt":"2026-04-07T08:00:19","slug":"1-50-carat-21-natural-diamond-round-cut-bridal-set-in-18k-gold-platinum","status":"publish","type":"product","link":"https:\/\/bridal-diamonds.com\/da\/vare\/1-50-carat-21-natural-diamond-round-cut-bridal-set-in-18k-gold-platinum\/","title":{"rendered":"1.50 Karat 21 Naturlige Runde Cut Diamant Brude-S\u00e6t \u2013 Engagement Ring &amp; Bryllup Band i 18K Gul\/Hvid\/Rose Guld &amp; Platin"},"content":{"rendered":"<p>Fejre din k\u00e6rlighed med denne fantastiske <strong>1.50 carat runde cut naturlige diamond brude-s\u00e6t med 21 funklende diamanter<\/strong>, designet til at levere exceptionel glans og tidl\u00f8s elegance. Denne perfekt matchede s\u00e6t indeholder en str\u00e5lende engagement ring, og en supplerende bryllup band, at skabe et komplet og luksuri\u00f8st look.<\/p>\n<p>Den <strong>runde cut diamanter<\/strong> er kendt for deres overlegne glans og brand, for at maksimere lys refleksion til en i\u00f8jnefaldende gnistre. Den 21-diamant-design \u00f8ger den samlede glans, tilf\u00f8jer dybde og kompleksitet til brude-s\u00e6t.<\/p>\n<p>Mesterligt udformet i <strong>18K gul guld, hvid guld, rose gold eller platin<\/strong>dette brude s\u00e6t kombinerer holdbarhed med raffineret h\u00e5ndv\u00e6rk. Den varme gl\u00f8d af guld, den lyse finish af hvide guld, den romantiske tone rosa guld, og styrken af platin giver dig mulighed for at v\u00e6lge den perfekte metal til din personlige stil.<\/p>\n<p>Hver <strong>naturlige diamant<\/strong> har samme fysiske, kemiske og optiske egenskaber som en naturlig diamant, og samtidig sikrer en mere etisk og b\u00e6redygtigt alternativ.<\/p>\n<p>Perfekt til forslag og bryllupper, dette <strong>runde cut brude-s\u00e6t<\/strong> tilbyder tidl\u00f8s sk\u00f8nhed, s\u00e6rlige gnist og varig elegance.<\/p>","protected":false},"excerpt":{"rendered":"<p>Fejre din k\u00e6rlighed med denne fantastiske <strong>1.50 carat runde cut naturlige diamond brude-s\u00e6t med 21 funklende diamanter<\/strong>, designet til at levere exceptionel glans og tidl\u00f8s elegance. Denne perfekt matchede s\u00e6t indeholder en str\u00e5lende engagement ring, og en supplerende bryllup band, at skabe et komplet og luksuri\u00f8st look.<\/p>\n<p><strong>BEM\u00c6RK:<\/strong> Samlet st\u00f8rrelse af alle diamanter = 1.50 karat<\/p>","protected":false},"featured_media":10811,"comment_status":"open","ping_status":"closed","template":"","meta":[],"product_brand":[],"product_cat":[197],"product_tag":[],"class_list":{"0":"post-10836","1":"product","2":"type-product","3":"status-publish","4":"has-post-thumbnail","6":"product_cat-diamond-bridal-set","8":"first","9":"instock","10":"shipping-taxable","11":"purchasable","12":"product-type-variable"},"aioseo_notices":[],"_links":{"self":[{"href":"https:\/\/bridal-diamonds.com\/da\/wp-json\/wp\/v2\/product\/10836","targetHints":{"allow":["GET"]}}],"collection":[{"href":"https:\/\/bridal-diamonds.com\/da\/wp-json\/wp\/v2\/product"}],"about":[{"href":"https:\/\/bridal-diamonds.com\/da\/wp-json\/wp\/v2\/types\/product"}],"replies":[{"embeddable":true,"href":"https:\/\/bridal-diamonds.com\/da\/wp-json\/wp\/v2\/comments?post=10836"}],"version-history":[{"count":1,"href":"https:\/\/bridal-diamonds.com\/da\/wp-json\/wp\/v2\/product\/10836\/revisions"}],"predecessor-version":[{"id":10841,"href":"https:\/\/bridal-diamonds.com\/da\/wp-json\/wp\/v2\/product\/10836\/revisions\/10841"}],"wp:featuredmedia":[{"embeddable":true,"href":"https:\/\/bridal-diamonds.com\/da\/wp-json\/wp\/v2\/media\/10811"}],"wp:attachment":[{"href":"https:\/\/bridal-diamonds.com\/da\/wp-json\/wp\/v2\/media?parent=10836"}],"wp:term":[{"taxonomy":"product_brand","embeddable":true,"href":"https:\/\/bridal-diamonds.com\/da\/wp-json\/wp\/v2\/product_brand?post=10836"},{"taxonomy":"product_cat","embeddable":true,"href":"https:\/\/bridal-diamonds.com\/da\/wp-json\/wp\/v2\/product_cat?post=10836"},{"taxonomy":"product_tag","embeddable":true,"href":"https:\/\/bridal-diamonds.com\/da\/wp-json\/wp\/v2\/product_tag?post=10836"}],"curies":[{"name":"wp","href":"https:\/\/api.w.org\/{rel}","templated":true}]}}