{"id":10748,"date":"2026-02-03T16:14:15","date_gmt":"2026-02-03T16:14:15","guid":{"rendered":"https:\/\/bridal-diamonds.com\/?post_type=product&#038;p=10748"},"modified":"2026-04-07T08:04:00","modified_gmt":"2026-04-07T08:04:00","slug":"1-carat-natural-diamond-princess-cut-wedding-band-set-in-14k-gold-platinum","status":"publish","type":"product","link":"https:\/\/bridal-diamonds.com\/da\/vare\/1-carat-natural-diamond-princess-cut-wedding-band-set-in-14k-gold-platinum\/","title":{"rendered":"1 Carat Naturlige Prinsesse Cut Diamant Engagement Ring &amp; Bryllup Band Sat i 14K Gul\/Hvid\/Rose Guld &amp; Platin"},"content":{"rendered":"<p>Fejre din k\u00e6rlighed med denne fantastiske <strong>1 carat naturlige prinsesse cut diamant engagement ringe og bryllup band s\u00e6t<\/strong>, designet til at levere moderne elegance og enest\u00e5ende glans. Denne perfekt afstemt brude, der inkluderer en funklende forlovelsesring og en supplerende bryllup band til en problemfri og luksuri\u00f8st look.<\/p>\n<p>Den <strong>prinsesse cut diamant<\/strong> er kendt for sine skarpe linjer og moderne stil, der tilbyder fremragende gnistre og glans. De matchende bryllup band forbedrer den overordnede design, at skabe et afbalanceret og i\u00f8jnefaldende udseende.<\/p>\n<p>Mesterligt udformet i <strong>14K gul guld, hvid guld, rose gold eller platin<\/strong>dette brude s\u00e6t kombinerer holdbarhed med raffineret h\u00e5ndv\u00e6rk. Den varme gl\u00f8d af guld, den lyse finish af hvide guld, den romantiske tone rosa guld, og styrken af platin giver dig mulighed for at v\u00e6lge den perfekte metal til din personlige stil.<\/p>\n<p>Hver <strong>naturlige diamant<\/strong> har samme fysiske, kemiske og optiske egenskaber som en naturlig diamant, og samtidig sikrer en mere etisk og b\u00e6redygtigt alternativ.<\/p>\n<p>Perfekt til forslag og bryllupper, dette <strong>prinsesse cut brude-ring s\u00e6t<\/strong> tilbyder tidl\u00f8s sk\u00f8nhed, moderne design, og varig glans.<\/p>","protected":false},"excerpt":{"rendered":"<p>Fejre din k\u00e6rlighed med denne fantastiske <strong>1 carat naturlige prinsesse cut diamant engagement ringe og bryllup band s\u00e6t<\/strong>, designet til at levere moderne elegance og enest\u00e5ende glans. Denne perfekt afstemt brude, der inkluderer en funklende forlovelsesring og en supplerende bryllup band til en problemfri og luksuri\u00f8st look.<\/p>","protected":false},"featured_media":10725,"comment_status":"open","ping_status":"closed","template":"","meta":[],"product_brand":[],"product_cat":[197],"product_tag":[],"class_list":{"0":"post-10748","1":"product","2":"type-product","3":"status-publish","4":"has-post-thumbnail","6":"product_cat-diamond-bridal-set","8":"first","9":"instock","10":"shipping-taxable","11":"purchasable","12":"product-type-variable"},"aioseo_notices":[],"_links":{"self":[{"href":"https:\/\/bridal-diamonds.com\/da\/wp-json\/wp\/v2\/product\/10748","targetHints":{"allow":["GET"]}}],"collection":[{"href":"https:\/\/bridal-diamonds.com\/da\/wp-json\/wp\/v2\/product"}],"about":[{"href":"https:\/\/bridal-diamonds.com\/da\/wp-json\/wp\/v2\/types\/product"}],"replies":[{"embeddable":true,"href":"https:\/\/bridal-diamonds.com\/da\/wp-json\/wp\/v2\/comments?post=10748"}],"version-history":[{"count":1,"href":"https:\/\/bridal-diamonds.com\/da\/wp-json\/wp\/v2\/product\/10748\/revisions"}],"predecessor-version":[{"id":10753,"href":"https:\/\/bridal-diamonds.com\/da\/wp-json\/wp\/v2\/product\/10748\/revisions\/10753"}],"wp:featuredmedia":[{"embeddable":true,"href":"https:\/\/bridal-diamonds.com\/da\/wp-json\/wp\/v2\/media\/10725"}],"wp:attachment":[{"href":"https:\/\/bridal-diamonds.com\/da\/wp-json\/wp\/v2\/media?parent=10748"}],"wp:term":[{"taxonomy":"product_brand","embeddable":true,"href":"https:\/\/bridal-diamonds.com\/da\/wp-json\/wp\/v2\/product_brand?post=10748"},{"taxonomy":"product_cat","embeddable":true,"href":"https:\/\/bridal-diamonds.com\/da\/wp-json\/wp\/v2\/product_cat?post=10748"},{"taxonomy":"product_tag","embeddable":true,"href":"https:\/\/bridal-diamonds.com\/da\/wp-json\/wp\/v2\/product_tag?post=10748"}],"curies":[{"name":"wp","href":"https:\/\/api.w.org\/{rel}","templated":true}]}}