{"id":10699,"date":"2026-04-06T08:52:28","date_gmt":"2026-04-06T08:52:28","guid":{"rendered":"https:\/\/bridal-diamonds.com\/?post_type=product&#038;p=10699"},"modified":"2026-04-07T08:10:15","modified_gmt":"2026-04-07T08:10:15","slug":"1-carat-lab-grown-diamond-round-cut-bridal-ring-set-in-18k-gold-platinum","status":"publish","type":"product","link":"https:\/\/bridal-diamonds.com\/da\/vare\/1-carat-lab-grown-diamond-round-cut-bridal-ring-set-in-18k-gold-platinum\/","title":{"rendered":"1 Carat Lab-Vokset Runde Cut Diamant Brude S\u00e6t Ring i 18K Gul\/Hvid\/Rose Guld &amp; Platin"},"content":{"rendered":"<p>Fejre din k\u00e6rlighed med denne fantastiske <strong>1 carat lab-vokset runde cut diamant brude-ring s\u00e6t<\/strong>, designet til at levere exceptionel glans og tidl\u00f8s elegance. Dette smukt matchede s\u00e6t indeholder en funklende forlovelsesring og en perfekt monteret bryllup band, at skabe en harmonisk og luksuri\u00f8st look.<\/p>\n<p>Den <strong>runde cut diamant<\/strong> er kendt for sin enest\u00e5ende glans og brand, for at maksimere lys refleksion for en straalende og i\u00f8jnefaldende udseende. Den supplerende bryllup band \u00f8ger den samlede gnistre, hvilket g\u00f8r dette til brude, der er en komplet symbol p\u00e5 k\u00e6rlighed og engagement.<\/p>\n<p>Mesterligt udformet i <strong>18K gul guld, hvid guld, rose gold eller platin<\/strong>dette brude-ring s\u00e6t kombinerer holdbarhed med raffineret h\u00e5ndv\u00e6rk. Den varme tone af guld, den slanke lysstyrken i hvide guld, den romantiske blush rose guld, og styrken af platin giver dig mulighed for at v\u00e6lge den perfekte metal til din personlige stil.<\/p>\n<p>Hver <strong>lab-vokset diamant<\/strong> har samme fysiske, kemiske og optiske egenskaber som en naturlig diamant, og samtidig sikrer en mere etisk og b\u00e6redygtigt valg.<\/p>\n<p>Perfekt til forslag og bryllupper, dette <strong>bridal ring set<\/strong> tilbyder tidl\u00f8s sk\u00f8nhed, s\u00e6rlige gnist og varig elegance.<\/p>","protected":false},"excerpt":{"rendered":"<p>Fejre din k\u00e6rlighed med denne fantastiske <strong>1 carat lab-vokset runde cut diamant brude-ring s\u00e6t<\/strong>, designet til at levere exceptionel glans og tidl\u00f8s elegance. Dette smukt matchede s\u00e6t indeholder en funklende forlovelsesring og en perfekt monteret bryllup band, at skabe en harmonisk og luksuri\u00f8st look.<\/p>","protected":false},"featured_media":10682,"comment_status":"open","ping_status":"closed","template":"","meta":[],"product_brand":[],"product_cat":[197],"product_tag":[],"class_list":{"0":"post-10699","1":"product","2":"type-product","3":"status-publish","4":"has-post-thumbnail","6":"product_cat-diamond-bridal-set","8":"first","9":"instock","10":"shipping-taxable","11":"purchasable","12":"product-type-variable"},"aioseo_notices":[],"_links":{"self":[{"href":"https:\/\/bridal-diamonds.com\/da\/wp-json\/wp\/v2\/product\/10699","targetHints":{"allow":["GET"]}}],"collection":[{"href":"https:\/\/bridal-diamonds.com\/da\/wp-json\/wp\/v2\/product"}],"about":[{"href":"https:\/\/bridal-diamonds.com\/da\/wp-json\/wp\/v2\/types\/product"}],"replies":[{"embeddable":true,"href":"https:\/\/bridal-diamonds.com\/da\/wp-json\/wp\/v2\/comments?post=10699"}],"version-history":[{"count":1,"href":"https:\/\/bridal-diamonds.com\/da\/wp-json\/wp\/v2\/product\/10699\/revisions"}],"predecessor-version":[{"id":10704,"href":"https:\/\/bridal-diamonds.com\/da\/wp-json\/wp\/v2\/product\/10699\/revisions\/10704"}],"wp:featuredmedia":[{"embeddable":true,"href":"https:\/\/bridal-diamonds.com\/da\/wp-json\/wp\/v2\/media\/10682"}],"wp:attachment":[{"href":"https:\/\/bridal-diamonds.com\/da\/wp-json\/wp\/v2\/media?parent=10699"}],"wp:term":[{"taxonomy":"product_brand","embeddable":true,"href":"https:\/\/bridal-diamonds.com\/da\/wp-json\/wp\/v2\/product_brand?post=10699"},{"taxonomy":"product_cat","embeddable":true,"href":"https:\/\/bridal-diamonds.com\/da\/wp-json\/wp\/v2\/product_cat?post=10699"},{"taxonomy":"product_tag","embeddable":true,"href":"https:\/\/bridal-diamonds.com\/da\/wp-json\/wp\/v2\/product_tag?post=10699"}],"curies":[{"name":"wp","href":"https:\/\/api.w.org\/{rel}","templated":true}]}}