{"id":10653,"date":"2026-04-02T06:58:55","date_gmt":"2026-04-02T06:58:55","guid":{"rendered":"https:\/\/bridal-diamonds.com\/?post_type=product&#038;p=10653"},"modified":"2026-04-02T07:05:42","modified_gmt":"2026-04-02T07:05:42","slug":"1-carat-natural-diamond-princess-cut-stud-for-women-in-14k-gold-platinum","status":"publish","type":"product","link":"https:\/\/bridal-diamonds.com\/da\/vare\/1-carat-natural-diamond-princess-cut-stud-for-women-in-14k-gold-platinum\/","title":{"rendered":"1 Carat Naturlige Prinsesse Cut Diamant Stud for Kvinder i 14K Gul\/Hvid\/Rose Guld &amp; Platin"},"content":{"rendered":"<p>Tilf\u00f8j et moderne touch af elegance med disse fantastiske <strong>1 carat naturlige prinsesse cut diamant stud \u00f8reringe til kvinder<\/strong>, designet til at levere exceptionel glans og moderne stil. Prinsesse cut diamanter har skarpe linjer og rene facetter, at skabe en fed og str\u00e5lende gnistre.<\/p>\n<p>Mesterligt udformet i <strong>14K gul guld, hvid guld, rose gold eller platin<\/strong>disse diamant stud \u00f8reringe kombinerer holdbarhed med raffineret h\u00e5ndv\u00e6rk. Den varme gl\u00f8d af guld, den lyse finish af hvide guld, den romantiske tone rosa guld, og styrken af platin giver dig mulighed for at v\u00e6lge den perfekte metal til din personlige stil.<\/p>\n<p>Hver <strong>naturlige diamant<\/strong> har samme fysiske, kemiske og optiske egenskaber som en naturlig diamant, og samtidig sikrer en mere etisk og b\u00e6redygtigt alternativ. Sikker indstilling sikrer komfort og tillid til hverdagsbrug.<\/p>\n<p>Perfekt til daglig elegance, s\u00e6rlige lejligheder, eller som en meningsfuld gave, disse <strong>prinsesse cut diamant stud \u00f8reringe<\/strong> supplement til ethvert outfit. Deres tidl\u00f8se design sikrer varig sk\u00f8nhed, alsidighed, og moderne elegance.<\/p>","protected":false},"excerpt":{"rendered":"<p>Tilf\u00f8j et moderne touch af elegance med disse fantastiske <strong>1 carat naturlige prinsesse cut diamant stud \u00f8reringe til kvinder<\/strong>, designet til at levere exceptionel glans og moderne stil. Prinsesse cut diamanter har skarpe linjer og rene facetter, at skabe en fed og str\u00e5lende gnistre.<\/p>","protected":false},"featured_media":10210,"comment_status":"open","ping_status":"closed","template":"","meta":[],"product_brand":[],"product_cat":[47],"product_tag":[],"class_list":{"0":"post-10653","1":"product","2":"type-product","3":"status-publish","4":"has-post-thumbnail","6":"product_cat-diamond-earring-stud","8":"first","9":"instock","10":"shipping-taxable","11":"purchasable","12":"product-type-variable"},"aioseo_notices":[],"_links":{"self":[{"href":"https:\/\/bridal-diamonds.com\/da\/wp-json\/wp\/v2\/product\/10653","targetHints":{"allow":["GET"]}}],"collection":[{"href":"https:\/\/bridal-diamonds.com\/da\/wp-json\/wp\/v2\/product"}],"about":[{"href":"https:\/\/bridal-diamonds.com\/da\/wp-json\/wp\/v2\/types\/product"}],"replies":[{"embeddable":true,"href":"https:\/\/bridal-diamonds.com\/da\/wp-json\/wp\/v2\/comments?post=10653"}],"version-history":[{"count":1,"href":"https:\/\/bridal-diamonds.com\/da\/wp-json\/wp\/v2\/product\/10653\/revisions"}],"predecessor-version":[{"id":10663,"href":"https:\/\/bridal-diamonds.com\/da\/wp-json\/wp\/v2\/product\/10653\/revisions\/10663"}],"wp:featuredmedia":[{"embeddable":true,"href":"https:\/\/bridal-diamonds.com\/da\/wp-json\/wp\/v2\/media\/10210"}],"wp:attachment":[{"href":"https:\/\/bridal-diamonds.com\/da\/wp-json\/wp\/v2\/media?parent=10653"}],"wp:term":[{"taxonomy":"product_brand","embeddable":true,"href":"https:\/\/bridal-diamonds.com\/da\/wp-json\/wp\/v2\/product_brand?post=10653"},{"taxonomy":"product_cat","embeddable":true,"href":"https:\/\/bridal-diamonds.com\/da\/wp-json\/wp\/v2\/product_cat?post=10653"},{"taxonomy":"product_tag","embeddable":true,"href":"https:\/\/bridal-diamonds.com\/da\/wp-json\/wp\/v2\/product_tag?post=10653"}],"curies":[{"name":"wp","href":"https:\/\/api.w.org\/{rel}","templated":true}]}}