{"id":10644,"date":"2026-04-02T06:46:38","date_gmt":"2026-04-02T06:46:38","guid":{"rendered":"https:\/\/bridal-diamonds.com\/?post_type=product&#038;p=10644"},"modified":"2026-04-02T06:57:56","modified_gmt":"2026-04-02T06:57:56","slug":"1-carat-natural-diamond-cushion-cut-stud-for-women-in-18k-gold-platinum","status":"publish","type":"product","link":"https:\/\/bridal-diamonds.com\/da\/vare\/1-carat-natural-diamond-cushion-cut-stud-for-women-in-18k-gold-platinum\/","title":{"rendered":"1 Carat Naturlige Cushion-Cut Diamant Stud for Kvinder i 18K Gul\/Hvid\/Rose Guld &amp; Platin"},"content":{"rendered":"<p>Forbedre dit look med disse elegante <strong>1 carat naturlige cushion-cut diamant stud \u00f8reringe til kvinder<\/strong>, designet til at kombinere tidl\u00f8s sk\u00f8nhed med hverdagens slidstyrke. Den cushion-cut diamanter har bl\u00f8de, afrundede kanter og str\u00e5lende facetter, der skaber en romantisk gnist med en raffineret og moderne f\u00f8ler.<\/p>\n<p>Mesterligt udformet i <strong>18K gul guld, hvid guld, rose gold eller platin<\/strong>disse diamant stud \u00f8reringe tilbyder b\u00e5de holdbarhed og klassisk elegance. Den varme tone af guld, den lyse finish af hvide guld, den romantiske blush rose guld, og styrken af platin giver dig mulighed for at v\u00e6lge den perfekte metal til din personlige stil.<\/p>\n<p>Hver <strong>naturlige diamant<\/strong> har samme fysiske, kemiske og optiske egenskaber som en naturlig diamant, der tilbyder identiske glans samtidig skabe en mere etisk og b\u00e6redygtigt alternativ. Sikker indstilling sikrer komfort og tillid til daglig slid.<\/p>\n<p>Perfekt til hverdag elegance, s\u00e6rlige lejligheder, eller som en meningsfuld gave, disse <strong>cushion-cut diamant stud \u00f8reringe<\/strong> supplement til ethvert outfit. Deres tidl\u00f8se design sikrer varig sk\u00f8nhed, alsidighed, og ubesv\u00e6ret elegance.<\/p>","protected":false},"excerpt":{"rendered":"<p>Forbedre dit look med disse elegante <strong>1 carat naturlige cushion-cut diamant stud \u00f8reringe til kvinder<\/strong>, designet til at kombinere tidl\u00f8s sk\u00f8nhed med hverdagens slidstyrke. Den cushion-cut diamanter har bl\u00f8de, afrundede kanter og str\u00e5lende facetter, der skaber en romantisk gnist med en raffineret og moderne f\u00f8ler.<\/p>","protected":false},"featured_media":10179,"comment_status":"open","ping_status":"closed","template":"","meta":[],"product_brand":[],"product_cat":[47],"product_tag":[],"class_list":{"0":"post-10644","1":"product","2":"type-product","3":"status-publish","4":"has-post-thumbnail","6":"product_cat-diamond-earring-stud","8":"first","9":"instock","10":"shipping-taxable","11":"purchasable","12":"product-type-variable"},"aioseo_notices":[],"_links":{"self":[{"href":"https:\/\/bridal-diamonds.com\/da\/wp-json\/wp\/v2\/product\/10644","targetHints":{"allow":["GET"]}}],"collection":[{"href":"https:\/\/bridal-diamonds.com\/da\/wp-json\/wp\/v2\/product"}],"about":[{"href":"https:\/\/bridal-diamonds.com\/da\/wp-json\/wp\/v2\/types\/product"}],"replies":[{"embeddable":true,"href":"https:\/\/bridal-diamonds.com\/da\/wp-json\/wp\/v2\/comments?post=10644"}],"version-history":[{"count":1,"href":"https:\/\/bridal-diamonds.com\/da\/wp-json\/wp\/v2\/product\/10644\/revisions"}],"predecessor-version":[{"id":10650,"href":"https:\/\/bridal-diamonds.com\/da\/wp-json\/wp\/v2\/product\/10644\/revisions\/10650"}],"wp:featuredmedia":[{"embeddable":true,"href":"https:\/\/bridal-diamonds.com\/da\/wp-json\/wp\/v2\/media\/10179"}],"wp:attachment":[{"href":"https:\/\/bridal-diamonds.com\/da\/wp-json\/wp\/v2\/media?parent=10644"}],"wp:term":[{"taxonomy":"product_brand","embeddable":true,"href":"https:\/\/bridal-diamonds.com\/da\/wp-json\/wp\/v2\/product_brand?post=10644"},{"taxonomy":"product_cat","embeddable":true,"href":"https:\/\/bridal-diamonds.com\/da\/wp-json\/wp\/v2\/product_cat?post=10644"},{"taxonomy":"product_tag","embeddable":true,"href":"https:\/\/bridal-diamonds.com\/da\/wp-json\/wp\/v2\/product_tag?post=10644"}],"curies":[{"name":"wp","href":"https:\/\/api.w.org\/{rel}","templated":true}]}}