{"id":10619,"date":"2026-04-02T06:29:51","date_gmt":"2026-04-02T06:29:51","guid":{"rendered":"https:\/\/bridal-diamonds.com\/?post_type=product&#038;p=10619"},"modified":"2026-04-02T06:43:07","modified_gmt":"2026-04-02T06:43:07","slug":"1-carat-natural-diamond-round-cut-stud-earrings-for-women-in-18k-gold-platinum","status":"publish","type":"product","link":"https:\/\/bridal-diamonds.com\/da\/vare\/1-carat-natural-diamond-round-cut-stud-earrings-for-women-in-18k-gold-platinum\/","title":{"rendered":"1 Carat Naturlige Runde Cut Diamant Stud \u00d8reringe til Kvinder i 18K Gul\/Hvid\/Rose Guld &amp; Platin"},"content":{"rendered":"<p>Tilf\u00f8j tidl\u00f8s elegance til dit smykke kollektion med disse fantastiske <strong>1 carat naturlige runde cut diamant stud \u00f8reringe til kvinder<\/strong>, designet til at levere exceptionel glans og hverdagens kompleksitet. Den klassiske runde cut diamanter maksimere lys refleksion, skabe uovertruffen gnistre og brand.<\/p>\n<p>Mesterligt udformet i dit valg af <strong>18K gul guld, hvid guld, rose gold eller platin<\/strong>disse diamant stud \u00f8reringe kombinere premium materialer med raffineret h\u00e5ndv\u00e6rk. Den varme tone af guld, den slanke lysstyrken i hvide guld, den romantiske blush rose guld, og holdbarheden af platinum giver dig mulighed for at v\u00e6lge den perfekte metal til din personlige stil.<\/p>\n<p>Hver <strong>naturlige diamant<\/strong> har samme fysiske, kemiske og optiske egenskaber som en naturlig diamant, og samtidig sikrer en mere etisk og b\u00e6redygtigt alternativ. Sikker indstilling sikrer komfort og tillid til daglig slid.<\/p>\n<p>Perfekt til hverdag elegance, s\u00e6rlige lejligheder, eller som en meningsfuld gave, disse <strong>runde diamant stud \u00f8reringe<\/strong> er en tidl\u00f8s tilbeh\u00f8r, som supplerer ethvert outfit. Deres klassiske design sikrer varig sk\u00f8nhed, alsidighed, og raffineret luksus.<\/p>","protected":false},"excerpt":{"rendered":"<p>Tilf\u00f8j tidl\u00f8s elegance til dit smykke kollektion med disse fantastiske <strong>1 carat naturlige runde cut diamant stud \u00f8reringe til kvinder<\/strong>, designet til at levere exceptionel glans og hverdagens kompleksitet. Den klassiske runde cut diamanter maksimere lys refleksion, skabe uovertruffen gnistre og brand.<\/p>","protected":false},"featured_media":10099,"comment_status":"open","ping_status":"closed","template":"","meta":[],"product_brand":[],"product_cat":[47],"product_tag":[],"class_list":{"0":"post-10619","1":"product","2":"type-product","3":"status-publish","4":"has-post-thumbnail","6":"product_cat-diamond-earring-stud","8":"first","9":"instock","10":"shipping-taxable","11":"purchasable","12":"product-type-variable"},"aioseo_notices":[],"_links":{"self":[{"href":"https:\/\/bridal-diamonds.com\/da\/wp-json\/wp\/v2\/product\/10619","targetHints":{"allow":["GET"]}}],"collection":[{"href":"https:\/\/bridal-diamonds.com\/da\/wp-json\/wp\/v2\/product"}],"about":[{"href":"https:\/\/bridal-diamonds.com\/da\/wp-json\/wp\/v2\/types\/product"}],"replies":[{"embeddable":true,"href":"https:\/\/bridal-diamonds.com\/da\/wp-json\/wp\/v2\/comments?post=10619"}],"version-history":[{"count":1,"href":"https:\/\/bridal-diamonds.com\/da\/wp-json\/wp\/v2\/product\/10619\/revisions"}],"predecessor-version":[{"id":10625,"href":"https:\/\/bridal-diamonds.com\/da\/wp-json\/wp\/v2\/product\/10619\/revisions\/10625"}],"wp:featuredmedia":[{"embeddable":true,"href":"https:\/\/bridal-diamonds.com\/da\/wp-json\/wp\/v2\/media\/10099"}],"wp:attachment":[{"href":"https:\/\/bridal-diamonds.com\/da\/wp-json\/wp\/v2\/media?parent=10619"}],"wp:term":[{"taxonomy":"product_brand","embeddable":true,"href":"https:\/\/bridal-diamonds.com\/da\/wp-json\/wp\/v2\/product_brand?post=10619"},{"taxonomy":"product_cat","embeddable":true,"href":"https:\/\/bridal-diamonds.com\/da\/wp-json\/wp\/v2\/product_cat?post=10619"},{"taxonomy":"product_tag","embeddable":true,"href":"https:\/\/bridal-diamonds.com\/da\/wp-json\/wp\/v2\/product_tag?post=10619"}],"curies":[{"name":"wp","href":"https:\/\/api.w.org\/{rel}","templated":true}]}}