{"id":10607,"date":"2026-04-02T06:20:02","date_gmt":"2026-04-02T06:20:02","guid":{"rendered":"https:\/\/bridal-diamonds.com\/?post_type=product&#038;p=10607"},"modified":"2026-04-17T13:08:08","modified_gmt":"2026-04-17T13:08:08","slug":"1-carat-natural-diamond-emerald-cut-solitaire-engagement-ring-in-18k-gold-platinum","status":"publish","type":"product","link":"https:\/\/bridal-diamonds.com\/da\/vare\/1-carat-natural-diamond-emerald-cut-solitaire-engagement-ring-in-18k-gold-platinum\/","title":{"rendered":"1 Carat Naturlige Smaragd Cut Diamant Solitaire Engagement Ring i 18K Gul\/Hvid\/Rose Guld &amp; Platin"},"content":{"rendered":"<p>Fejre din k\u00e6rlighed med denne avancerede <strong>1 carat smaragd cut naturlige diamant solitaire engagement ring<\/strong>, designet til at fremvise tidl\u00f8s elegance og raffinerede sk\u00f8nhed. Smaragd cut diamant har rene linjer og trin-cut facetter, at skabe en markant hall-of-spejle effekt, der fremh\u00e6ver klarhed og underspillet brilliance.<\/p>\n<p>Mesterligt udformet i <strong>18K gul guld, hvid guld, rose gold eller platin<\/strong>dette engagement ring kombinerer h\u00f8j-kvalitets materialer med s\u00e6rlige h\u00e5ndv\u00e6rk. Den varme gl\u00f8d af guld, den lyse finish af hvide guld, den romantiske tone rosa guld, og holdbarheden af platinum giver dig mulighed for at v\u00e6lge den perfekte metal til din personlige stil.<\/p>\n<p>Den <strong>solitaire indstilling<\/strong> fremh\u00e6ver center diamant, der giver maksimalt lys refleksion, mens udstiller sin klarhed og elegant struktur. Hver naturlig diamant har samme fysiske, kemiske og optiske egenskaber som en naturlig diamant, der tilbyder identiske sk\u00f8nhed, men samtidig give en mere etisk og b\u00e6redygtigt alternativ.<\/p>\n<p>Perfekt til forslag, jubil\u00e6er, eller betydningsfulde milep\u00e6le, dette <strong>emerald cut kabale engagement ring<\/strong> par smukt med bryllup bands og stacking ringe. Dens tidl\u00f8se design sikrer varig raffinement og den daglige komfort.<\/p>","protected":false},"excerpt":{"rendered":"<p>Fejre din k\u00e6rlighed med denne avancerede <strong>1 carat smaragd cut naturlige diamant solitaire engagement ring<\/strong>, designet til at fremvise tidl\u00f8s elegance og raffinerede sk\u00f8nhed. Smaragd cut diamant har rene linjer og trin-cut facetter, at skabe en markant hall-of-spejle effekt, der fremh\u00e6ver klarhed og underspillet brilliance.<\/p>","protected":false},"featured_media":10078,"comment_status":"open","ping_status":"closed","template":"","meta":[],"product_brand":[],"product_cat":[59],"product_tag":[],"class_list":{"0":"post-10607","1":"product","2":"type-product","3":"status-publish","4":"has-post-thumbnail","6":"product_cat-diamond-engagement-rings","8":"first","9":"instock","10":"shipping-taxable","11":"purchasable","12":"product-type-variable"},"aioseo_notices":[],"_links":{"self":[{"href":"https:\/\/bridal-diamonds.com\/da\/wp-json\/wp\/v2\/product\/10607","targetHints":{"allow":["GET"]}}],"collection":[{"href":"https:\/\/bridal-diamonds.com\/da\/wp-json\/wp\/v2\/product"}],"about":[{"href":"https:\/\/bridal-diamonds.com\/da\/wp-json\/wp\/v2\/types\/product"}],"replies":[{"embeddable":true,"href":"https:\/\/bridal-diamonds.com\/da\/wp-json\/wp\/v2\/comments?post=10607"}],"version-history":[{"count":1,"href":"https:\/\/bridal-diamonds.com\/da\/wp-json\/wp\/v2\/product\/10607\/revisions"}],"predecessor-version":[{"id":10613,"href":"https:\/\/bridal-diamonds.com\/da\/wp-json\/wp\/v2\/product\/10607\/revisions\/10613"}],"wp:featuredmedia":[{"embeddable":true,"href":"https:\/\/bridal-diamonds.com\/da\/wp-json\/wp\/v2\/media\/10078"}],"wp:attachment":[{"href":"https:\/\/bridal-diamonds.com\/da\/wp-json\/wp\/v2\/media?parent=10607"}],"wp:term":[{"taxonomy":"product_brand","embeddable":true,"href":"https:\/\/bridal-diamonds.com\/da\/wp-json\/wp\/v2\/product_brand?post=10607"},{"taxonomy":"product_cat","embeddable":true,"href":"https:\/\/bridal-diamonds.com\/da\/wp-json\/wp\/v2\/product_cat?post=10607"},{"taxonomy":"product_tag","embeddable":true,"href":"https:\/\/bridal-diamonds.com\/da\/wp-json\/wp\/v2\/product_tag?post=10607"}],"curies":[{"name":"wp","href":"https:\/\/api.w.org\/{rel}","templated":true}]}}