{"id":10524,"date":"2026-04-02T05:14:47","date_gmt":"2026-04-02T05:14:47","guid":{"rendered":"https:\/\/bridal-diamonds.com\/?post_type=product&#038;p=10524"},"modified":"2026-04-02T05:22:54","modified_gmt":"2026-04-02T05:22:54","slug":"1-48-carat-17-natural-diamond-engagement-ring-in-14k-gold-platinum","status":"publish","type":"product","link":"https:\/\/bridal-diamonds.com\/da\/vare\/1-48-carat-17-natural-diamond-engagement-ring-in-14k-gold-platinum\/","title":{"rendered":"1.48 Carat 17 Naturlige Diamant Engagement Ring i 14K Gul\/Hvid\/Rose Guld &amp; Platin"},"content":{"rendered":"<p>Fejre din k\u00e6rlighed med denne fantastiske <strong>1.48 carat naturlige diamant engagement ring med 17 omhyggeligt s\u00e6t diamanter<\/strong>, designet til at levere exceptionel glans og raffineret elegance. Multi-sten indstilling forbedrer gnistre i hele band, at skabe et luksuri\u00f8st og i\u00f8jnefaldende design.<\/p>\n<p>Mesterligt udformet i <strong>14K gul guld, hvid guld, rose gold eller platin<\/strong>dette engagement ring kombinerer f\u00f8rsteklasses materialer med s\u00e6rlige h\u00e5ndv\u00e6rk. Den varme gl\u00f8d af guld, den moderne lysstyrken i hvide guld, den romantiske tone rosa guld, og holdbarheden af platinum giver dig mulighed for at v\u00e6lge den perfekte metal til din personlige stil.<\/p>\n<p>Hver <strong>naturlige diamant<\/strong> har samme fysiske, kemiske og optiske egenskaber som en naturlig diamant, og samtidig sikrer en mere etisk og b\u00e6redygtigt alternativ. Den netop sat diamanter maksimere lys refleksion, skabe fremragende glans og ilden fra enhver vinkel.<\/p>\n<p>Perfekt til forslag, jubil\u00e6er, eller betydningsfulde milep\u00e6le, dette <strong>17 diamant engagement ring<\/strong> par smukt med bryllup bands og andre fine smykker. Dens tidl\u00f8se, men alligevel moderne design sikrer varig sk\u00f8nhed, komfort og raffinement.<\/p>","protected":false},"excerpt":{"rendered":"<p>Fejre din k\u00e6rlighed med denne fantastiske <strong>1.48 carat naturlige diamant engagement ring med 17 omhyggeligt s\u00e6t diamanter<\/strong>, designet til at levere exceptionel glans og raffineret elegance. Multi-sten indstilling forbedrer gnistre i hele band, at skabe et luksuri\u00f8st og i\u00f8jnefaldende design.<\/p>\n<p>BEM\u00c6RK: Samlede St\u00f8rrelse af Alle Diamanter = 1.48 carat<\/p>","protected":false},"featured_media":9881,"comment_status":"open","ping_status":"closed","template":"","meta":[],"product_brand":[],"product_cat":[59],"product_tag":[],"class_list":{"0":"post-10524","1":"product","2":"type-product","3":"status-publish","4":"has-post-thumbnail","6":"product_cat-diamond-engagement-rings","8":"first","9":"instock","10":"shipping-taxable","11":"purchasable","12":"product-type-variable"},"aioseo_notices":[],"_links":{"self":[{"href":"https:\/\/bridal-diamonds.com\/da\/wp-json\/wp\/v2\/product\/10524","targetHints":{"allow":["GET"]}}],"collection":[{"href":"https:\/\/bridal-diamonds.com\/da\/wp-json\/wp\/v2\/product"}],"about":[{"href":"https:\/\/bridal-diamonds.com\/da\/wp-json\/wp\/v2\/types\/product"}],"replies":[{"embeddable":true,"href":"https:\/\/bridal-diamonds.com\/da\/wp-json\/wp\/v2\/comments?post=10524"}],"version-history":[{"count":1,"href":"https:\/\/bridal-diamonds.com\/da\/wp-json\/wp\/v2\/product\/10524\/revisions"}],"predecessor-version":[{"id":10534,"href":"https:\/\/bridal-diamonds.com\/da\/wp-json\/wp\/v2\/product\/10524\/revisions\/10534"}],"wp:featuredmedia":[{"embeddable":true,"href":"https:\/\/bridal-diamonds.com\/da\/wp-json\/wp\/v2\/media\/9881"}],"wp:attachment":[{"href":"https:\/\/bridal-diamonds.com\/da\/wp-json\/wp\/v2\/media?parent=10524"}],"wp:term":[{"taxonomy":"product_brand","embeddable":true,"href":"https:\/\/bridal-diamonds.com\/da\/wp-json\/wp\/v2\/product_brand?post=10524"},{"taxonomy":"product_cat","embeddable":true,"href":"https:\/\/bridal-diamonds.com\/da\/wp-json\/wp\/v2\/product_cat?post=10524"},{"taxonomy":"product_tag","embeddable":true,"href":"https:\/\/bridal-diamonds.com\/da\/wp-json\/wp\/v2\/product_tag?post=10524"}],"curies":[{"name":"wp","href":"https:\/\/api.w.org\/{rel}","templated":true}]}}