{"id":10506,"date":"2026-04-01T17:45:25","date_gmt":"2026-04-01T17:45:25","guid":{"rendered":"https:\/\/bridal-diamonds.com\/?post_type=product&#038;p=10506"},"modified":"2026-04-01T17:50:19","modified_gmt":"2026-04-01T17:50:19","slug":"31-carat-natural-diamond-tennis-bracelet-in-14k-gold-platinum","status":"publish","type":"product","link":"https:\/\/bridal-diamonds.com\/da\/vare\/31-carat-natural-diamond-tennis-bracelet-in-14k-gold-platinum\/","title":{"rendered":"31 Karat Naturlige Diamant Tennis Armb\u00e5nd i 14K Gul\/Hvid\/Rose Guld &amp; Platin"},"content":{"rendered":"<p>Oplev ekstraordin\u00e6r glans med denne fantastiske <strong>31 karat naturlige diamant tennis armb\u00e5nd<\/strong>, designet til at levere bem\u00e6rkelsesv\u00e6rdig gnistre og tidl\u00f8s elegance. Med en kontinuerlig r\u00e6kke af n\u00f8je matchede naturlige diamanter, dette armb\u00e5nd skaber en luksuri\u00f8s str\u00f8m af lys rundt om h\u00e5ndleddet.<\/p>\n<p>Mesterligt udformet i dit valg af <strong>14K gul guld, hvid guld, rose gold eller platin<\/strong>dette diamant armb\u00e5nd kombinerer f\u00f8rsteklasses materialer og med raffinerede h\u00e5ndv\u00e6rk. Den varme rigdom af guld, den moderne glans af hvide guld, den romantiske tone rosa guld, og holdbarheden af platinum giver dig mulighed for at v\u00e6lge den perfekte metal der passer til din personlige stil.<\/p>\n<p>Hver naturlig diamant tilbyder de samme fysiske, kemiske og optiske egenskaber som minerede diamanter, men samtidig give en mere etisk og b\u00e6redygtigt alternativ. Den netop sat diamanter maksimere lys refleksion, der producerer enest\u00e5ende glans og brand.<\/p>\n<p>Designet til b\u00e5de hverdag luksus og s\u00e6rlige lejligheder, dette <strong>31 carat diamant tennis armb\u00e5nd<\/strong> tilf\u00f8jer elegance og gnist til enhver smykker samling. Dens klassiske design smukt par med andre diamant smykker, g\u00f8r det til et ideelt valg for dem, der s\u00e6tter pris tidl\u00f8s sk\u00f8nhed og moderne h\u00e5ndv\u00e6rk.<\/p>","protected":false},"excerpt":{"rendered":"<p>Oplev ekstraordin\u00e6r glans med denne fantastiske <strong>31 karat lab-vokset diamant tennis armb\u00e5nd<\/strong>, designet til at levere bem\u00e6rkelsesv\u00e6rdig gnistre og tidl\u00f8s elegance. Med en kontinuerlig r\u00e6kke af n\u00f8je matchede lab-vokset diamanter, dette armb\u00e5nd skaber en luksuri\u00f8s str\u00f8m af lys rundt om h\u00e5ndleddet.<\/p>\n<p>BEM\u00c6RK: Samlede St\u00f8rrelse af alle Diamanter = 31 carat<\/p>","protected":false},"featured_media":9659,"comment_status":"open","ping_status":"closed","template":"","meta":[],"product_brand":[],"product_cat":[123],"product_tag":[],"class_list":{"0":"post-10506","1":"product","2":"type-product","3":"status-publish","4":"has-post-thumbnail","6":"product_cat-diamond-bracelets","8":"first","9":"instock","10":"shipping-taxable","11":"purchasable","12":"product-type-variable"},"aioseo_notices":[],"_links":{"self":[{"href":"https:\/\/bridal-diamonds.com\/da\/wp-json\/wp\/v2\/product\/10506","targetHints":{"allow":["GET"]}}],"collection":[{"href":"https:\/\/bridal-diamonds.com\/da\/wp-json\/wp\/v2\/product"}],"about":[{"href":"https:\/\/bridal-diamonds.com\/da\/wp-json\/wp\/v2\/types\/product"}],"replies":[{"embeddable":true,"href":"https:\/\/bridal-diamonds.com\/da\/wp-json\/wp\/v2\/comments?post=10506"}],"version-history":[{"count":1,"href":"https:\/\/bridal-diamonds.com\/da\/wp-json\/wp\/v2\/product\/10506\/revisions"}],"predecessor-version":[{"id":10511,"href":"https:\/\/bridal-diamonds.com\/da\/wp-json\/wp\/v2\/product\/10506\/revisions\/10511"}],"wp:featuredmedia":[{"embeddable":true,"href":"https:\/\/bridal-diamonds.com\/da\/wp-json\/wp\/v2\/media\/9659"}],"wp:attachment":[{"href":"https:\/\/bridal-diamonds.com\/da\/wp-json\/wp\/v2\/media?parent=10506"}],"wp:term":[{"taxonomy":"product_brand","embeddable":true,"href":"https:\/\/bridal-diamonds.com\/da\/wp-json\/wp\/v2\/product_brand?post=10506"},{"taxonomy":"product_cat","embeddable":true,"href":"https:\/\/bridal-diamonds.com\/da\/wp-json\/wp\/v2\/product_cat?post=10506"},{"taxonomy":"product_tag","embeddable":true,"href":"https:\/\/bridal-diamonds.com\/da\/wp-json\/wp\/v2\/product_tag?post=10506"}],"curies":[{"name":"wp","href":"https:\/\/api.w.org\/{rel}","templated":true}]}}