{"id":10494,"date":"2026-04-01T17:35:24","date_gmt":"2026-04-01T17:35:24","guid":{"rendered":"https:\/\/bridal-diamonds.com\/?post_type=product&#038;p=10494"},"modified":"2026-04-01T17:43:28","modified_gmt":"2026-04-01T17:43:28","slug":"28-natural-diamond-wedding-ring-0-84-carat-in-14k-gold-platinum","status":"publish","type":"product","link":"https:\/\/bridal-diamonds.com\/da\/vare\/28-natural-diamond-wedding-ring-0-84-carat-in-14k-gold-platinum\/","title":{"rendered":"28 Naturlige Diamant Ring 0.84 Karat i 14K Gul\/Hvid\/Rose Guld &amp; Platin"},"content":{"rendered":"<p>Fejre tidl\u00f8s elegance med denne smukke <strong>28 naturlige diamant ring med i alt 0.84 karat af str\u00e5lende diamanter,<\/strong>. Designet til at levere exceptionel gnistre, den omhyggeligt s\u00e6t diamanter skabe en kontinuerlig r\u00e6kke af genialitet p\u00e5 tv\u00e6rs af bandet, der tilbyder en raffineret og sofistikeret look.<\/p>\n<p>Mesterligt udformet i dit valg af <strong>14K gul guld, hvid guld, rose gold eller platin<\/strong>dette vielsesring kombinerer f\u00f8rsteklasses materialer med s\u00e6rlige h\u00e5ndv\u00e6rk. Den varme gl\u00f8d af guld, den moderne lysstyrken i hvide guld, den romantiske tone rosa guld, og holdbarheden af platinum giver dig mulighed for at v\u00e6lge den perfekte metal til din personlige stil.<\/p>\n<p>Hver diamant er n\u00f8je udvalgt for sin glans og kvalitet, hvilket sikrer en str\u00e5lende udseende og varig sk\u00f8nhed. Multi-diamant-design \u00f8ger gnistre og samtidig opretholde en komfortabel og elegant profil, der er egnet til hverdagsbrug.<\/p>\n<p>Perfekt som en <strong>bryllup band, jubil\u00e6um ring, eller stabling ring<\/strong>dette 28 diamant ring smukt par med forlovelsesringe og andre fine smykker. Dens tidl\u00f8se design symboliserer evig k\u00e6rlighed og engagement.<\/p>\n<p>Uanset om den b\u00e6res alene eller kombineret med andre ringe, denne diamant bryllup band, byder p\u00e5 raffinerede elegance, ekstraordin\u00e6re h\u00e5ndv\u00e6rk, og varig glans.<\/p>","protected":false},"excerpt":{"rendered":"<p>Fejre tidl\u00f8s elegance med denne smukke <strong>28 diamant ring med i alt 0.84 karat af str\u00e5lende, naturlige diamanter<\/strong>. Designet til at levere exceptionel gnistre, den omhyggeligt s\u00e6t diamanter skabe en kontinuerlig r\u00e6kke af genialitet p\u00e5 tv\u00e6rs af bandet, der tilbyder en raffineret og sofistikeret look.<\/p>\n<p><strong>BEM\u00c6RK:<\/strong> Samlede st\u00f8rrelse af 28 Diamanter = 0.84 karat<\/p>","protected":false},"featured_media":9634,"comment_status":"open","ping_status":"closed","template":"","meta":[],"product_brand":[],"product_cat":[46],"product_tag":[],"class_list":{"0":"post-10494","1":"product","2":"type-product","3":"status-publish","4":"has-post-thumbnail","6":"product_cat-diamond-wedding-rings","8":"first","9":"instock","10":"shipping-taxable","11":"purchasable","12":"product-type-variable"},"aioseo_notices":[],"_links":{"self":[{"href":"https:\/\/bridal-diamonds.com\/da\/wp-json\/wp\/v2\/product\/10494","targetHints":{"allow":["GET"]}}],"collection":[{"href":"https:\/\/bridal-diamonds.com\/da\/wp-json\/wp\/v2\/product"}],"about":[{"href":"https:\/\/bridal-diamonds.com\/da\/wp-json\/wp\/v2\/types\/product"}],"replies":[{"embeddable":true,"href":"https:\/\/bridal-diamonds.com\/da\/wp-json\/wp\/v2\/comments?post=10494"}],"version-history":[{"count":1,"href":"https:\/\/bridal-diamonds.com\/da\/wp-json\/wp\/v2\/product\/10494\/revisions"}],"predecessor-version":[{"id":10505,"href":"https:\/\/bridal-diamonds.com\/da\/wp-json\/wp\/v2\/product\/10494\/revisions\/10505"}],"wp:featuredmedia":[{"embeddable":true,"href":"https:\/\/bridal-diamonds.com\/da\/wp-json\/wp\/v2\/media\/9634"}],"wp:attachment":[{"href":"https:\/\/bridal-diamonds.com\/da\/wp-json\/wp\/v2\/media?parent=10494"}],"wp:term":[{"taxonomy":"product_brand","embeddable":true,"href":"https:\/\/bridal-diamonds.com\/da\/wp-json\/wp\/v2\/product_brand?post=10494"},{"taxonomy":"product_cat","embeddable":true,"href":"https:\/\/bridal-diamonds.com\/da\/wp-json\/wp\/v2\/product_cat?post=10494"},{"taxonomy":"product_tag","embeddable":true,"href":"https:\/\/bridal-diamonds.com\/da\/wp-json\/wp\/v2\/product_tag?post=10494"}],"curies":[{"name":"wp","href":"https:\/\/api.w.org\/{rel}","templated":true}]}}