{"id":10486,"date":"2026-04-01T16:53:47","date_gmt":"2026-04-01T16:53:47","guid":{"rendered":"https:\/\/bridal-diamonds.com\/?post_type=product&#038;p=10486"},"modified":"2026-04-01T17:29:50","modified_gmt":"2026-04-01T17:29:50","slug":"0-50-carat-natural-diamond-solitaire-wedding-ring-in-18k-gold-platinum","status":"publish","type":"product","link":"https:\/\/bridal-diamonds.com\/da\/vare\/0-50-carat-natural-diamond-solitaire-wedding-ring-in-18k-gold-platinum\/","title":{"rendered":"0.50 Carat Naturlige Diamant Solitaire Ring i 18K Gul\/Hvid\/Rose Guld &amp; Platin"},"content":{"rendered":"<p>Fejre tidl\u00f8s elegance med denne smukke 0.50 carat naturlige diamant solitaire ring. Designet til at fremvise den glans af en enkelt funklende diamant solitaire indstilling tilbyder en ren, raffineret stil, der fortsat en af de mest popul\u00e6re valg til bryllup og jubil\u00e6um ringe.<\/p>\n<p>Mesterligt udformet i luksuri\u00f8se 18K gul guld, hvid guld, rose gold eller platin, denne diamant ring kombinerer exceptionel kvalitet med varige sk\u00f8nhed. Den h\u00f8jere guld renhed af 18K guld giver en rigere farve, og premium f\u00e6rdig, mens platinum giver enest\u00e5ende styrke og en naturligt lyse, hvide udseende.<\/p>\n<p>Center naturlige diamond kan levere de samme fysiske, kemiske og optiske egenskaber som udvindes diamant, samtidig med at tilbyde en mere etisk og milj\u00f8m\u00e6ssigt ansvarligt valg. Dens str\u00e5lende cut maksimerer lys refleksion, skabe imponerende gnistre og brand.<\/p>\n<p>Perfekt som en vielsesring, jubil\u00e6um ring, eller elegant stabling ring, denne 0.50 carat kabale diamant ring par smukt med forlovelsesringe og andre bands. Det klassiske design sikrer varig stil og komfortabelt hverdagsbrug.<\/p>\n<p>Uanset om du s\u00f8ger efter en naturlig diamant ring, en kabale diamant band, eller en raffineret guld eller platin diamond ring, denne elegante stykke tilbyder tidl\u00f8s sk\u00f8nhed og fremragende h\u00e5ndv\u00e6rk.<\/p>","protected":false},"excerpt":{"rendered":"<p>Fejre tidl\u00f8s elegance med denne smukke 0.50 carat naturlige diamant solitaire ring. Designet til at fremvise den glans af en enkelt funklende diamant solitaire indstilling tilbyder en ren, raffineret stil, der fortsat en af de mest popul\u00e6re valg til bryllup og jubil\u00e6um ringe.<\/p>","protected":false},"featured_media":9598,"comment_status":"open","ping_status":"closed","template":"","meta":[],"product_brand":[],"product_cat":[46],"product_tag":[],"class_list":{"0":"post-10486","1":"product","2":"type-product","3":"status-publish","4":"has-post-thumbnail","6":"product_cat-diamond-wedding-rings","8":"first","9":"instock","10":"shipping-taxable","11":"purchasable","12":"product-type-variable"},"aioseo_notices":[],"_links":{"self":[{"href":"https:\/\/bridal-diamonds.com\/da\/wp-json\/wp\/v2\/product\/10486","targetHints":{"allow":["GET"]}}],"collection":[{"href":"https:\/\/bridal-diamonds.com\/da\/wp-json\/wp\/v2\/product"}],"about":[{"href":"https:\/\/bridal-diamonds.com\/da\/wp-json\/wp\/v2\/types\/product"}],"replies":[{"embeddable":true,"href":"https:\/\/bridal-diamonds.com\/da\/wp-json\/wp\/v2\/comments?post=10486"}],"version-history":[{"count":2,"href":"https:\/\/bridal-diamonds.com\/da\/wp-json\/wp\/v2\/product\/10486\/revisions"}],"predecessor-version":[{"id":10493,"href":"https:\/\/bridal-diamonds.com\/da\/wp-json\/wp\/v2\/product\/10486\/revisions\/10493"}],"wp:featuredmedia":[{"embeddable":true,"href":"https:\/\/bridal-diamonds.com\/da\/wp-json\/wp\/v2\/media\/9598"}],"wp:attachment":[{"href":"https:\/\/bridal-diamonds.com\/da\/wp-json\/wp\/v2\/media?parent=10486"}],"wp:term":[{"taxonomy":"product_brand","embeddable":true,"href":"https:\/\/bridal-diamonds.com\/da\/wp-json\/wp\/v2\/product_brand?post=10486"},{"taxonomy":"product_cat","embeddable":true,"href":"https:\/\/bridal-diamonds.com\/da\/wp-json\/wp\/v2\/product_cat?post=10486"},{"taxonomy":"product_tag","embeddable":true,"href":"https:\/\/bridal-diamonds.com\/da\/wp-json\/wp\/v2\/product_tag?post=10486"}],"curies":[{"name":"wp","href":"https:\/\/api.w.org\/{rel}","templated":true}]}}