{"id":10469,"date":"2026-04-01T16:25:43","date_gmt":"2026-04-01T16:25:43","guid":{"rendered":"https:\/\/bridal-diamonds.com\/?post_type=product&#038;p=10469"},"modified":"2026-04-01T16:47:48","modified_gmt":"2026-04-01T16:47:48","slug":"0-50-carat-5-stone-natural-diamond-wedding-ring-in-14k-gold-platinum","status":"publish","type":"product","link":"https:\/\/bridal-diamonds.com\/da\/vare\/0-50-carat-5-stone-natural-diamond-wedding-ring-in-14k-gold-platinum\/","title":{"rendered":"0.50 Carat 5 Sten Naturlige Diamant Ring i 14K Gul\/Hvid\/Rose Guld &amp; Platin"},"content":{"rendered":"<p>Fejre tidl\u00f8s elegance med denne smukke <strong>5 sten naturlige diamant ring<\/strong>, designet til at symbolisere k\u00e6rlighed, engagement og varig glans. Med <strong>fem perfekt afstemt runde str\u00e5lende, naturlige diamanter p\u00e5 i alt 0.50 carat<\/strong>dette elegante bryllup band tilbyder s\u00e6rlige gnist og forfinede enkelhed.<\/p>\n<p>Hver diamant er n\u00f8je udvalgt for sin glans og klarhed, skaber en fantastisk r\u00e6kke af diamanter, der reflekterer lys fra alle vinkler. Den klassiske <strong>fem-sten diamant design<\/strong> repr\u00e6senterer fortiden, nutiden, og fremtiden for dit forhold, der g\u00f8r denne ring til et meningsfuldt valg, til bryllupper, m\u00e6rkedage eller s\u00e6rlige milep\u00e6le.<\/p>\n<p>Udformet med pr\u00e6cision og opm\u00e6rksomhed for detaljer, er dette <strong>diamant bryllup band<\/strong> er til r\u00e5dighed i <strong>14K Gul Guld, Hvid Guld, Rose Gold eller Platin<\/strong>, s\u00e5 du kan v\u00e6lge det perfekte metal til at matche din personlige stil eller forlovelsesring. Den polerede band og sikker indstilling sikrer b\u00e5de komfort og holdbarhed til hverdagsbrug.<\/p>\n<p>Naturlige diamanter er et etisk og b\u00e6redygtigt alternativ til minerede diamanter, der tilbyder den samme sk\u00f8nhed, glans og holdbarhed og samtidig v\u00e6re milj\u00f8m\u00e6ssigt ansvarlige.<\/p>\n<p>Dette <strong>0.50 carat diamant bryllup band<\/strong> er ideel som en <strong>vielsesring, jubil\u00e6um band, stabling ring, eller elegant hverdagen diamant ring<\/strong>. Dens tidl\u00f8se design g\u00f8r det til et alsidigt stykke, som supplerer b\u00e5de moderne og klassiske forlovelsesringe.<\/p>\n<p>Uanset om den b\u00e6res alene eller parret med en anden ring, denne <strong>fem sten naturlige diamant ring<\/strong> er en sofistikeret symbol p\u00e5 k\u00e6rlighed, der vil skinne til en levetid.<\/p>","protected":false},"excerpt":{"rendered":"<p>Fejre tidl\u00f8s elegance med denne smukke <strong>5 sten naturlige diamant ring<\/strong>, designet til at symbolisere k\u00e6rlighed, engagement og varig glans. Med <strong>fem perfekt afstemt runde str\u00e5lende, naturlige diamanter p\u00e5 i alt 0.50 carat<\/strong>dette elegante bryllup band tilbyder s\u00e6rlige gnist og forfinede enkelhed.<\/p>\n<p>BEM\u00c6RK: Samlede st\u00f8rrelse af alle 5 Diamanter = 0.50 carat<\/p>","protected":false},"featured_media":9577,"comment_status":"open","ping_status":"closed","template":"","meta":[],"product_brand":[],"product_cat":[46],"product_tag":[],"class_list":{"0":"post-10469","1":"product","2":"type-product","3":"status-publish","4":"has-post-thumbnail","6":"product_cat-diamond-wedding-rings","8":"first","9":"instock","10":"shipping-taxable","11":"purchasable","12":"product-type-variable"},"aioseo_notices":[],"_links":{"self":[{"href":"https:\/\/bridal-diamonds.com\/da\/wp-json\/wp\/v2\/product\/10469","targetHints":{"allow":["GET"]}}],"collection":[{"href":"https:\/\/bridal-diamonds.com\/da\/wp-json\/wp\/v2\/product"}],"about":[{"href":"https:\/\/bridal-diamonds.com\/da\/wp-json\/wp\/v2\/types\/product"}],"replies":[{"embeddable":true,"href":"https:\/\/bridal-diamonds.com\/da\/wp-json\/wp\/v2\/comments?post=10469"}],"version-history":[{"count":1,"href":"https:\/\/bridal-diamonds.com\/da\/wp-json\/wp\/v2\/product\/10469\/revisions"}],"predecessor-version":[{"id":10479,"href":"https:\/\/bridal-diamonds.com\/da\/wp-json\/wp\/v2\/product\/10469\/revisions\/10479"}],"wp:featuredmedia":[{"embeddable":true,"href":"https:\/\/bridal-diamonds.com\/da\/wp-json\/wp\/v2\/media\/9577"}],"wp:attachment":[{"href":"https:\/\/bridal-diamonds.com\/da\/wp-json\/wp\/v2\/media?parent=10469"}],"wp:term":[{"taxonomy":"product_brand","embeddable":true,"href":"https:\/\/bridal-diamonds.com\/da\/wp-json\/wp\/v2\/product_brand?post=10469"},{"taxonomy":"product_cat","embeddable":true,"href":"https:\/\/bridal-diamonds.com\/da\/wp-json\/wp\/v2\/product_cat?post=10469"},{"taxonomy":"product_tag","embeddable":true,"href":"https:\/\/bridal-diamonds.com\/da\/wp-json\/wp\/v2\/product_tag?post=10469"}],"curies":[{"name":"wp","href":"https:\/\/api.w.org\/{rel}","templated":true}]}}