{"id":10418,"date":"2026-04-01T07:41:01","date_gmt":"2026-04-01T07:41:01","guid":{"rendered":"https:\/\/bridal-diamonds.com\/?post_type=product&#038;p=10418"},"modified":"2026-04-01T07:48:02","modified_gmt":"2026-04-01T07:48:02","slug":"1-carat-28-stone-natural-diamonds-engagement-ring-in-14k-gold-platinum","status":"publish","type":"product","link":"https:\/\/bridal-diamonds.com\/da\/vare\/1-carat-28-stone-natural-diamonds-engagement-ring-in-14k-gold-platinum\/","title":{"rendered":"1 carat 28 sten, Naturlige Diamanter engagement ring i 14K Gul\/Hvid\/Rose Guld &amp; Platin"},"content":{"rendered":"<p>Fejre enest\u00e5ende glans med denne fantastiske 28 sten naturlige diamant engagement ring, der er designet til at levere maksimal gnistre og raffineret elegance. Med tyve-otte pr\u00e6cist at indstille naturlige diamanter, denne ring skaber en kontinuerlig str\u00f8m af lys over hele bandet for en luksuri\u00f8s, i\u00f8jnefaldende finish.<\/p>\n<p>Mesterligt udformet i dit valg af 14K gul guld, hvid guld, rose gold eller platin, at dette engagement ring tilbyder b\u00e5de alsidighed og h\u00f8j kvalitet. Den varme rigdom af guld, den moderne lysstyrken i hvide guld, den romantiske blush rose guld, og bedre holdbarhed af platin giver dig mulighed for at v\u00e6lge den perfekte metal til din personlige stil.<\/p>\n<p>Hver naturlig diamant i besiddelse af de samme fysiske, kemiske og optiske egenskaber som minerede diamanter, hvilket g\u00f8r denne ring har et etisk og milj\u00f8m\u00e6ssigt ansvarligt valg uden at g\u00e5 p\u00e5 kompromis sk\u00f8nhed og holdbarhed. Multi-sten-design \u00f8ger finger-d\u00e6kning, og giver et sofistikeret, high-end se, at dagens brude k\u00e6rlighed.<\/p>\n<p>Komfortabel til hverdagsbrug, men luksuri\u00f8se nok til livets vigtigste \u00f8jeblikke, denne 28 diamant engagement ring par smukt med bryllup bands og stacking ringe. Uanset om du s\u00f8ger efter en naturlig diamant engagement ring, en multi-sten diamant ring, eller en 14K guld eller platin engagement ring, dette stykke leverer exceptionel gnistre, der er ansvarlig luksus, og tidl\u00f8s appel.<\/p>","protected":false},"excerpt":{"rendered":"<p>Fejre enest\u00e5ende glans med denne fantastiske 28 sten naturlige diamant engagement ring, der er designet til at levere maksimal gnistre og raffineret elegance. Med tyve-otte pr\u00e6cist at indstille naturlige diamanter, denne ring skaber en kontinuerlig str\u00f8m af lys over hele bandet for en luksuri\u00f8s, i\u00f8jnefaldende finish.<\/p>\n<p><strong>BEM\u00c6RK:<\/strong> Samlede St\u00f8rrelse af 28 Diamanter = 1 carat<\/p>","protected":false},"featured_media":9452,"comment_status":"open","ping_status":"closed","template":"","meta":[],"product_brand":[],"product_cat":[59],"product_tag":[],"class_list":{"0":"post-10418","1":"product","2":"type-product","3":"status-publish","4":"has-post-thumbnail","6":"product_cat-diamond-engagement-rings","8":"first","9":"instock","10":"shipping-taxable","11":"purchasable","12":"product-type-variable"},"aioseo_notices":[],"_links":{"self":[{"href":"https:\/\/bridal-diamonds.com\/da\/wp-json\/wp\/v2\/product\/10418","targetHints":{"allow":["GET"]}}],"collection":[{"href":"https:\/\/bridal-diamonds.com\/da\/wp-json\/wp\/v2\/product"}],"about":[{"href":"https:\/\/bridal-diamonds.com\/da\/wp-json\/wp\/v2\/types\/product"}],"replies":[{"embeddable":true,"href":"https:\/\/bridal-diamonds.com\/da\/wp-json\/wp\/v2\/comments?post=10418"}],"version-history":[{"count":1,"href":"https:\/\/bridal-diamonds.com\/da\/wp-json\/wp\/v2\/product\/10418\/revisions"}],"predecessor-version":[{"id":10423,"href":"https:\/\/bridal-diamonds.com\/da\/wp-json\/wp\/v2\/product\/10418\/revisions\/10423"}],"wp:featuredmedia":[{"embeddable":true,"href":"https:\/\/bridal-diamonds.com\/da\/wp-json\/wp\/v2\/media\/9452"}],"wp:attachment":[{"href":"https:\/\/bridal-diamonds.com\/da\/wp-json\/wp\/v2\/media?parent=10418"}],"wp:term":[{"taxonomy":"product_brand","embeddable":true,"href":"https:\/\/bridal-diamonds.com\/da\/wp-json\/wp\/v2\/product_brand?post=10418"},{"taxonomy":"product_cat","embeddable":true,"href":"https:\/\/bridal-diamonds.com\/da\/wp-json\/wp\/v2\/product_cat?post=10418"},{"taxonomy":"product_tag","embeddable":true,"href":"https:\/\/bridal-diamonds.com\/da\/wp-json\/wp\/v2\/product_tag?post=10418"}],"curies":[{"name":"wp","href":"https:\/\/api.w.org\/{rel}","templated":true}]}}