{"id":10401,"date":"2026-04-01T07:31:36","date_gmt":"2026-04-01T07:31:36","guid":{"rendered":"https:\/\/bridal-diamonds.com\/?post_type=product&#038;p=10401"},"modified":"2026-04-01T07:39:44","modified_gmt":"2026-04-01T07:39:44","slug":"6-stone-natural-diamond-engagement-ring-in-18k-gold-or-platinum","status":"publish","type":"product","link":"https:\/\/bridal-diamonds.com\/da\/vare\/6-stone-natural-diamond-engagement-ring-in-18k-gold-or-platinum\/","title":{"rendered":"6 Sten Naturlige Diamant Engagement Ring i 18K Gul\/Hvid\/Rose Gold eller Platinum"},"content":{"rendered":"<p>Fejre din k\u00e6rlighed med denne elegante 6 sten naturlige diamant engagement ring, mesterligt udformet til at levere exceptionel glans og tidl\u00f8s elegance. Med seks omhyggeligt matchet naturlige diamanter, denne ring har l\u00f8bende gnistre p\u00e5 tv\u00e6rs af bandet, og samtidig opretholde en ren, afbalanceret, og luksuri\u00f8st udseende.<\/p>\n<p>Tilg\u00e6ngelig i premium-18K gul guld, hvid guld, rose gold eller platin, at dette engagement ring giver dig mulighed for at v\u00e6lge den perfekte \u00e6dle metal til at matche din personlige stil. De h\u00f8je guld renhed af 18K giver en rig, luksuri\u00f8s farve, mens platinum tilbud overlegen holdbarhed og en naturlig hvid finish.<\/p>\n<p>Hver naturlig diamant viser den samme ild, h\u00e5rdhed og optiske sk\u00f8nhed som minerede diamanter, hvilket g\u00f8r denne ring har et etisk og milj\u00f8m\u00e6ssigt ansvarligt valg uden at g\u00e5 p\u00e5 kompromis med luksus. De seks sten design symboliserer harmoni, k\u00e6rlighed og varigt engagement \u2014 perfekt til moderne par.<\/p>\n<p>Designet til b\u00e5de hverdag komfort og maksimal lys, dette multi-sten engagement ring par smukt med bryllup bands og stacking ringe. Dens tidl\u00f8se, men alligevel moderne look g\u00f8r den ideel til forslag, jubil\u00e6er, eller betydningsfulde milep\u00e6le.<\/p>\n<p>Uanset om du s\u00f8ger efter en 6 sten engagement ring, en naturlig diamant ring, eller en 18K guld eller platin engagement ring, dette fantastiske stykke leverer exceptionel gnistre, ansvarligt indk\u00f8b, og vedvarende elegance.<\/p>","protected":false},"excerpt":{"rendered":"<p>Fejre din k\u00e6rlighed med denne elegante 6 sten naturlige diamant engagement ring, mesterligt udformet til at levere exceptionel glans og tidl\u00f8s elegance. Med seks omhyggeligt matchet naturlige diamanter, denne ring har l\u00f8bende gnistre p\u00e5 tv\u00e6rs af bandet, og samtidig opretholde en ren, afbalanceret, og luksuri\u00f8st udseende.<\/p>\n<p><strong>BEM\u00c6RK:<\/strong> Samlede st\u00f8rrelse af 6 Diamanter = 1 carat<\/p>","protected":false},"featured_media":9421,"comment_status":"open","ping_status":"closed","template":"","meta":[],"product_brand":[],"product_cat":[59],"product_tag":[],"class_list":{"0":"post-10401","1":"product","2":"type-product","3":"status-publish","4":"has-post-thumbnail","6":"product_cat-diamond-engagement-rings","8":"first","9":"instock","10":"shipping-taxable","11":"purchasable","12":"product-type-variable"},"aioseo_notices":[],"_links":{"self":[{"href":"https:\/\/bridal-diamonds.com\/da\/wp-json\/wp\/v2\/product\/10401","targetHints":{"allow":["GET"]}}],"collection":[{"href":"https:\/\/bridal-diamonds.com\/da\/wp-json\/wp\/v2\/product"}],"about":[{"href":"https:\/\/bridal-diamonds.com\/da\/wp-json\/wp\/v2\/types\/product"}],"replies":[{"embeddable":true,"href":"https:\/\/bridal-diamonds.com\/da\/wp-json\/wp\/v2\/comments?post=10401"}],"version-history":[{"count":1,"href":"https:\/\/bridal-diamonds.com\/da\/wp-json\/wp\/v2\/product\/10401\/revisions"}],"predecessor-version":[{"id":10411,"href":"https:\/\/bridal-diamonds.com\/da\/wp-json\/wp\/v2\/product\/10401\/revisions\/10411"}],"wp:featuredmedia":[{"embeddable":true,"href":"https:\/\/bridal-diamonds.com\/da\/wp-json\/wp\/v2\/media\/9421"}],"wp:attachment":[{"href":"https:\/\/bridal-diamonds.com\/da\/wp-json\/wp\/v2\/media?parent=10401"}],"wp:term":[{"taxonomy":"product_brand","embeddable":true,"href":"https:\/\/bridal-diamonds.com\/da\/wp-json\/wp\/v2\/product_brand?post=10401"},{"taxonomy":"product_cat","embeddable":true,"href":"https:\/\/bridal-diamonds.com\/da\/wp-json\/wp\/v2\/product_cat?post=10401"},{"taxonomy":"product_tag","embeddable":true,"href":"https:\/\/bridal-diamonds.com\/da\/wp-json\/wp\/v2\/product_tag?post=10401"}],"curies":[{"name":"wp","href":"https:\/\/api.w.org\/{rel}","templated":true}]}}