{"id":10389,"date":"2026-04-01T07:21:22","date_gmt":"2026-04-01T07:21:22","guid":{"rendered":"https:\/\/bridal-diamonds.com\/?post_type=product&#038;p=10389"},"modified":"2026-04-01T07:29:50","modified_gmt":"2026-04-01T07:29:50","slug":"engagement-ring-with-14-natural-diamonds-total-1-carat-in-14k-gold-platinum","status":"publish","type":"product","link":"https:\/\/bridal-diamonds.com\/da\/vare\/engagement-ring-with-14-natural-diamonds-total-1-carat-in-14k-gold-platinum\/","title":{"rendered":"Engagement Ring med 14 Naturlige Diamanter, i Alt 1 Carat i 14K Gul\/Hvid\/Rose Guld &amp; Platin"},"content":{"rendered":"<p>Fejre tidl\u00f8s elegance med denne fantastiske engagement ring med 14 naturlige diamanter med en samlet v\u00e6gt p\u00e5 1 carat, smukt udformet i dit valg af 14K gul guld, hvidguld eller guld. Designet for maksimal glans, de tolv omhyggeligt s\u00e6t diamanter skabe en kontinuerlig gnist, der fanger lyset fra alle vinkler.<\/p>\n<p>Dette elegante diamant engagement ring, kombinerer klassisk h\u00e5ndv\u00e6rk med moderne b\u00e6redygtighed. Hver naturlig diamant tilbyder den samme ild, klarhed og holdbarhed som minerede diamanter og samtidig v\u00e6re et etisk og milj\u00f8m\u00e6ssigt ansvarligt valg. Den afbalancerede design g\u00f8r denne ring er perfekt til dem, der s\u00e6tter pris raffineret luksus med meningsfuld v\u00e6rdi.<\/p>\n<p>Mesterligt udformet i pr\u00e6mie 14K guld, bandet giver langvarig styrke og en komfortabel pasform til hverdagsbrug. Uanset om du foretr\u00e6kker den varme gl\u00f8d af guld, den slanke udseende af hvide guld, eller den romantiske tone rosa guld, denne alsidige engagement ring supplerer hver style.<\/p>\n<p>Ideel til forslag, m\u00e6rkedage eller s\u00e6rlige milep\u00e6le, denne 1 carat diamant engagement ring er designet til at symbolisere varig k\u00e6rlighed og engagement. Dens avancerede, men alligevel moderne design g\u00f8r det til et perfekt valg for dagens brud.<\/p>\n<p>K\u00f8b denne smukke 14-diamant engagement ring i dag og oplev ekstraordin\u00e6r gnistre, etisk sourcing, og tidl\u00f8s sk\u00f8nhed i en uforglemmelig stykke.<\/p>","protected":false},"excerpt":{"rendered":"<p>Fejre tidl\u00f8s elegance med denne fantastiske engagement ring med 14 naturlige diamanter med en samlet v\u00e6gt p\u00e5 1 carat, smukt udformet i dit valg af 14K gul guld, hvidguld eller guld. Designet for maksimal glans, de tolv omhyggeligt s\u00e6t diamanter skabe en kontinuerlig gnist, der fanger lyset fra alle vinkler.<\/p>\n<p><strong>BEM\u00c6RK:<\/strong> Samlede St\u00f8rrelse af 14 Diamanter = 1 carat<\/p>","protected":false},"featured_media":9385,"comment_status":"open","ping_status":"closed","template":"","meta":[],"product_brand":[],"product_cat":[59],"product_tag":[],"class_list":{"0":"post-10389","1":"product","2":"type-product","3":"status-publish","4":"has-post-thumbnail","6":"product_cat-diamond-engagement-rings","8":"first","9":"instock","10":"shipping-taxable","11":"purchasable","12":"product-type-variable"},"aioseo_notices":[],"_links":{"self":[{"href":"https:\/\/bridal-diamonds.com\/da\/wp-json\/wp\/v2\/product\/10389","targetHints":{"allow":["GET"]}}],"collection":[{"href":"https:\/\/bridal-diamonds.com\/da\/wp-json\/wp\/v2\/product"}],"about":[{"href":"https:\/\/bridal-diamonds.com\/da\/wp-json\/wp\/v2\/types\/product"}],"replies":[{"embeddable":true,"href":"https:\/\/bridal-diamonds.com\/da\/wp-json\/wp\/v2\/comments?post=10389"}],"version-history":[{"count":1,"href":"https:\/\/bridal-diamonds.com\/da\/wp-json\/wp\/v2\/product\/10389\/revisions"}],"predecessor-version":[{"id":10399,"href":"https:\/\/bridal-diamonds.com\/da\/wp-json\/wp\/v2\/product\/10389\/revisions\/10399"}],"wp:featuredmedia":[{"embeddable":true,"href":"https:\/\/bridal-diamonds.com\/da\/wp-json\/wp\/v2\/media\/9385"}],"wp:attachment":[{"href":"https:\/\/bridal-diamonds.com\/da\/wp-json\/wp\/v2\/media?parent=10389"}],"wp:term":[{"taxonomy":"product_brand","embeddable":true,"href":"https:\/\/bridal-diamonds.com\/da\/wp-json\/wp\/v2\/product_brand?post=10389"},{"taxonomy":"product_cat","embeddable":true,"href":"https:\/\/bridal-diamonds.com\/da\/wp-json\/wp\/v2\/product_cat?post=10389"},{"taxonomy":"product_tag","embeddable":true,"href":"https:\/\/bridal-diamonds.com\/da\/wp-json\/wp\/v2\/product_tag?post=10389"}],"curies":[{"name":"wp","href":"https:\/\/api.w.org\/{rel}","templated":true}]}}