{"id":10366,"date":"2026-04-01T07:07:07","date_gmt":"2026-04-01T07:07:07","guid":{"rendered":"https:\/\/bridal-diamonds.com\/?post_type=product&#038;p=10366"},"modified":"2026-04-17T11:48:36","modified_gmt":"2026-04-17T11:48:36","slug":"solitaire-princess-cut-natural-diamond-engagement-ring-in-14k-gold-platinum","status":"publish","type":"product","link":"https:\/\/bridal-diamonds.com\/da\/vare\/solitaire-princess-cut-natural-diamond-engagement-ring-in-14k-gold-platinum\/","title":{"rendered":"Solitaire Prinsesse Cut Naturlige Diamant Engagement Ring i 14K Gul\/Hvid\/Rose Guld &amp; Platin"},"content":{"rendered":"<p>Fejre tidl\u00f8s elegance med denne fantastiske <strong>Solitaire Prinsesse Cut En Karat Naturlige Diamant Engagement Ring i 14k Gul Guld<\/strong>. Designet til moderne romantik, denne klassiske engagement ring er udstyret med en genial 1 carat princess-cut diamant, der leverer exceptionel gnist, ild, og symmetri. Den rene geometriske linjer af prinsesse cut maksimere lys refleksion, hvilket g\u00f8r det til et af de mest popul\u00e6re valg for brides, der elsker b\u00e5de glans og moderne stil.<\/p>\n<p>Udformet i luksuri\u00f8se 14k gul guld, det varme, gyldne band smukt \u00f8ger diamantens lysstyrke, mens der tilbyder en varig holdbarhed til hverdagsbrug. Den sikre solitaire indstilling steder fulde opm\u00e6rksomhed p\u00e5 den midterste sten, at skabe en sofistikeret og minimalistisk look, der aldrig g\u00e5r af mode. Uanset om du planl\u00e6gger et forslag, jubil\u00e6um overraskelse, eller meningsfuld gave, denne ene karat naturlige diamant ring er designet til at imponere.<\/p>\n<p>Perfekt for dem, der s\u00f8ger <strong>prinsesse cut naturlige diamant engagement ring<\/strong>, <strong>1 carat solitaire ring<\/strong>eller <strong>14k gul guld engagement ring<\/strong>dette stykke kombinerer f\u00f8rsteklasses h\u00e5ndv\u00e6rk med klassisk design. Dens alsidige stil par ubesv\u00e6ret med bryllup bands og supplerer alle personlige \u00e6stetiske.<\/p>\n<p>G\u00f8r din s\u00e6rlige \u00f8jeblik uforglemmeligt med dette elegante solitaire prinsesse cut engagement ring \u2014 et sandt symbol p\u00e5 k\u00e6rlighed, engagement, og tidl\u00f8s sk\u00f8nhed.<\/p>","protected":false},"excerpt":{"rendered":"<p>Fejre tidl\u00f8s elegance med denne fantastiske <strong>Solitaire Prinsesse Cut En Karat Naturlige Diamant Engagement Ring i 14k Gul Guld<\/strong>. Designet til moderne romantik, denne klassiske engagement ring er udstyret med en genial 1 carat princess-cut diamant, der leverer exceptionel gnist, ild, og symmetri. Den rene geometriske linjer af prinsesse cut maksimere lys refleksion, hvilket g\u00f8r det til et af de mest popul\u00e6re valg for brides, der elsker b\u00e5de glans og moderne stil.<\/p>","protected":false},"featured_media":9322,"comment_status":"open","ping_status":"closed","template":"","meta":[],"product_brand":[],"product_cat":[59],"product_tag":[],"class_list":{"0":"post-10366","1":"product","2":"type-product","3":"status-publish","4":"has-post-thumbnail","6":"product_cat-diamond-engagement-rings","8":"first","9":"instock","10":"shipping-taxable","11":"purchasable","12":"product-type-variable"},"aioseo_notices":[],"_links":{"self":[{"href":"https:\/\/bridal-diamonds.com\/da\/wp-json\/wp\/v2\/product\/10366","targetHints":{"allow":["GET"]}}],"collection":[{"href":"https:\/\/bridal-diamonds.com\/da\/wp-json\/wp\/v2\/product"}],"about":[{"href":"https:\/\/bridal-diamonds.com\/da\/wp-json\/wp\/v2\/types\/product"}],"replies":[{"embeddable":true,"href":"https:\/\/bridal-diamonds.com\/da\/wp-json\/wp\/v2\/comments?post=10366"}],"version-history":[{"count":1,"href":"https:\/\/bridal-diamonds.com\/da\/wp-json\/wp\/v2\/product\/10366\/revisions"}],"predecessor-version":[{"id":10384,"href":"https:\/\/bridal-diamonds.com\/da\/wp-json\/wp\/v2\/product\/10366\/revisions\/10384"}],"wp:featuredmedia":[{"embeddable":true,"href":"https:\/\/bridal-diamonds.com\/da\/wp-json\/wp\/v2\/media\/9322"}],"wp:attachment":[{"href":"https:\/\/bridal-diamonds.com\/da\/wp-json\/wp\/v2\/media?parent=10366"}],"wp:term":[{"taxonomy":"product_brand","embeddable":true,"href":"https:\/\/bridal-diamonds.com\/da\/wp-json\/wp\/v2\/product_brand?post=10366"},{"taxonomy":"product_cat","embeddable":true,"href":"https:\/\/bridal-diamonds.com\/da\/wp-json\/wp\/v2\/product_cat?post=10366"},{"taxonomy":"product_tag","embeddable":true,"href":"https:\/\/bridal-diamonds.com\/da\/wp-json\/wp\/v2\/product_tag?post=10366"}],"curies":[{"name":"wp","href":"https:\/\/api.w.org\/{rel}","templated":true}]}}