{"id":10336,"date":"2026-04-01T06:46:12","date_gmt":"2026-04-01T06:46:12","guid":{"rendered":"https:\/\/bridal-diamonds.com\/?post_type=product&#038;p=10336"},"modified":"2026-04-01T07:04:02","modified_gmt":"2026-04-01T07:04:02","slug":"classic-total-1-carat-20-natural-diamonds-vvs1-gold-weight-3-gram-engagement-ring-in-14k-gold-and-platinum","status":"publish","type":"product","link":"https:\/\/bridal-diamonds.com\/da\/vare\/classic-total-1-carat-20-natural-diamonds-vvs1-gold-weight-3-gram-engagement-ring-in-14k-gold-and-platinum\/","title":{"rendered":"Classic alt 1 carat 20 Naturlige Diamanter VVS1, guld v\u00e6gt 3 gram Engagement Ring i 14k Gul\/Hvid\/Rosa Guld og Platin"},"content":{"rendered":"<p>Fejre tidl\u00f8s elegance med denne <strong>Classic Alt 1 Carat 20 Naturlige Diamanter VVS1 Engagement Ring<\/strong>, mesterligt udformet for moderne romantik. Med tyve bl\u00e6ndende Naturlige diamanter med s\u00e6rlige <strong>VVS1 klarhed<\/strong>denne ring leverer bem\u00e6rkelsesv\u00e6rdige glans og brand, samtidig med at tilbyde en etisk og b\u00e6redygtigt valg til dagens bevidste k\u00f8bere.<\/p>\n<p>Med en samlet diamant v\u00e6gt <strong>1 carat<\/strong>hver pr\u00e6cist at indstille sten \u00f8ger ring sofistikerede gnistre. Den slanke, men alligevel holdbart band, vejer ca <strong>3 gram guld<\/strong>giver en behagelig pasform ideel til hverdagsbrug uden at g\u00e5 p\u00e5 kompromis med luksus. Uanset om du foretr\u00e6kker den varme gl\u00f8d <strong>14k gul guld<\/strong>det romantiske sk\u00e6r af <strong>14k gul guld<\/strong>den klassiske shine of <strong>14k white gold<\/strong>eller premium holdbarhed <strong>platinum<\/strong>dette engagement ring er designet til at passe til enhver stil.<\/p>\n<p>Perfekt som en engagement ring, et l\u00f8fte ring, eller meningsfuld jubil\u00e6um gave, denne elegante diamant band par smukt med b\u00e5de moderne og traditionelle brude-s\u00e6t. Naturlige diamanter tilbyde de samme fysiske, kemiske og optiske egenskaber som minerede diamanter\u2014p\u00e5 en bedre v\u00e6rdi og med en lavere milj\u00f8belastning.<\/p>","protected":false},"excerpt":{"rendered":"<p>\u2022 * * * Samlet diamant v\u00e6gt: 1.00 carat<br \/>\n\u2022 20 naturlige diamanter, VVS1 klarhed<br \/>\n\u2022 Ca. guld v\u00e6gt: 3 gram<br \/>\n\u2022 F\u00e5s i 14k gul, hvid, rosa guld og platin<br \/>\n\u2022 Etisk producerede og konflikt-fri<br \/>\n\u2022 Sikre indstilling, der er designet til hverdagsbrug<br \/>\n\u2022 Meget god til fremragende snit<\/p>\n<p>V\u00e6lge en ring, der kombinerer klassisk design, overlegen gnistre, og er ansvarlig luksus\u2014perfekt til fejring af livets vigtigste \u00f8jeblikke<\/p>\n<p><strong>BEM\u00c6RK:<\/strong> Samlet St\u00f8rrelse p\u00e5 20 Diamanter = 1 carat<\/p>","protected":false},"featured_media":9203,"comment_status":"open","ping_status":"closed","template":"","meta":[],"product_brand":[],"product_cat":[59],"product_tag":[],"class_list":{"0":"post-10336","1":"product","2":"type-product","3":"status-publish","4":"has-post-thumbnail","6":"product_cat-diamond-engagement-rings","8":"first","9":"instock","10":"shipping-taxable","11":"purchasable","12":"product-type-variable"},"aioseo_notices":[],"_links":{"self":[{"href":"https:\/\/bridal-diamonds.com\/da\/wp-json\/wp\/v2\/product\/10336","targetHints":{"allow":["GET"]}}],"collection":[{"href":"https:\/\/bridal-diamonds.com\/da\/wp-json\/wp\/v2\/product"}],"about":[{"href":"https:\/\/bridal-diamonds.com\/da\/wp-json\/wp\/v2\/types\/product"}],"replies":[{"embeddable":true,"href":"https:\/\/bridal-diamonds.com\/da\/wp-json\/wp\/v2\/comments?post=10336"}],"version-history":[{"count":1,"href":"https:\/\/bridal-diamonds.com\/da\/wp-json\/wp\/v2\/product\/10336\/revisions"}],"predecessor-version":[{"id":10346,"href":"https:\/\/bridal-diamonds.com\/da\/wp-json\/wp\/v2\/product\/10336\/revisions\/10346"}],"wp:featuredmedia":[{"embeddable":true,"href":"https:\/\/bridal-diamonds.com\/da\/wp-json\/wp\/v2\/media\/9203"}],"wp:attachment":[{"href":"https:\/\/bridal-diamonds.com\/da\/wp-json\/wp\/v2\/media?parent=10336"}],"wp:term":[{"taxonomy":"product_brand","embeddable":true,"href":"https:\/\/bridal-diamonds.com\/da\/wp-json\/wp\/v2\/product_brand?post=10336"},{"taxonomy":"product_cat","embeddable":true,"href":"https:\/\/bridal-diamonds.com\/da\/wp-json\/wp\/v2\/product_cat?post=10336"},{"taxonomy":"product_tag","embeddable":true,"href":"https:\/\/bridal-diamonds.com\/da\/wp-json\/wp\/v2\/product_tag?post=10336"}],"curies":[{"name":"wp","href":"https:\/\/api.w.org\/{rel}","templated":true}]}}