{"id":10329,"date":"2026-03-30T10:33:12","date_gmt":"2026-03-30T10:33:12","guid":{"rendered":"https:\/\/bridal-diamonds.com\/?post_type=product&#038;p=10329"},"modified":"2026-03-30T10:39:40","modified_gmt":"2026-03-30T10:39:40","slug":"three-stone-1-carat-total-natural-diamond-engagement-ring-in-18k-gold-and-platinum","status":"publish","type":"product","link":"https:\/\/bridal-diamonds.com\/da\/vare\/three-stone-1-carat-total-natural-diamond-engagement-ring-in-18k-gold-and-platinum\/","title":{"rendered":"Tre-Sten 1 Carat Samlede Naturlige Diamant Engagement Ring i 18K Hvid\/Gul\/Rosa Guld og Platin"},"content":{"rendered":"<p>Fejre din k\u00e6rlighedshistorie med dette elegante tre-sten 1 carat samlede Naturlige diamant engagement ring i 18K hvidguld. Designet til at symbolisere din fortid, nutid og fremtid sammen, denne tidl\u00f8se engagement ring har tre str\u00e5lende, Naturlige diamanter, der leverer fremragende glitrer og brand. Den klassiske tre-sten indstilling \u00f8ger center diamant, mens den side, sten tilf\u00f8je ekstra glans til en afbalanceret, luksuri\u00f8s look.<\/p>\n<p>Fremstillet i h\u00f8j kvalitet 18K hvidguld, denne Naturlige diamant ring byder p\u00e5 b\u00e5de holdbarhed og en lys, moderne finish, der supplerer de diamanter smukt. Naturlige diamanter er etisk skabt og milj\u00f8m\u00e6ssigt ansvarlige, som giver dig den samme fantastiske sk\u00f8nhed og h\u00e5rdhed som minerede diamanter p\u00e5 en bedre v\u00e6rdi.<\/p>\n<p>Perfekt til forslag, jubil\u00e6er, eller betydningsfulde milep\u00e6le, denne tre-sten engagement ring blander klassisk elegance med moderne b\u00e6redygtighed. Dens raffinerede design g\u00f8r den ideel til hverdagsbrug, mens de resterende sofistikeret nok til s\u00e6rlige lejligheder.<\/p>\n<p>Uanset om du s\u00f8ger efter en klassisk tre-sten engagement ring, en Naturlig diamant ring, eller 18K hvid guld engagement ring, dette stykke er designet til at imponere. G\u00f8re dit forslag uforglemmelig med en ring, der repr\u00e6senterer varig k\u00e6rlighed og fremragende h\u00e5ndv\u00e6rk.<\/p>","protected":false},"excerpt":{"rendered":"<p><strong>N\u00f8gle Funktioner<\/strong><\/p>\n<ul>\n<li>1 Carat Certificeret Naturlig Diamant<\/li>\n<li>Klassisk Fire-Bens-eller Seks-Bens-Kabale Indstilling<\/li>\n<li>Tilg\u00e6ngelig i 18K Gul Guld, Hvid Guld, Rosa Guld og Platin<\/li>\n<li>H\u00f8j-polske comfort-fit-band<\/li>\n<li>Etiske og b\u00e6redygtige valg diamant<\/li>\n<li>Perfekt engagement ring for moderne par<\/li>\n<li>Sikker indstilling designet til hverdagsbrug<\/li>\n<li>Meget god til fremragende snit<\/li>\n<\/ul>\n<p><strong>BEM\u00c6RK:<\/strong> Samlet St\u00f8rrelse p\u00e5 3 Diamanter = 1 carat<\/p>","protected":false},"featured_media":9280,"comment_status":"open","ping_status":"closed","template":"","meta":[],"product_brand":[],"product_cat":[59],"product_tag":[],"class_list":{"0":"post-10329","1":"product","2":"type-product","3":"status-publish","4":"has-post-thumbnail","6":"product_cat-diamond-engagement-rings","8":"first","9":"instock","10":"shipping-taxable","11":"purchasable","12":"product-type-variable"},"aioseo_notices":[],"_links":{"self":[{"href":"https:\/\/bridal-diamonds.com\/da\/wp-json\/wp\/v2\/product\/10329","targetHints":{"allow":["GET"]}}],"collection":[{"href":"https:\/\/bridal-diamonds.com\/da\/wp-json\/wp\/v2\/product"}],"about":[{"href":"https:\/\/bridal-diamonds.com\/da\/wp-json\/wp\/v2\/types\/product"}],"replies":[{"embeddable":true,"href":"https:\/\/bridal-diamonds.com\/da\/wp-json\/wp\/v2\/comments?post=10329"}],"version-history":[{"count":2,"href":"https:\/\/bridal-diamonds.com\/da\/wp-json\/wp\/v2\/product\/10329\/revisions"}],"predecessor-version":[{"id":10335,"href":"https:\/\/bridal-diamonds.com\/da\/wp-json\/wp\/v2\/product\/10329\/revisions\/10335"}],"wp:featuredmedia":[{"embeddable":true,"href":"https:\/\/bridal-diamonds.com\/da\/wp-json\/wp\/v2\/media\/9280"}],"wp:attachment":[{"href":"https:\/\/bridal-diamonds.com\/da\/wp-json\/wp\/v2\/media?parent=10329"}],"wp:term":[{"taxonomy":"product_brand","embeddable":true,"href":"https:\/\/bridal-diamonds.com\/da\/wp-json\/wp\/v2\/product_brand?post=10329"},{"taxonomy":"product_cat","embeddable":true,"href":"https:\/\/bridal-diamonds.com\/da\/wp-json\/wp\/v2\/product_cat?post=10329"},{"taxonomy":"product_tag","embeddable":true,"href":"https:\/\/bridal-diamonds.com\/da\/wp-json\/wp\/v2\/product_tag?post=10329"}],"curies":[{"name":"wp","href":"https:\/\/api.w.org\/{rel}","templated":true}]}}