{"id":10122,"date":"2026-03-23T12:08:49","date_gmt":"2026-03-23T12:08:49","guid":{"rendered":"https:\/\/bridal-diamonds.com\/?post_type=product&#038;p=10122"},"modified":"2026-03-23T12:39:39","modified_gmt":"2026-03-23T12:39:39","slug":"3-gram-wedding-band-for-men-women-in-14k-gold-platinum","status":"publish","type":"product","link":"https:\/\/bridal-diamonds.com\/da\/vare\/3-gram-wedding-band-for-men-women-in-14k-gold-platinum\/","title":{"rendered":"3 Gram Bryllup Band til M\u00e6nd &amp; Kvinder i 14K Gul\/Hvid\/Rose Guld &amp; Platin"},"content":{"rendered":"<p>Fejre din k\u00e6rlighed med denne elegante <strong>3 gram M\u00e6nd &amp; Kvinders vielsesring<\/strong>designet for tidl\u00f8s sk\u00f8nhed og den daglige komfort. Med sin rene og raffinerede stil, denne ring er et perfekt symbol for varigt engagement og raffinement.<\/p>\n<p>Mesterligt udformet i dit valg af <strong>14K gul guld, hvidguld eller platin<\/strong>dette bryllup band kombinerer holdbarhed med klassisk elegance. Den varme tone af guld, den moderne lysstyrken i hvide guld, og premium f\u00e6rdig af platin giver dig mulighed for at v\u00e6lge den perfekte metal der passer til din personlige stil.<\/p>\n<p>Den let 3 gram design sikrer en komfortabel pasform, der g\u00f8r det ideelt for dagligt slid uden at g\u00e5 p\u00e5 kompromis med elegance. Dens glat, poleret overflade skaber et tidl\u00f8st look, der kombinerer smukt med engagement ringe og andre smykker.<\/p>\n<p>Perfekt til bryllupper, jubil\u00e6er, eller meningsfulde anledninger, dette <strong>M\u00e6nd &amp; Kvinder ' s bryllup band<\/strong> tilbyder en balance mellem komfort, kvalitet og forfinede enkelhed.<\/p>","protected":false},"excerpt":{"rendered":"<p>Fejre din k\u00e6rlighed med denne elegante <strong>3 gram M\u00e6nd &amp; Kvinders vielsesring<\/strong>designet for tidl\u00f8s sk\u00f8nhed og den daglige komfort. Med sin rene og raffinerede stil, denne ring er et perfekt symbol for varigt engagement og raffinement.<\/p>","protected":false},"featured_media":10141,"comment_status":"open","ping_status":"closed","template":"","meta":[],"product_brand":[],"product_cat":[195,53,196],"product_tag":[],"class_list":{"0":"post-10122","1":"product","2":"type-product","3":"status-publish","4":"has-post-thumbnail","6":"product_cat-men-wedding-band","7":"product_cat-diamond-wedding-band","8":"product_cat-women","10":"first","11":"instock","12":"shipping-taxable","13":"purchasable","14":"product-type-variable"},"aioseo_notices":[],"_links":{"self":[{"href":"https:\/\/bridal-diamonds.com\/da\/wp-json\/wp\/v2\/product\/10122","targetHints":{"allow":["GET"]}}],"collection":[{"href":"https:\/\/bridal-diamonds.com\/da\/wp-json\/wp\/v2\/product"}],"about":[{"href":"https:\/\/bridal-diamonds.com\/da\/wp-json\/wp\/v2\/types\/product"}],"replies":[{"embeddable":true,"href":"https:\/\/bridal-diamonds.com\/da\/wp-json\/wp\/v2\/comments?post=10122"}],"version-history":[{"count":1,"href":"https:\/\/bridal-diamonds.com\/da\/wp-json\/wp\/v2\/product\/10122\/revisions"}],"predecessor-version":[{"id":10148,"href":"https:\/\/bridal-diamonds.com\/da\/wp-json\/wp\/v2\/product\/10122\/revisions\/10148"}],"wp:featuredmedia":[{"embeddable":true,"href":"https:\/\/bridal-diamonds.com\/da\/wp-json\/wp\/v2\/media\/10141"}],"wp:attachment":[{"href":"https:\/\/bridal-diamonds.com\/da\/wp-json\/wp\/v2\/media?parent=10122"}],"wp:term":[{"taxonomy":"product_brand","embeddable":true,"href":"https:\/\/bridal-diamonds.com\/da\/wp-json\/wp\/v2\/product_brand?post=10122"},{"taxonomy":"product_cat","embeddable":true,"href":"https:\/\/bridal-diamonds.com\/da\/wp-json\/wp\/v2\/product_cat?post=10122"},{"taxonomy":"product_tag","embeddable":true,"href":"https:\/\/bridal-diamonds.com\/da\/wp-json\/wp\/v2\/product_tag?post=10122"}],"curies":[{"name":"wp","href":"https:\/\/api.w.org\/{rel}","templated":true}]}}