{"id":10027,"date":"2026-04-06T08:37:53","date_gmt":"2026-04-06T08:37:53","guid":{"rendered":"https:\/\/bridal-diamonds.com\/?post_type=product&#038;p=10027"},"modified":"2026-04-17T18:13:30","modified_gmt":"2026-04-17T18:13:30","slug":"1-carat-lab-grown-diamond-oval-cut-solitaire-engagement-ring-in-14k-gold-platinum","status":"publish","type":"product","link":"https:\/\/bridal-diamonds.com\/da\/vare\/1-carat-lab-grown-diamond-oval-cut-solitaire-engagement-ring-in-14k-gold-platinum\/","title":{"rendered":"1 Carat Lab-Vokset Diamant Oval Cut Kabale Engagement Ring i 14K Gul\/Hvid\/Rose Guld &amp; Platin"},"content":{"rendered":"<p>Fejre din k\u00e6rlighed med denne elegante <strong>1 carat oval cut lab-vokset diamant solitaire engagement ring<\/strong>, designet til at kombinere tidl\u00f8s sk\u00f8nhed med moderne elegance. Oval cut diamant funktioner aflange facetter at \u00f8ge glans og samtidig skabe en flatterende, elegant facon p\u00e5 fingeren.<\/p>\n<p>Mesterligt udformet i <strong>14K gul guld, hvid guld, rose gold eller platin<\/strong>dette engagement ring kombinerer h\u00f8j-kvalitets materialer og med raffinerede h\u00e5ndv\u00e6rk. Den varme gl\u00f8d af guld, den slanke lysstyrken i hvide guld, den romantiske tone rosa guld, og holdbarheden af platinum giver dig mulighed for at v\u00e6lge den perfekte metal til din personlige stil.<\/p>\n<p>Den <strong>solitaire indstilling<\/strong> fremh\u00e6ver sk\u00f8nheden i center diamant, der giver maksimalt lys refleksion og glans. Hver lab-vokset diamant tilbyder de samme fysiske, kemiske og optiske egenskaber som en naturlig diamant, og samtidig sikrer en mere etisk og b\u00e6redygtigt alternativ.<\/p>\n<p>Perfekt til forslag, jubil\u00e6er, eller betydningsfulde milep\u00e6le, dette <strong>oval cut kabale engagement ring<\/strong> par smukt med bryllup bands og stacking ringe. Dens tidl\u00f8se design sikrer varig elegance, komfort, og dagligdags slitage.<\/p>","protected":false},"excerpt":{"rendered":"<p>Fejre din k\u00e6rlighed med denne elegante <strong>1 carat oval cut lab-vokset diamant solitaire engagement ring<\/strong>, designet til at kombinere tidl\u00f8s sk\u00f8nhed med moderne elegance. Oval cut diamant funktioner aflange facetter at \u00f8ge glans og samtidig skabe en flatterende, elegant facon p\u00e5 fingeren.<\/p>","protected":false},"featured_media":10034,"comment_status":"open","ping_status":"closed","template":"","meta":[],"product_brand":[],"product_cat":[59],"product_tag":[],"class_list":{"0":"post-10027","1":"product","2":"type-product","3":"status-publish","4":"has-post-thumbnail","6":"product_cat-diamond-engagement-rings","8":"first","9":"instock","10":"shipping-taxable","11":"purchasable","12":"product-type-variable"},"aioseo_notices":[],"_links":{"self":[{"href":"https:\/\/bridal-diamonds.com\/da\/wp-json\/wp\/v2\/product\/10027","targetHints":{"allow":["GET"]}}],"collection":[{"href":"https:\/\/bridal-diamonds.com\/da\/wp-json\/wp\/v2\/product"}],"about":[{"href":"https:\/\/bridal-diamonds.com\/da\/wp-json\/wp\/v2\/types\/product"}],"replies":[{"embeddable":true,"href":"https:\/\/bridal-diamonds.com\/da\/wp-json\/wp\/v2\/comments?post=10027"}],"version-history":[{"count":2,"href":"https:\/\/bridal-diamonds.com\/da\/wp-json\/wp\/v2\/product\/10027\/revisions"}],"predecessor-version":[{"id":10601,"href":"https:\/\/bridal-diamonds.com\/da\/wp-json\/wp\/v2\/product\/10027\/revisions\/10601"}],"wp:featuredmedia":[{"embeddable":true,"href":"https:\/\/bridal-diamonds.com\/da\/wp-json\/wp\/v2\/media\/10034"}],"wp:attachment":[{"href":"https:\/\/bridal-diamonds.com\/da\/wp-json\/wp\/v2\/media?parent=10027"}],"wp:term":[{"taxonomy":"product_brand","embeddable":true,"href":"https:\/\/bridal-diamonds.com\/da\/wp-json\/wp\/v2\/product_brand?post=10027"},{"taxonomy":"product_cat","embeddable":true,"href":"https:\/\/bridal-diamonds.com\/da\/wp-json\/wp\/v2\/product_cat?post=10027"},{"taxonomy":"product_tag","embeddable":true,"href":"https:\/\/bridal-diamonds.com\/da\/wp-json\/wp\/v2\/product_tag?post=10027"}],"curies":[{"name":"wp","href":"https:\/\/api.w.org\/{rel}","templated":true}]}}