{"id":9776,"date":"2026-03-11T03:50:18","date_gmt":"2026-03-11T03:50:18","guid":{"rendered":"https:\/\/bridal-diamonds.com\/?page_id=9776"},"modified":"2026-03-11T03:50:20","modified_gmt":"2026-03-11T03:50:20","slug":"lifetime-manufacturing-warranty","status":"publish","type":"page","link":"https:\/\/bridal-diamonds.com\/da\/lifetime-manufacturing-warranty\/","title":{"rendered":"Levetid Fremstilling Garanti"},"content":{"rendered":"<p>Alle Brude Diamanter smykker omfatter en <strong>levetid fremstilling garanti<\/strong>.<\/p>\n\n\n\n<p>Denne garanti d\u00e6kker alle <strong>fremstilling af defekter i materialer eller udf\u00f8relse,<\/strong> under normal slitage. Hvis en defekt opdages, vil vi reparere varen gratis.<\/p>\n\n\n\n<p>Eksempler p\u00e5 sp\u00f8rgsm\u00e5l, der er omfattet omfatter:<\/p>\n\n\n\n<ul class=\"wp-block-list\">\n<li>L\u00f8s diamanter, der er for\u00e5rsaget af fabrikationsfejl<\/li>\n\n\n\n<li>Fejl i metal h\u00e5ndv\u00e6rk<\/li>\n\n\n\n<li>Defekt h\u00e6gter eller indstillinger<\/li>\n<\/ul>\n\n\n\n<p>Hvis dine smykker kr\u00e6ver reparation p\u00e5 grund af en fabrikationsfejl problem, du skal blot kontakte vores kundeservice team for at f\u00e5 hj\u00e6lp.<\/p>\n\n\n\n<p><strong>Levetid Reng\u00f8ring Og Inspektion<\/strong><\/p>\n\n\n\n<p>For at holde dine smykker p\u00e5 udkig smuk, vi tilbyder <strong>levetid gratis reng\u00f8ring og inspektion<\/strong>.<\/p>\n\n\n\n<p>Regelm\u00e6ssige inspektioner bidrage til at sikre:<\/p>\n\n\n\n<ul class=\"wp-block-list\">\n<li>Diamanter er fast indstillet<\/li>\n\n\n\n<li>Sp\u00e6nder og indstillinger ophold st\u00e6rk<\/li>\n\n\n\n<li>Dine smykker, bevarer sin glans<\/li>\n<\/ul>\n\n\n\n<p>Vi anbefaler, at du har dine smykker inspicerede <strong>en gang om \u00e5ret<\/strong>.<\/p>\n\n\n\n<p><strong>Professionel Polering<\/strong><\/p>\n\n\n\n<p>Over tid, \u00e6dle metaller, der kan udvikle sm\u00e5 ridser fra hverdagen. Vi tilbyder <strong>professionel polering tjenester<\/strong> for at gendanne dine smykker er originale glans.<\/p>\n\n\n\n<p>Denne tjeneste hj\u00e6lper med at bevare sk\u00f8nheden i dit ring, armb\u00e5nd, halsk\u00e6de eller \u00f8reringe.<\/p>\n\n\n\n<p><strong>Ring Resizing<\/strong><\/p>\n\n\n\n<p>Hvis din ring st\u00f8rrelse \u00e6ndres, kan vi hj\u00e6lpe med <strong>professionel ring resizing<\/strong>.<\/p>\n\n\n\n<p>De fleste ringe st\u00f8rrelse kan \u00e6ndres, afh\u00e6ngigt af design og indstilling. Vores team vil guide dig gennem resizing proces for at sikre den perfekte pasform.<\/p>\n\n\n\n<p><strong>Hvad Er Ikke D\u00e6kket<\/strong><\/p>\n\n\n\n<p>Vores garanti d\u00e6kker ikke:<\/p>\n\n\n\n<ul class=\"wp-block-list\">\n<li>Normal slid og \u00e6lde<\/li>\n\n\n\n<li>Tabt center diamanter eller \u00e6delstene<\/li>\n\n\n\n<li>Skader for\u00e5rsaget af uheld, misbrug eller forkert pasning<\/li>\n\n\n\n<li>Reparationer eller \u00e6ndringer udf\u00f8rt af en anden guldsmed<\/li>\n<\/ul>\n\n\n\n<p><strong>Hvordan til at Anmode om Service<\/strong><\/p>\n\n\n\n<p>Hvis dine smykker kr\u00e6ver service:<\/p>\n\n\n\n<ol start=\"1\" class=\"wp-block-list\">\n<li>Kontakt vores support team med din <strong>bestil antal<\/strong>.<\/li>\n\n\n\n<li>Beskrive den service eller reparation er n\u00f8dvendig.<\/li>\n\n\n\n<li>Vi vil give anvisninger til sikkert at returnere dine smykker.<\/li>\n<\/ol>\n\n\n\n<p>Alle elementer, der returneres til service skal v\u00e6re forsvarligt emballeret.<\/p>\n\n\n\n<p><strong>Vores Engagement<\/strong><\/p>\n\n\n\n<p>Hvert stykke af smykker fra <strong>Bridal Diamanter<\/strong> er udformet med pr\u00e6cision og omhu. Vores garanti og levetid-tjenester sikre, at dine smykker kan nydes i mange \u00e5r fremover.<\/p>","protected":false},"excerpt":{"rendered":"<p>All Bridal Diamonds jewellery includes a lifetime manufacturing warranty. This warranty covers any manufacturing defects in materials or workmanship under<\/p>","protected":false},"author":72,"featured_media":0,"parent":0,"menu_order":0,"comment_status":"closed","ping_status":"closed","template":"","meta":{"footnotes":""},"class_list":["post-9776","page","type-page","status-publish","hentry"],"aioseo_notices":[],"_links":{"self":[{"href":"https:\/\/bridal-diamonds.com\/da\/wp-json\/wp\/v2\/pages\/9776","targetHints":{"allow":["GET"]}}],"collection":[{"href":"https:\/\/bridal-diamonds.com\/da\/wp-json\/wp\/v2\/pages"}],"about":[{"href":"https:\/\/bridal-diamonds.com\/da\/wp-json\/wp\/v2\/types\/page"}],"author":[{"embeddable":true,"href":"https:\/\/bridal-diamonds.com\/da\/wp-json\/wp\/v2\/users\/72"}],"replies":[{"embeddable":true,"href":"https:\/\/bridal-diamonds.com\/da\/wp-json\/wp\/v2\/comments?post=9776"}],"version-history":[{"count":1,"href":"https:\/\/bridal-diamonds.com\/da\/wp-json\/wp\/v2\/pages\/9776\/revisions"}],"predecessor-version":[{"id":9777,"href":"https:\/\/bridal-diamonds.com\/da\/wp-json\/wp\/v2\/pages\/9776\/revisions\/9777"}],"wp:attachment":[{"href":"https:\/\/bridal-diamonds.com\/da\/wp-json\/wp\/v2\/media?parent=9776"}],"curies":[{"name":"wp","href":"https:\/\/api.w.org\/{rel}","templated":true}]}}