{"id":9774,"date":"2026-03-11T03:46:54","date_gmt":"2026-03-11T03:46:54","guid":{"rendered":"https:\/\/bridal-diamonds.com\/?page_id=9774"},"modified":"2026-03-11T03:46:56","modified_gmt":"2026-03-11T03:46:56","slug":"payment-security","status":"publish","type":"page","link":"https:\/\/bridal-diamonds.com\/da\/payment-security\/","title":{"rendered":"Betaling &amp; Sikkerhed"},"content":{"rendered":"<p>P\u00e5 <strong>Bridal Diamanter<\/strong>, dit privatliv og din sikkerhed er vores h\u00f8jeste prioriteter. Vi bruger avancerede sikkerheds-teknologier og tillid til udbydere af betalingstjenester til at sikre, at alle transaktioner er sikre og beskyttede.<\/p>\n\n\n\n<p><strong>Sikker Online Betaling<\/strong><\/p>\n\n\n\n<p>Alle betalinger p\u00e5 vores hjemmeside, er beskyttet med <strong>SSL (Secure Socket Layer) kryptering<\/strong>, som sikrer, at din personlige og betaling oplysninger er overf\u00f8rt sikkert og beskyttet.<\/p>\n\n\n\n<p>Denne teknologi er den samme standard, som bruges af de store banker og online forhandlere over hele verden.<\/p>\n\n\n\n<p><strong>Accepterede Betalingsmetoder<\/strong><\/p>\n\n\n\n<p>Vi tilbyder en r\u00e6kke praktiske betalingsmuligheder for at g\u00f8re dit k\u00f8b enkelt og sikkert.<\/p>\n\n\n\n<p>Accepterede betalingsmetoder omfatter:<\/p>\n\n\n\n<ul class=\"wp-block-list\">\n<li><strong>Visa<\/strong><\/li>\n\n\n\n<li><strong>Mastercard<\/strong><\/li>\n\n\n\n<li><strong>American Express<\/strong><\/li>\n\n\n\n<li><strong>PayPal<\/strong><\/li>\n\n\n\n<li><strong>Apple Betaler<\/strong><\/li>\n\n\n\n<li><strong>Google Betaler<\/strong><\/li>\n<\/ul>\n\n\n\n<p>Alle betalinger behandles via tillid og sikker betaling gateways.<\/p>\n\n\n\n<p><strong>Betaling Kontrol<\/strong><\/p>\n\n\n\n<p>Af sikkerhedsm\u00e6ssige \u00e5rsager, nogle ordrer kan kr\u00e6ve yderligere kontrol. Denne proces hj\u00e6lper med til at beskytte vores kunder mod svigagtige transaktioner og sikrer, at sikkerheden for hvert k\u00f8b.<\/p>\n\n\n\n<p>Hvis en bekr\u00e6ftelse er p\u00e5kr\u00e6vet, vores team vil kontakte dig hurtigst muligt for at fuldf\u00f8re ordren.<\/p>\n\n\n\n<p><strong>Valuta &amp; Priser<\/strong><\/p>\n\n\n\n<p>Alle priser, der vises p\u00e5 vores hjemmeside, er vist i den valgte valuta. De endelige omkostninger, kan variere lidt afh\u00e6ngigt af din banks valutakurser eller international transaktion gebyrer.<\/p>\n\n\n\n<p><strong>Ordrebekr\u00e6ftelse<\/strong><\/p>\n\n\n\n<p>Efter at have afsluttet dit k\u00f8b, vil du modtage en <strong>ordrebekr\u00e6ftelses-e-mailen<\/strong> indeholder:<\/p>\n\n\n\n<ul class=\"wp-block-list\">\n<li>Bestil antal<\/li>\n\n\n\n<li>For oversigt<\/li>\n\n\n\n<li>Bekr\u00e6ftelse af betaling<\/li>\n\n\n\n<li>Forsendelse detaljer<\/li>\n<\/ul>\n\n\n\n<p>Hvis du ikke modtager denne e-mail, bedes du tjekke din spam-folder eller kontakt vores support team.<\/p>\n\n\n\n<p><strong>Beskyttelse Af Privatlivets Fred<\/strong><\/p>\n\n\n\n<p>Dine personlige oplysninger forbliver strengt fortrolige. Bridal Diamanter g\u00f8r <strong>ikke s\u00e6lge, bytte eller udveksle kundeoplysninger<\/strong> med tredjeparter.<\/p>\n\n\n\n<p>Dine data bruges kun til at ekspedere ordrer og forbedre din shopping oplevelse.<\/p>\n\n\n\n<p><strong>Beskyttelse Mod Svindel<\/strong><\/p>\n\n\n\n<p>For at sikre den h\u00f8jeste grad af sikkerhed, overv\u00e5ger vi alle transaktioner for mist\u00e6nkelig aktivitet. Ordrer markeret af vores security system kan kr\u00e6ve yderligere bekr\u00e6ftelse, f\u00f8r forsendelse.<\/p>\n\n\n\n<p><strong>Safe &amp; Tillid Til Shopping<\/strong><\/p>\n\n\n\n<p>N\u00e5r du handler med <strong>Bridal Diamanter<\/strong>, kan du v\u00e6re sikker p\u00e5, at din ordre er beskyttet af branchens f\u00f8rende sikkerheds-standarder.<\/p>","protected":false},"excerpt":{"rendered":"<p>At Bridal Diamonds, your privacy and security are our highest priorities. We use advanced security technologies and trusted payment providers<\/p>","protected":false},"author":72,"featured_media":0,"parent":0,"menu_order":0,"comment_status":"closed","ping_status":"closed","template":"","meta":{"footnotes":""},"class_list":["post-9774","page","type-page","status-publish","hentry"],"aioseo_notices":[],"_links":{"self":[{"href":"https:\/\/bridal-diamonds.com\/da\/wp-json\/wp\/v2\/pages\/9774","targetHints":{"allow":["GET"]}}],"collection":[{"href":"https:\/\/bridal-diamonds.com\/da\/wp-json\/wp\/v2\/pages"}],"about":[{"href":"https:\/\/bridal-diamonds.com\/da\/wp-json\/wp\/v2\/types\/page"}],"author":[{"embeddable":true,"href":"https:\/\/bridal-diamonds.com\/da\/wp-json\/wp\/v2\/users\/72"}],"replies":[{"embeddable":true,"href":"https:\/\/bridal-diamonds.com\/da\/wp-json\/wp\/v2\/comments?post=9774"}],"version-history":[{"count":1,"href":"https:\/\/bridal-diamonds.com\/da\/wp-json\/wp\/v2\/pages\/9774\/revisions"}],"predecessor-version":[{"id":9775,"href":"https:\/\/bridal-diamonds.com\/da\/wp-json\/wp\/v2\/pages\/9774\/revisions\/9775"}],"wp:attachment":[{"href":"https:\/\/bridal-diamonds.com\/da\/wp-json\/wp\/v2\/media?parent=9774"}],"curies":[{"name":"wp","href":"https:\/\/api.w.org\/{rel}","templated":true}]}}