{"id":9772,"date":"2026-03-11T03:44:56","date_gmt":"2026-03-11T03:44:56","guid":{"rendered":"https:\/\/bridal-diamonds.com\/?page_id=9772"},"modified":"2026-03-11T03:44:57","modified_gmt":"2026-03-11T03:44:57","slug":"returns-exchanges-policy","status":"publish","type":"page","link":"https:\/\/bridal-diamonds.com\/da\/returns-exchanges-policy\/","title":{"rendered":"Retur &amp; Ombytning Politik"},"content":{"rendered":"<p>P\u00e5 <strong>Bridal Diamanter<\/strong>vi \u00f8nsker dig til at f\u00f8le dig helt sikker med dit k\u00f8b. Hvis en eller anden grund du ikke er tilfreds, kan vi tilbyde en enkel og gennemskuelig vende tilbage og udveksling.<\/p>\n\n\n\n<p><strong>30 Dages Returret<\/strong><\/p>\n\n\n\n<p>Du kan returnere dine smykker, inden <strong>30 dage for levering<\/strong> for en refusion eller ombytning.<\/p>\n\n\n\n<p>For at kvalificere sig til at vende tilbage:<\/p>\n\n\n\n<ul class=\"wp-block-list\">\n<li>Varen skal v\u00e6re <strong>ubrugte og i original stand<\/strong><\/li>\n\n\n\n<li>Alle <strong>originale emballage, certifikater og dokumentation<\/strong> skal v\u00e6re inkluderet i prisen<\/li>\n\n\n\n<li>Varen m\u00e5 ikke vise tegn p\u00e5 slid eller beskadigelse,<\/li>\n<\/ul>\n\n\n\n<p>Returvarer, som ikke opfylder disse betingelser ikke kan accepteres.<\/p>\n\n\n\n<p><strong>Ikke Muligt At Returnere Varer<\/strong><\/p>\n\n\n\n<p>Visse varer kan ikke returneres p\u00e5 grund af deres tilpassede natur:<\/p>\n\n\n\n<ul class=\"wp-block-list\">\n<li><strong>Graverede smykker<\/strong><\/li>\n\n\n\n<li><strong>Specialfremstillede eller tilpassede stykker<\/strong><\/li>\n\n\n\n<li><strong>S\u00e6rligt for design<\/strong><\/li>\n<\/ul>\n\n\n\n<p>Disse poster er endelige salg, medmindre der er en fabrikationsfejl.<\/p>\n\n\n\n<p><strong>Udveksling<\/strong><\/p>\n\n\n\n<p>Hvis du gerne vil bytte din vare til en anden st\u00f8rrelse, metal type eller design, vi er glade for at hj\u00e6lpe.<\/p>\n\n\n\n<p>Du kan anmode om en udveksling inden for <strong>30 dage efter modtagelse af din ordre<\/strong>. Vores team vil guide dig gennem udveksling processen.<\/p>\n\n\n\n<p>Prisforskelle kan forekomme afh\u00e6ngigt af det nye element, der er valgt.<\/p>\n\n\n\n<p><strong>Hvordan til at Starte en Tilbagevenden<\/strong><\/p>\n\n\n\n<p>At indlede en tilbagevenden:<\/p>\n\n\n\n<ol start=\"1\" class=\"wp-block-list\">\n<li>Kontakt vores kunde support team.<\/li>\n\n\n\n<li>Give din <strong>ordre nummer og \u00e5rsagen til returneringen<\/strong>.<\/li>\n\n\n\n<li>Vi vil give anvisninger til sikkert at returnere din vare.<\/li>\n<\/ol>\n\n\n\n<p>Send venligst ikke varer retur uden at kontakte os f\u00f8rst.<\/p>\n\n\n\n<p><strong>Sikker Tilbagevenden Shipping<\/strong><\/p>\n\n\n\n<p>Til din beskyttelse, anbefaler vi vender tilbage smykker ved hj\u00e6lp af en <strong>sporbar og forsikret forsendelse service<\/strong>. Bridal Diamanter er ikke ansvarlig for varer, der g\u00e5r tabt eller beskadiges under returforsendelse.<\/p>\n\n\n\n<p><strong>Tilbagebetaling<\/strong><\/p>\n\n\n\n<p>N\u00e5r dit afkast er modtaget, og inspiceret:<\/p>\n\n\n\n<ul class=\"wp-block-list\">\n<li>Restitutioner vil blive behandlet til det <strong>oprindelige betalingsmetode<\/strong><\/li>\n\n\n\n<li>Tillad <strong>5-10 hverdage<\/strong> for refusionen vises p\u00e5 din konto<\/li>\n<\/ul>\n\n\n\n<p>Shipping gebyrer (hvis relevant) er ikke-refunderbart.<\/p>\n\n\n\n<p><strong>Beskadigede eller Forkerte Varer<\/strong><\/p>\n\n\n\n<p>Hvis din ordre ankommer beskadiget eller modtager du en forkert vare, bedes du kontakte os inden for <strong>48 timers levering<\/strong>. Vil vi l\u00f8se problemet s\u00e5 hurtigt som muligt.<\/p>\n\n\n\n<p><strong>Brug For Hj\u00e6lp?<\/strong><\/p>\n\n\n\n<p>Vores kundeservice er altid glade for at hj\u00e6lpe med returnering, ombytning, eller et produkt sp\u00f8rgsm\u00e5l.<\/p>","protected":false},"excerpt":{"rendered":"<p>At Bridal Diamonds, we want you to feel completely confident with your purchase. If for any reason you are not<\/p>","protected":false},"author":72,"featured_media":0,"parent":0,"menu_order":0,"comment_status":"closed","ping_status":"closed","template":"","meta":{"footnotes":""},"class_list":["post-9772","page","type-page","status-publish","hentry"],"aioseo_notices":[],"_links":{"self":[{"href":"https:\/\/bridal-diamonds.com\/da\/wp-json\/wp\/v2\/pages\/9772","targetHints":{"allow":["GET"]}}],"collection":[{"href":"https:\/\/bridal-diamonds.com\/da\/wp-json\/wp\/v2\/pages"}],"about":[{"href":"https:\/\/bridal-diamonds.com\/da\/wp-json\/wp\/v2\/types\/page"}],"author":[{"embeddable":true,"href":"https:\/\/bridal-diamonds.com\/da\/wp-json\/wp\/v2\/users\/72"}],"replies":[{"embeddable":true,"href":"https:\/\/bridal-diamonds.com\/da\/wp-json\/wp\/v2\/comments?post=9772"}],"version-history":[{"count":1,"href":"https:\/\/bridal-diamonds.com\/da\/wp-json\/wp\/v2\/pages\/9772\/revisions"}],"predecessor-version":[{"id":9773,"href":"https:\/\/bridal-diamonds.com\/da\/wp-json\/wp\/v2\/pages\/9772\/revisions\/9773"}],"wp:attachment":[{"href":"https:\/\/bridal-diamonds.com\/da\/wp-json\/wp\/v2\/media?parent=9772"}],"curies":[{"name":"wp","href":"https:\/\/api.w.org\/{rel}","templated":true}]}}