{"id":9770,"date":"2026-03-11T03:37:45","date_gmt":"2026-03-11T03:37:45","guid":{"rendered":"https:\/\/bridal-diamonds.com\/?page_id=9770"},"modified":"2026-03-11T03:42:08","modified_gmt":"2026-03-11T03:42:08","slug":"shipping-information","status":"publish","type":"page","link":"https:\/\/bridal-diamonds.com\/da\/shipping-information\/","title":{"rendered":"Forsendelsesoplysninger"},"content":{"rendered":"<p>P\u00e5 <strong>Bridal Diamanter<\/strong>vi forst\u00e5r at dine smykker er v\u00e6rdifulde og meningsfulde. Det er derfor enhver ordre er omhyggeligt forberedt, forsvarligt emballeret, og fuldt forsikret under transporten.<\/p>\n\n\n\n<p><strong>Behandling Tid<\/strong><\/p>\n\n\n\n<p>Alle vores diamantsmykker, som er omhyggeligt kontrolleret og forberedt f\u00f8r forsendelse.<\/p>\n\n\n\n<ul class=\"wp-block-list\">\n<li><strong>Klar-til-skib elementer:<\/strong> Afsendes inden <strong>1-7 hverdage<\/strong><\/li>\n\n\n\n<li><strong>Made-to-order elementer:<\/strong> Tillad <strong>7-14 hverdage<\/strong> for produktion f\u00f8r forsendelse<\/li>\n\n\n\n<li>Ordrer, der er afgivet i weekenden eller p\u00e5 helligdage, vil blive behandlet den n\u00e6ste arbejdsdag.<\/li>\n<\/ul>\n\n\n\n<p>N\u00e5r din ordre er blevet afsendt, vil du modtage en <strong>bekr\u00e6ftelses e-mail med tracking oplysninger<\/strong>.<\/p>\n\n\n\n<p><strong>Gratis Forsikret Forsendelse<\/strong><\/p>\n\n\n\n<p>Vi tilbyder <strong>gratis forsikret forsendelse<\/strong> p\u00e5 alle ordrer.<\/p>\n\n\n\n<p>Hver eneste pakke, der er:<\/p>\n\n\n\n<ul class=\"wp-block-list\">\n<li>Fuldt <strong>forsikrede under forsendelsen<\/strong><\/li>\n\n\n\n<li><strong>Forsvarligt pakket<\/strong> for beskyttelse<\/li>\n\n\n\n<li>Leveres i <strong>diskret forsendelse.<\/strong> for privatlivets fred<\/li>\n\n\n\n<li>Kr\u00e6ver <strong>underskrift ved levering<\/strong><\/li>\n<\/ul>\n\n\n\n<p><strong>Leveringstid<\/strong><\/p>\n\n\n\n<p>Ansl\u00e5ede leveringstider efter forsendelse:<\/p>\n\n\n\n<ul class=\"wp-block-list\">\n<li><strong>Danmark &amp; EU:<\/strong> 2-5 arbejdsdage<\/li>\n\n\n\n<li><strong>Det Forenede Kongerige:<\/strong> 3-6 hverdage<\/li>\n\n\n\n<li><strong>Usa &amp; Canada:<\/strong> 3-7 arbejdsdage<\/li>\n\n\n\n<li><strong>Internationale:<\/strong> 4-10 arbejdsdage<\/li>\n<\/ul>\n\n\n\n<p>Leveringstider kan variere, afh\u00e6ngigt af toldprocedurer eller lokal kurer service.<\/p>\n\n\n\n<p><strong>Betroede Kur\u00e9r<\/strong><\/p>\n\n\n\n<p>Vi skib ved hj\u00e6lp af p\u00e5lidelige internationale luftfartsselskaber, s\u00e5som:<\/p>\n\n\n\n<ul class=\"wp-block-list\">\n<li>DHL Express<\/li>\n\n\n\n<li>FedEx<\/li>\n\n\n\n<li>UPS<\/li>\n\n\n\n<li>Post Nord \/ Dao<\/li>\n<\/ul>\n\n\n\n<p>Dette sikrer, <strong>hurtig, sikker, og sporbar levering<\/strong> p\u00e5 verdensplan.<\/p>\n\n\n\n<p><strong>Told &amp; Afgifter<\/strong><\/p>\n\n\n\n<p>For internationale ordrer uden for EU:<\/p>\n\n\n\n<ul class=\"wp-block-list\">\n<li>Told eller afgifter, kan anvende afh\u00e6ngigt af dit land.<\/li>\n\n\n\n<li>Disse afgifter er bestemt af din lokale toldmyndighed, og det p\u00e5hviler kunden.<\/li>\n<\/ul>\n\n\n\n<p><strong>Sikker Emballage<\/strong><\/p>\n\n\n\n<p>Alle smykker leveres i <strong>luksus smykkeskrin<\/strong> designet til at beskytte din vare under forsendelse. Pakker er forseglet og beskyttet for at sikre, at dit k\u00f8b kommer sikkert frem.<\/p>\n\n\n\n<p><strong>Shipping Adresse<\/strong><\/p>\n\n\n\n<p>Du bedes sikre, at din leveringsadresse er korrekt ved kassen. N\u00e5r en ordre er blevet afsendt, kan vi ikke v\u00e6re i stand til at \u00e6ndre leveringsadressen.<\/p>\n\n\n\n<p><strong>Sp\u00f8rgsm\u00e5l Om Fragt<\/strong><\/p>\n\n\n\n<p>Hvis du har nogen sp\u00f8rgsm\u00e5l vedr\u00f8rende forsendelse eller levering, er vores support team er glade for at hj\u00e6lpe.<\/p>","protected":false},"excerpt":{"rendered":"<p>At Bridal Diamonds, we understand that your jewellery is valuable and meaningful. That\u2019s why every order is carefully prepared, securely<\/p>","protected":false},"author":72,"featured_media":0,"parent":0,"menu_order":0,"comment_status":"closed","ping_status":"closed","template":"","meta":{"footnotes":""},"class_list":["post-9770","page","type-page","status-publish","hentry"],"aioseo_notices":[],"_links":{"self":[{"href":"https:\/\/bridal-diamonds.com\/da\/wp-json\/wp\/v2\/pages\/9770","targetHints":{"allow":["GET"]}}],"collection":[{"href":"https:\/\/bridal-diamonds.com\/da\/wp-json\/wp\/v2\/pages"}],"about":[{"href":"https:\/\/bridal-diamonds.com\/da\/wp-json\/wp\/v2\/types\/page"}],"author":[{"embeddable":true,"href":"https:\/\/bridal-diamonds.com\/da\/wp-json\/wp\/v2\/users\/72"}],"replies":[{"embeddable":true,"href":"https:\/\/bridal-diamonds.com\/da\/wp-json\/wp\/v2\/comments?post=9770"}],"version-history":[{"count":1,"href":"https:\/\/bridal-diamonds.com\/da\/wp-json\/wp\/v2\/pages\/9770\/revisions"}],"predecessor-version":[{"id":9771,"href":"https:\/\/bridal-diamonds.com\/da\/wp-json\/wp\/v2\/pages\/9770\/revisions\/9771"}],"wp:attachment":[{"href":"https:\/\/bridal-diamonds.com\/da\/wp-json\/wp\/v2\/media?parent=9770"}],"curies":[{"name":"wp","href":"https:\/\/api.w.org\/{rel}","templated":true}]}}