{"id":8688,"date":"2022-10-19T03:03:35","date_gmt":"2022-10-19T03:03:35","guid":{"rendered":"https:\/\/bridal-diamonds.com\/?page_id=8688"},"modified":"2022-10-19T03:03:37","modified_gmt":"2022-10-19T03:03:37","slug":"privacy-policy-2","status":"publish","type":"page","link":"https:\/\/bridal-diamonds.com\/da\/privacy-policy-2\/","title":{"rendered":"Privacy Policy"},"content":{"rendered":"<p>Bridal Diamanter, (\"Bridal Diamanter\", \"vi\" eller \"os\") bruger cookies og lignende tracking-teknologier p\u00e5 Bridal Diamonds.com (og relaterede websteder), Bridal Diamanter-m\u00e6rkevarer programmer for de tilsluttede enheder (\"apps\"), og den Brudesuite Diamanter integrerbare videoafspiller. Ved brug af vores hjemmesider, apps, eller video-afspiller, er du samtykke til anbringelsen og brug af cookies og lignende teknologier p\u00e5 din enhed. Denne Cookie Politik udg\u00f8r en del af Brude Diamanter Privacy Policy.<\/p>\n\n\n\n<p><strong>Cookie Grundl\u00e6ggende<\/strong><br>En cookie er en lille tekstfil, der lagres i din web-browser, der giver Brude Diamanter eller en tredje part til at genkende dig ved hj\u00e6lp af en unik identifikator.<\/p>\n\n\n\n<p>Hvem s\u00e6tter dem: for det F\u00f8rste-parts cookies, der er sat af Brude Diamanter. Tredjeparts-cookies, der er sat af andre firmaer end Brude Diamanter, s\u00e5som analytics-udbydere og annonc\u00f8rer.<\/p>\n\n\n\n<p><strong>Hvad de g\u00f8r:<\/strong> \"V\u00e6sentlige\" cookies g\u00f8r det muligt for tjenester, vi tilbyder. \"Ikke-v\u00e6sentlige\" cookies hj\u00e6lper os med at forst\u00e5, hvordan vores tjenester bruges (dvs, analytics), og levere reklamer. Nogle cookies kan spore dig p\u00e5 tv\u00e6rs af flere websteder, som du bes\u00f8ger (herunder dem, der ikke drives af os) til at hj\u00e6lpe med at levere reklamer, som kan v\u00e6re relevante for dig.<\/p>\n\n\n\n<p><strong>Hvor l\u00e6nge de sidste:<\/strong> Cookies kan enten v\u00e6re \"session\" eller \"vedvarende.\" En session cookie udl\u00f8ber (dvs, er slettet), n\u00e5r du lukker din browser. En persistent cookie forbliver, indtil den udl\u00f8ber eller du kan slette cookies via dine browser-indstillinger. Udl\u00f8bsdatoen er angivet i de cookies, der er sig selv og kan variere i l\u00e6ngde, afh\u00e6ngig af form\u00e5let med cookie.<\/p>\n\n\n\n<p><strong>Cookies Findes p\u00e5 Bridal Diamanter Service<\/strong><br>Vi bruger alle typer af cookies i vores web-baserede tjenester.<br>Bridal Diamanter websites: N\u00e5r du bes\u00f8ger en Brude Diamanter hjemmeside, Bridal Diamanter og tredjeparter kan s\u00e6tte cookies i din browser. Bridal Diamanter s\u00e6t vigtige cookies til at aktivere bestemte funktioner og huske dine pr\u00e6ferencer. For eksempel, cookies holde dig logget ind, giver dig mulighed for at k\u00f8be varer, og vedligeholde dit sprog og lydstyrke. Tredjemand oprette cookies for b\u00e5de essentielle og ikke-essentielle form\u00e5l, herunder analytics (fx Google Analytics) og reklamer (fx Google DoubleClick for Publishers).<\/p>\n\n\n\n<p><strong>Bridal Diamanter video-afspiller:<\/strong> Bridal Diamanter integrerbare videoafspiller bruger f\u00f8rste-parts cookies, som vi anser for helt afg\u00f8rende, at den video player oplevelse. Vi g\u00f8r ikke brug af tredjeparts-analytics-eller reklame-cookies, n\u00e5r vores video vises p\u00e5 en tredjeparts hjemmeside. Bem\u00e6rk venligst, at en tredje-parts website kan placere cookies p\u00e5 sin egen. Vi har ikke kontrol over tredjepartswebsteder eller-cookies de s\u00e6tter.<\/p>\n\n\n\n<p><strong>At \u00c6ndre Dine Cookie-Indstillinger<\/strong><br>Du kan begr\u00e6nse cookies, der er indstillet i din browser, ved at tage de skridt, der er beskrevet nedenfor. Bem\u00e6rk at afvise cookies, kan det p\u00e5virke din evne til at bruge vores tjenester.<br>Browser-indstillinger: Du kan \u00e6ndre dine browser-indstillinger til at slette cookies, der allerede er blevet indstillet, og til at afvise cookies. For at l\u00e6re mere, kan du bes\u00f8ge hj\u00e6lpesiderne i din browser:<br>\u2022 Firefox<br>\u2022 Krom<br>\u2022 Safari<br>\u2022 Microsoft Kant<br>\u2022 Internet Explorer<br>Du kan ogs\u00e5 bes\u00f8ge vores websteder i din browser ' s \"private\" eller \"inkognito\" tilstand, i hvilket tilf\u00e6lde cookies vil blive fastsat, men slettes, n\u00e5r du lukker browseren.<\/p>\n\n\n\n<p><strong>Opt-out (EU-brugere):<\/strong> Brugere fra EU kan frav\u00e6lge ikke-v\u00e6sentlige cookies, ved at v\u00e6lge indstillingen nedenfor eller ved at \u00e6ndre deres cookie-indstillinger i deres konto indstillinger (registrerede brugere). Ved fravalg, vi vil, i det omfang det er muligt, slette enhver ikke-v\u00e6sentlige f\u00f8rste-parts cookies i din browser og kan huske dine cookie-pr\u00e6ferencer til dine n\u00e6ste bes\u00f8g. Gennemg\u00e5 venligst dine browser-indstillinger for at fjerne cookies fra tredjemand.<br>Third party advertising opt-outs: Certain third parties provide ways to opt out of advertising cookies across multiple sites. You can learn more by visiting the sites of the Network Advertising Initiative (https:\/\/optout.networkadvertising.org) or the Digital Advertising Alliance (https:\/\/www.aboutads.info). In addition, there are third party plug-ins and apps that help manage cookies.<\/p>\n\n\n\n<p>Google cookies: Google provides ways to manage or opt out certain of its advertising cookies (https:\/\/adssettings.google.com) and analytics cookies (https:\/\/tools.google.com\/dlpage\/gaoptout). You may read Google\u2019s Privacy Policy at https:\/\/policies.google.com\/privacy.<\/p>\n\n\n\n<p><strong>Lignende Teknologier<\/strong><br>Vi bruger teknologier, der ligner cookies til at spore brugerens aktiviteter og pr\u00e6ferencer. For eksempel, vi kan bruge web beacons (sm\u00e5 grafikbilleder med et entydigt id, der er integreret p\u00e5 websider eller e-mails) til at spore dine aktiviteter og kommunikere med cookies. Du kan ikke frav\u00e6lge web-beacons, der bruges p\u00e5 websider, men du kan begr\u00e6nse deres brug af muligheden for fravalg af cookies, de interagerer med. Du kan frav\u00e6lge web-beacons, der bruges i e-mails ved at s\u00e6tte din e-mail-klient til at g\u00f8re e-mails i tekst-tilstand.<\/p>\n\n\n\n<p><strong>Mobil-Apps<\/strong><br>Vores apps (fx, til iOS, fjernsyn OS, Android, og Roku) bruger ikke cookies, men kan bruge tracking teknologi til at, for eksempel, skal du godkende at du som registreret bruger, giver dig mulighed for at bruge den app ' ens funktioner, og hj\u00e6lpe os med at forst\u00e5, hvordan vores programmer bliver brugt. Du kan ikke frav\u00e6lge disse mobile tracking-teknologier, men du kan slette dine apps, og brug web-versioner af vores tjenester i stedet.<\/p>","protected":false},"excerpt":{"rendered":"<p>Bridal Diamonds, (&#8220;Bridal Diamonds&#8221;, &#8220;we&#8221;, or &#8220;us&#8221;) uses cookies and similar tracking technologies on Bridal Diamonds.com (and related sites), Bridal<\/p>","protected":false},"author":1,"featured_media":0,"parent":0,"menu_order":0,"comment_status":"closed","ping_status":"closed","template":"","meta":{"footnotes":""},"class_list":["post-8688","page","type-page","status-publish","hentry"],"aioseo_notices":[],"_links":{"self":[{"href":"https:\/\/bridal-diamonds.com\/da\/wp-json\/wp\/v2\/pages\/8688","targetHints":{"allow":["GET"]}}],"collection":[{"href":"https:\/\/bridal-diamonds.com\/da\/wp-json\/wp\/v2\/pages"}],"about":[{"href":"https:\/\/bridal-diamonds.com\/da\/wp-json\/wp\/v2\/types\/page"}],"author":[{"embeddable":true,"href":"https:\/\/bridal-diamonds.com\/da\/wp-json\/wp\/v2\/users\/1"}],"replies":[{"embeddable":true,"href":"https:\/\/bridal-diamonds.com\/da\/wp-json\/wp\/v2\/comments?post=8688"}],"version-history":[{"count":1,"href":"https:\/\/bridal-diamonds.com\/da\/wp-json\/wp\/v2\/pages\/8688\/revisions"}],"predecessor-version":[{"id":8689,"href":"https:\/\/bridal-diamonds.com\/da\/wp-json\/wp\/v2\/pages\/8688\/revisions\/8689"}],"wp:attachment":[{"href":"https:\/\/bridal-diamonds.com\/da\/wp-json\/wp\/v2\/media?parent=8688"}],"curies":[{"name":"wp","href":"https:\/\/api.w.org\/{rel}","templated":true}]}}